{"id":96006,"date":"2020-12-16T21:07:04","date_gmt":"2020-12-16T20:07:04","guid":{"rendered":"https:\/\/drone-parts-center.com\/produit\/tbs-tbs-crossfire-immortal-t-antenne-v2-erweitert\/"},"modified":"2025-07-26T23:07:39","modified_gmt":"2025-07-26T21:07:39","slug":"tbs-tbs-crossfire-immortal-t-antenne-v2-erweitert","status":"publish","type":"product","link":"https:\/\/drone-parts-center.com\/de\/produkt\/tbs-tbs-crossfire-immortal-t-antenne-v2-erweitert\/","title":{"rendered":"TBS - TBS Crossfire immortal T Antenne v2 - erweitert"},"content":{"rendered":"<h3>DIE TBS IMMORTAL T V2 EXTENDED!<\/h3>\n<p>Mit verbesserter Signalempfindlichkeit und Haltbarkeit ist die erweiterte Immortal T-Antenne der ideale Begleiter f\u00fcr Langstreckenpiloten.<\/p>\n<p>Das Geh\u00e4use des Herzst\u00fccks besteht aus einem gummierten Kunststoff, der einen gewissen Grad an Biegung zul\u00e4sst, um Sch\u00e4den durch Kollisionen weiter zu minimieren. Das Federelement aus Stahl tr\u00e4gt noch immer die gleiche Unsterblichkeit der V1, die sich gegen Propellerschl\u00e4ge und unsachgem\u00e4\u00dfe Montage sch\u00fctzt. Eine zus\u00e4tzliche Einstellung des mittleren Elements sorgt f\u00fcr eine bessere Abdeckung und Reichweite.   Die verl\u00e4ngerte Version hat ein 120 mm langes Kabel, ideal f\u00fcr gro\u00dfe Flugzeuge wie die TBS Caipirinha 2, oder f\u00fcr Langstreckenflugzeuge, die zus\u00e4tzlichen Freiraum ben\u00f6tigen!<\/p>\n<h2><strong>CHARAKTEREIGENSCHAFTEN<\/strong><\/h2>\n<ul>\n<li><strong>Gewicht:<\/strong> 3,7 g<\/li>\n<li><strong>Breite:<\/strong> 15cm<\/li>\n<li><strong>Kabell\u00e4nge:<\/strong> 120 mm<\/li>\n<li><strong>Anschluss:<\/strong> u.FL \/ IPX<\/li>\n<\/ul>\n","protected":false},"excerpt":{"rendered":"<p>Die TBS Crossfire Immortal T V2 Extended Antenne sorgt f\u00fcr eine starke Verbindung. Optimiert f\u00fcr TBS Crossfire-Systeme, bietet es eine erweiterte Reichweite und zuverl\u00e4ssigen Empfang f\u00fcr FPV-Langstreckenfl\u00fcge mit Zuversicht. <\/p>\n","protected":false},"featured_media":97725,"comment_status":"open","ping_status":"closed","template":"","meta":{"_seopress_robots_primary_cat":"","_seopress_titles_title":"TBS Immortal T V2 Antenne: Reichweite und Robustheit","_seopress_titles_desc":"Genie\u00dfen Sie eine unglaubliche Reichweite mit der TBS Immortal T V2 Extended Antenne, ideal f\u00fcr den TBS Caipirinha 2! Optimiertes Signal, maximale Haltbarkeit! ","_seopress_robots_index":"yes"},"product_brand":[19420],"product_cat":[],"product_tag":[15700],"class_list":{"0":"post-96006","1":"product","2":"type-product","3":"status-publish","4":"has-post-thumbnail","6":"product_brand-tbs","7":"product_tag-tbs-de-2","9":"first","10":"outofstock","11":"sale","12":"taxable","13":"shipping-taxable","14":"purchasable","15":"product-type-simple"},"_links":{"self":[{"href":"https:\/\/drone-parts-center.com\/de\/wp-json\/wp\/v2\/product\/96006","targetHints":{"allow":["GET"]}}],"collection":[{"href":"https:\/\/drone-parts-center.com\/de\/wp-json\/wp\/v2\/product"}],"about":[{"href":"https:\/\/drone-parts-center.com\/de\/wp-json\/wp\/v2\/types\/product"}],"replies":[{"embeddable":true,"href":"https:\/\/drone-parts-center.com\/de\/wp-json\/wp\/v2\/comments?post=96006"}],"wp:featuredmedia":[{"embeddable":true,"href":"https:\/\/drone-parts-center.com\/de\/wp-json\/wp\/v2\/media\/97725"}],"wp:attachment":[{"href":"https:\/\/drone-parts-center.com\/de\/wp-json\/wp\/v2\/media?parent=96006"}],"wp:term":[{"taxonomy":"product_brand","embeddable":true,"href":"https:\/\/drone-parts-center.com\/de\/wp-json\/wp\/v2\/product_brand?post=96006"},{"taxonomy":"product_cat","embeddable":true,"href":"https:\/\/drone-parts-center.com\/de\/wp-json\/wp\/v2\/product_cat?post=96006"},{"taxonomy":"product_tag","embeddable":true,"href":"https:\/\/drone-parts-center.com\/de\/wp-json\/wp\/v2\/product_tag?post=96006"}],"curies":[{"name":"wp","href":"https:\/\/api.w.org\/{rel}","templated":true}]}}