{"id":96004,"date":"2020-12-16T21:16:46","date_gmt":"2020-12-16T20:16:46","guid":{"rendered":"https:\/\/drone-parts-center.com\/produit\/tbs-tbs-crossfire-micro-rx-antenne\/"},"modified":"2025-07-26T23:06:41","modified_gmt":"2025-07-26T21:06:41","slug":"tbs-tbs-crossfire-micro-rx-antenne","status":"publish","type":"product","link":"https:\/\/drone-parts-center.com\/de\/produkt\/tbs-tbs-crossfire-micro-rx-antenne\/","title":{"rendered":"TBS - TBS Crossfire Micro RX Antenne"},"content":{"rendered":"<p>TBS Crossfire Antennen-Ersatzmikrofon. Die Snap-in-Installation erm\u00f6glicht einen schnellen Austausch vor Ort. <\/p>\n","protected":false},"excerpt":{"rendered":"<p>Die TBS Crossfire Micro RX Antenne bietet zuverl\u00e4ssige Konnektivit\u00e4t. Konzipiert f\u00fcr TBS Crossfire-Empf\u00e4nger, sorgt es f\u00fcr optimalen Empfang bei FPV-Langstreckenfl\u00fcgen ohne St\u00f6rungen. <\/p>\n","protected":false},"featured_media":97727,"comment_status":"open","ping_status":"closed","template":"","meta":{"_seopress_robots_primary_cat":"","_seopress_titles_title":"TBS Crossfire Micro Antenne, einfacher Austausch","_seopress_titles_desc":"Ersetzen Sie Ihre TBS Crossfire Micro RX Antenne einfach auf dem Feld durch eine schnelle Klick-Installation.","_seopress_robots_index":"yes"},"product_brand":[19420],"product_cat":[],"product_tag":[15700],"class_list":{"0":"post-96004","1":"product","2":"type-product","3":"status-publish","4":"has-post-thumbnail","6":"product_brand-tbs","7":"product_tag-tbs-de-2","9":"first","10":"outofstock","11":"sale","12":"taxable","13":"shipping-taxable","14":"purchasable","15":"product-type-simple"},"_links":{"self":[{"href":"https:\/\/drone-parts-center.com\/de\/wp-json\/wp\/v2\/product\/96004","targetHints":{"allow":["GET"]}}],"collection":[{"href":"https:\/\/drone-parts-center.com\/de\/wp-json\/wp\/v2\/product"}],"about":[{"href":"https:\/\/drone-parts-center.com\/de\/wp-json\/wp\/v2\/types\/product"}],"replies":[{"embeddable":true,"href":"https:\/\/drone-parts-center.com\/de\/wp-json\/wp\/v2\/comments?post=96004"}],"wp:featuredmedia":[{"embeddable":true,"href":"https:\/\/drone-parts-center.com\/de\/wp-json\/wp\/v2\/media\/97727"}],"wp:attachment":[{"href":"https:\/\/drone-parts-center.com\/de\/wp-json\/wp\/v2\/media?parent=96004"}],"wp:term":[{"taxonomy":"product_brand","embeddable":true,"href":"https:\/\/drone-parts-center.com\/de\/wp-json\/wp\/v2\/product_brand?post=96004"},{"taxonomy":"product_cat","embeddable":true,"href":"https:\/\/drone-parts-center.com\/de\/wp-json\/wp\/v2\/product_cat?post=96004"},{"taxonomy":"product_tag","embeddable":true,"href":"https:\/\/drone-parts-center.com\/de\/wp-json\/wp\/v2\/product_tag?post=96004"}],"curies":[{"name":"wp","href":"https:\/\/api.w.org\/{rel}","templated":true}]}}