{"id":96001,"date":"2020-12-05T07:15:07","date_gmt":"2020-12-05T06:15:07","guid":{"rendered":"https:\/\/drone-parts-center.com\/produit\/tbs-tbs-tracer-nano-tx-starterset\/"},"modified":"2026-03-29T09:48:06","modified_gmt":"2026-03-29T07:48:06","slug":"tbs-tbs-tracer-nano-tx-starterset","status":"publish","type":"product","link":"https:\/\/drone-parts-center.com\/de\/produkt\/tbs-tbs-tracer-nano-tx-starterset\/","title":{"rendered":"TBS - TBS Tracer nano tx Starterset"},"content":{"rendered":"<p>In einem Rennen z\u00e4hlen Mikrosekunden. Brille runter, Daumen hoch \u2013 sind Sie bereit f\u00fcr eine echte 250Hz-Funkstrecke? Ende-zu-Ende-Latenz: kaum wahrnehmbar. Nichts anderes kommt dem nahe! Dank der 2,4-GHz-Technologie haben wir das Beste von Crossfire genommen und es verkleinert, um es zu beschleunigen. Das Endergebnis: kleinere Antennen, mehr Geschwindigkeit, eine Akkulaufzeit von mehreren Tagen.     <\/p>\n<h2>EINF\u00dcHRUNG VON TBS TRACER - 2,4 GHZ &#8222;CROSSFIRE&#8220; FUNKSYSTEM<\/h2>\n<ul>\n<li>250 Hz: Schnellste verf\u00fcgbare Funkverbindung und Telemetrie<\/li>\n<li>Neue 2,4-GHz-Technologie, die in keiner anderen Funkverbindung zu finden ist<\/li>\n<li>3 ms Ende-zu-Ende-Latenz<\/li>\n<li>Crossfire-Motor f\u00fcr optimale Kompatibilit\u00e4t und Funktionalit\u00e4t<\/li>\n<li>Transmitter im Formfaktor &#8222;JR&#8220; und &#8222;LITE&#8220;<\/li>\n<li>Empf\u00e4nger in Nanogr\u00f6\u00dfe mit Antennendiversit\u00e4t<\/li>\n<li>15mi+\/25km+ Reichweite<\/li>\n<li>F\u00fcr Drohnen, Flugzeuge, Hubschrauber, Autos und Boote<\/li>\n<\/ul>\n<h2>DIE SCHNELLSTE FUNKVERBINDUNG<\/h2>\n<p>In einem Rennen z\u00e4hlen Mikrosekunden. Brille runter, Daumen hoch \u2013 sind Sie bereit f\u00fcr eine Funkverbindung mit 250 Hz? Ende-zu-Ende-Latenz: im Grunde null (okay, 3ms!). Reichweite: f\u00fcr Tage. Nichts kommt dem nahe! Wir haben das Beste von Crossfire genommen und es verkleinert und beschleunigt.     <\/p>\n<h2>NICHT NUR F\u00dcR RENNFAHRER UND FREERANGE-FAHRER<\/h2>\n<p>Eine einzige Betriebsart erf\u00fcllt alle Anforderungen. Eine Bildwiederholfrequenz von 250 Hz. Viel Durchdringung und Reichweite, um selbst den seri\u00f6sesten Videolink zu \u00fcbertreffen. Volle Telemetrief\u00e4higkeit ist Standard, ohne Verschlechterung der Reichweite! Dank des Stammbaums von Crossfire k\u00f6nnen Drohnenpiloten, traditionelle ferngesteuerte Piloten und alle dazwischen sofort auf die vertraute Palette an kompatibler Software, Ger\u00e4ten, Fernbedienungen und Tragegurten zugreifen.    <\/p>\n<h2>EINFACHE BEDIENUNG<\/h2>\n<p>OTA-Firmware-Updates, Auto-Bind, Multi-Bind, LUA-Ger\u00e4tekonfiguration wie Flugcontroller-PIDs usw. und Cloud-Anbindung: kein Problem! All dies sind Funktionen, die TBS mit TBS Crossfire erstmals in den RC-Bereich eingef\u00fchrt hat! Alle Empf\u00e4nger sind im Link-Modus und merken sich Ihre Verbindung auf all Ihren Funkger\u00e4ten, so dass die Link-Taste technisch gesehen nie ben\u00f6tigt wird.  <\/p>\n<h2>UNTER DER HAUBE<\/h2>\n<p>TBS Tracer l\u00e4uft auf der Crossfire-Engine. \u00dcber 6 Jahre aktive Entwicklung und bei weitem das beliebteste RC-System f\u00fcr FPV-Enthusiasten! Sie erhalten sofort die gleiche Zuverl\u00e4ssigkeit, Funktionalit\u00e4t und Kompatibilit\u00e4t, die Drohnenpiloten f\u00fcr Ihre Sicherheit nutzen. Was ist also der Unterschied? H\u00f6here Aktualisierungsrate, geringere Latenz, kleinere Antennen durch h\u00f6here Frequenz. Crossfire-Benutzer werden sich wie zu Hause f\u00fchlen!     <\/p>\n<h2>DIE TBS-GARANTIE<\/h2>\n<p>In den mehr als 10 Jahren unseres Bestehens waren die Software-Updates immer kostenlos, kontinuierlich und umfangreich. Die Hardware ist auf Langlebigkeit ausgelegt und wird mit einer breiten Palette von Funktionen geliefert, die noch nicht freigeschaltet wurden. Der Support war immer auf die Zufriedenheit der Kunden ausgerichtet. F\u00fcr Treiber, von Treibern.   <\/p>\n<p>Das ist der Grund, warum TBS-Produkte am meisten beachtet werden und warum sich die Investition in TBS Tracer auch in Zukunft auszahlen wird - genauso wie TBS Crossfire weiterhin f\u00fcr alle Liebhaber da sein wird. Als Dankesch\u00f6n f\u00fcr Ihre Unterst\u00fctzung besuchen Sie unsere Website und geben Sie die Seriennummer Ihres Crossfire als Rabattcode ein, um 25% Rabatt auf alle TBS Tracer TX &amp; RX Produkte zu erhalten! <\/p>\n<h2>CHARAKTEREIGENSCHAFTEN:<\/h2>\n<ul>\n<li>Adaptives und robustes Fernsteuerungssystem mit gro\u00dfer Reichweite f\u00fcr Ihre Drohne und Ihr Flugzeug<\/li>\n<li>Niedrige Latenz, Aktualisierungsrate von 250 Hz (5x schneller als normal - die schnellste der Welt) f\u00fcr atemberaubende Genauigkeit<\/li>\n<li>Zwei-Wege-Kommunikationsverbindung mit wichtigen Echtzeitverbindungen und Telemetrie<\/li>\n<li>Updates f\u00fcr OTA, Auto-Bind, Multi-Bind-Unterst\u00fctzung<\/li>\n<li>TBS Cloud-Konnektivit\u00e4t mit Telemetrieausgabe f\u00fcr Smartphone-Apps<\/li>\n<li>Vollst\u00e4ndig konfigurierbar durch OpenTX und TBS TANGO remote unter Verwendung des CRSF-Protokolls<\/li>\n<li>Es kann eine &#8222;unbegrenzte&#8220; Anzahl von Personen gleichzeitig fliegen<\/li>\n<li>Ausgangsleistung: 25mW \/ 100mW<\/li>\n<li>8- oder 12-Kanal-Ausgang \u00fcber CRSF, SBUS, SBUS invertiert oder PPM<\/li>\n<li>Serielles Modem, das MAVLink oder andere serielle Protokolle (Uplink und Downlink) \u00fcbertragen kann<\/li>\n<\/ul>\n<h2>ENTH\u00c4LT<\/h2>\n<ul>\n<li>1 x TBS Tracer Nano TX<\/li>\n<li>3 x TBS Tracer Nano RX<\/li>\n<li>6 x TBS Tracer Immortal T Antenne<\/li>\n<\/ul>\n<h2>DOWNLOADS<\/h2>\n<ul>\n<li><a href=\"https:\/\/www.team-blacksheep.com\/tbs-tracer-manual.pdf\" target=\"_blank\" rel=\"noopener noreferrer\">TBS Tracer Handbuch<\/a><\/li>\n<li><a href=\"https:\/\/www.team-blacksheep.com\/products\/prod:agentx\" target=\"_blank\" rel=\"noopener noreferrer\">TBS Agent X<\/a> (f\u00fcr Software-Updates)<\/li>\n<li><a href=\"https:\/\/www.team-blacksheep.com\/tbs-crossfire-lua-scripts.zip\" target=\"_blank\" rel=\"noopener noreferrer\">Neueste OpenTX LUA-Skripte f\u00fcr Crossfire<\/a><\/li>\n<li><a href=\"https:\/\/www.team-blacksheep.com\/tbs-cloud-activation.zip\">TBS Cloud - Wi-Fi-Firmware<\/a><\/li>\n<li><a href=\"https:\/\/www.team-blacksheep.com\/tbs-opentx-nightly.zip\">OpenTX N\u00e4chtliche Firmware<\/a><\/li>\n<\/ul>\n<h2>SPEZIFIKATIONEN DES TBS TRACER NANO TX:<\/h2>\n<ul>\n<li><strong>Latenz und Bildwiederholfrequenz: 3<\/strong> ms, 250 Hz<\/li>\n<li><b>Ausgangsleistung:<\/b> 100 mW<\/li>\n<li><strong>Frequenzb\u00e4nder:<\/strong> ISM 2,4 GHz<\/li>\n<li><strong>Eingangsspannung:<\/strong> 3,5 - 13 V<\/li>\n<li><strong>Verbinder:<\/strong> USB-C (Englisch)<\/li>\n<li><strong>Leistungsaufnahme:<\/strong> 1,1 W (@ 10 mW) - 2 W (@ 100 mW)<\/li>\n<li><strong>Abmessungen: <\/strong> 65 x 48 x 22 mm (JR-Modulgr\u00f6\u00dfe)<\/li>\n<li><strong>Funkkompatibilit\u00e4t: <\/strong> LITE-Modulschacht (z.B. TBS Tango 2, Taranis X-Lite, X9 Lite), OpenTX V2.1+. Der TBS Tracer Nano TX wird f\u00fcr den Einsatz in Futaba- und Spektrum-Fernbedienungen empfohlen, die nicht \u00fcber einen JR-Modulschacht verf\u00fcgen. <\/li>\n<\/ul>\n<p>* Ausgangsleistungsmodi sind aufgrund lokaler beh\u00f6rdlicher Beschr\u00e4nkungen m\u00f6glicherweise nicht verf\u00fcgbar<\/p>\n<h2>TBS TRACER NANO RX SPEZIFIKATIONEN:<\/h2>\n<ul>\n<li><strong>Antnna-Anschl\u00fcsse:<\/strong> 2x u.FL \/ IPEX (Diversity)<\/li>\n<li><strong>Lieferumfang:<\/strong> 1x TBS Tracer Nano RX, 2x Immortal-T, Silikonkabel<\/li>\n<li><strong>Protokolle:<\/strong> 2x CRSF, SBUS, PPM, 6x PWM, SmartAudio 2.0\/2.1 (VTx-Steuerung)<\/li>\n<li><strong>Gewicht:<\/strong> 0,5 g (nur Empf\u00e4nger)<\/li>\n<li><strong>Gr\u00f6\u00dfe:<\/strong> 11mm x 18mm<\/li>\n<\/ul>\n","protected":false},"excerpt":{"rendered":"<p>Das TBS Tracer Nano TX Starter Set revolutioniert Ihr FPV-Erlebnis. Dank seiner kompakten Gr\u00f6\u00dfe und fortschrittlichen Technologie garantiert es eine zuverl\u00e4ssige Signal\u00fcbertragung und eine gr\u00f6\u00dfere Reichweite f\u00fcr grenzenlose immersive Fl\u00fcge. <\/p>\n","protected":false},"featured_media":97680,"comment_status":"open","ping_status":"closed","template":"","meta":{"_seopress_robots_primary_cat":"","_seopress_titles_title":"TBS Tracer Nano TX: Hochgeschwindigkeitsverbindung 250 Hz","_seopress_titles_desc":"Entdecken Sie die TBS Tracer 2,4 GHz Technologie - Geschwindigkeit, minimale Latenz, au\u00dfergew\u00f6hnliche Reichweite. Perfekt f\u00fcr Drohnen, Flugzeuge und mehr! ","_seopress_robots_index":""},"product_brand":[19420],"product_cat":[19957],"product_tag":[15700],"class_list":{"0":"post-96001","1":"product","2":"type-product","3":"status-publish","4":"has-post-thumbnail","6":"product_brand-tbs","7":"product_cat-auslaufmodelle","8":"product_tag-tbs-de-2","10":"first","11":"instock","12":"sale","13":"taxable","14":"shipping-taxable","15":"purchasable","16":"product-type-simple"},"_links":{"self":[{"href":"https:\/\/drone-parts-center.com\/de\/wp-json\/wp\/v2\/product\/96001","targetHints":{"allow":["GET"]}}],"collection":[{"href":"https:\/\/drone-parts-center.com\/de\/wp-json\/wp\/v2\/product"}],"about":[{"href":"https:\/\/drone-parts-center.com\/de\/wp-json\/wp\/v2\/types\/product"}],"replies":[{"embeddable":true,"href":"https:\/\/drone-parts-center.com\/de\/wp-json\/wp\/v2\/comments?post=96001"}],"wp:featuredmedia":[{"embeddable":true,"href":"https:\/\/drone-parts-center.com\/de\/wp-json\/wp\/v2\/media\/97680"}],"wp:attachment":[{"href":"https:\/\/drone-parts-center.com\/de\/wp-json\/wp\/v2\/media?parent=96001"}],"wp:term":[{"taxonomy":"product_brand","embeddable":true,"href":"https:\/\/drone-parts-center.com\/de\/wp-json\/wp\/v2\/product_brand?post=96001"},{"taxonomy":"product_cat","embeddable":true,"href":"https:\/\/drone-parts-center.com\/de\/wp-json\/wp\/v2\/product_cat?post=96001"},{"taxonomy":"product_tag","embeddable":true,"href":"https:\/\/drone-parts-center.com\/de\/wp-json\/wp\/v2\/product_tag?post=96001"}],"curies":[{"name":"wp","href":"https:\/\/api.w.org\/{rel}","templated":true}]}}