{"id":95992,"date":"2021-01-23T08:23:05","date_gmt":"2021-01-23T07:23:05","guid":{"rendered":"https:\/\/drone-parts-center.com\/produit\/dji-mavic-2-enterprise-schutzhuelle-fuer-oberes-chassis\/"},"modified":"2025-07-26T23:02:31","modified_gmt":"2025-07-26T21:02:31","slug":"dji-mavic-2-enterprise-schutzhuelle-fuer-oberes-chassis","status":"publish","type":"product","link":"https:\/\/drone-parts-center.com\/de\/produkt\/dji-mavic-2-enterprise-schutzhuelle-fuer-oberes-chassis\/","title":{"rendered":"DJI Mavic 2 Enterprise - Schutzh\u00fclle f\u00fcr oberes Chassis"},"content":{"rendered":"<p>Die <strong>DJI Mavic 2 Enterprise - Schutzabdeckung f\u00fcr den oberen Rahmen<\/strong> ist ein wichtiges Teil, um die Unversehrtheit Ihrer Drohne zu erhalten. Dieses 100%ige Originalprodukt von <strong>DJI<\/strong> sch\u00fctzt den oberen Rahmen effektiv vor St\u00f6\u00dfen und Verschlei\u00df. Es ist kompatibel mit den <strong>Mavic 2 Enterprise-Modellen<\/strong>, einschlie\u00dflich der <strong>Zoom-<\/strong>, <strong>Dual-<\/strong> und <strong>Advanced-Versionen<\/strong>.  <\/p>\n<p>Diese Abdeckung ist einfach zu installieren und hilft, die Lebensdauer Ihrer Drohne zu verl\u00e4ngern, insbesondere in anspruchsvollen Umgebungen. Wenn Sie sich f\u00fcr dieses Originalprodukt von DJI entscheiden, profitieren Sie von einer perfekten Kompatibilit\u00e4t und einer Qualit\u00e4t, die den hohen Standards der Marke entspricht. <\/p>\n<p>Hauptmerkmale :<\/p>\n<ul>\n<li>Kompatibilit\u00e4t mit DJI Mavic 2 Enterprise, Zoom, Dual und Advanced.<\/li>\n<li>Zuverl\u00e4ssiger Schutz des oberen Chassis vor Besch\u00e4digungen.<\/li>\n<li>Original DJI Produkt f\u00fcr gesicherte Qualit\u00e4t.<\/li>\n<\/ul>\n<p>Die Hinzuf\u00fcgung dieses Schutzes tr\u00e4gt dazu bei, Ihre Drohne f\u00fcr sicherere Lufteins\u00e4tze zu sch\u00fctzen und ihre Haltbarkeit zu verl\u00e4ngern.<\/p>\n<p><img alt=\"Couvercle de protection gris pour le ch\u00e2ssis sup\u00e9rieur d&#039;un drone DJI Mavic 2 Enterprise.\" loading=\"lazy\" decoding=\"async\" class=\"alignnone size-full wp-image-8802\" src=\"https:\/\/drone-parts-center.com\/wp-content\/uploads\/2021\/01\/dji-mavic-2-enterprise-couvercle-de-protection-pour-chassis-superieur-2.jpg\" alt=\"\" width=\"800\" height=\"800\" srcset=\"https:\/\/drone-parts-center.com\/wp-content\/uploads\/2021\/01\/dji-mavic-2-enterprise-couvercle-de-protection-pour-chassis-superieur-2.jpg 800w, https:\/\/drone-parts-center.com\/wp-content\/uploads\/2021\/01\/dji-mavic-2-enterprise-couvercle-de-protection-pour-chassis-superieur-2-280x280.jpg 280w, https:\/\/drone-parts-center.com\/wp-content\/uploads\/2021\/01\/dji-mavic-2-enterprise-couvercle-de-protection-pour-chassis-superieur-2-768x768.jpg 768w, https:\/\/drone-parts-center.com\/wp-content\/uploads\/2021\/01\/dji-mavic-2-enterprise-couvercle-de-protection-pour-chassis-superieur-2-247x247.jpg 247w, https:\/\/drone-parts-center.com\/wp-content\/uploads\/2021\/01\/dji-mavic-2-enterprise-couvercle-de-protection-pour-chassis-superieur-2-510x510.jpg 510w, https:\/\/drone-parts-center.com\/wp-content\/uploads\/2021\/01\/dji-mavic-2-enterprise-couvercle-de-protection-pour-chassis-superieur-2-100x100.jpg 100w\" sizes=\"auto, (max-width: 800px) 100vw, 800px\" \/> <img alt=\"Couvercle de protection pour le ch\u00e2ssis sup\u00e9rieur d&#039;un drone DJI Mavic 2 Enterprise avec deux pi\u00e8ces suppl\u00e9mentaires.\" loading=\"lazy\" decoding=\"async\" class=\"alignnone size-full wp-image-8803\" src=\"https:\/\/drone-parts-center.com\/wp-content\/uploads\/2021\/01\/dji-mavic-2-enterprise-couvercle-de-protection-pour-chassis-superieur.jpg\" alt=\"\" width=\"850\" height=\"850\" srcset=\"https:\/\/drone-parts-center.com\/wp-content\/uploads\/2021\/01\/dji-mavic-2-enterprise-couvercle-de-protection-pour-chassis-superieur.jpg 850w, https:\/\/drone-parts-center.com\/wp-content\/uploads\/2021\/01\/dji-mavic-2-enterprise-couvercle-de-protection-pour-chassis-superieur-280x280.jpg 280w, https:\/\/drone-parts-center.com\/wp-content\/uploads\/2021\/01\/dji-mavic-2-enterprise-couvercle-de-protection-pour-chassis-superieur-800x800.jpg 800w, https:\/\/drone-parts-center.com\/wp-content\/uploads\/2021\/01\/dji-mavic-2-enterprise-couvercle-de-protection-pour-chassis-superieur-768x768.jpg 768w, https:\/\/drone-parts-center.com\/wp-content\/uploads\/2021\/01\/dji-mavic-2-enterprise-couvercle-de-protection-pour-chassis-superieur-247x247.jpg 247w, https:\/\/drone-parts-center.com\/wp-content\/uploads\/2021\/01\/dji-mavic-2-enterprise-couvercle-de-protection-pour-chassis-superieur-510x510.jpg 510w, https:\/\/drone-parts-center.com\/wp-content\/uploads\/2021\/01\/dji-mavic-2-enterprise-couvercle-de-protection-pour-chassis-superieur-100x100.jpg 100w\" sizes=\"auto, (max-width: 850px) 100vw, 850px\" \/><\/p>\n","protected":false},"excerpt":{"rendered":"<p>Schutzh\u00fclle f\u00fcr das obere Geh\u00e4use der DJI Mavic 2 Enterprise. DJI-Originalprodukt, kompatibel mit Zoom-, Dual- und Advanced-Versionen. <\/p>\n","protected":false},"featured_media":97811,"comment_status":"open","ping_status":"closed","template":"","meta":{"_seopress_robots_primary_cat":"","_seopress_titles_title":"DJI Mavic 2 Enterprise Abdeckung: Optimaler Schutz","_seopress_titles_desc":"Sch\u00fctzen Sie Ihren DJI Mavic 2 Enterprise mit einer Originalabdeckung f\u00fcr l\u00e4ngere Haltbarkeit und sichere Missionen.","_seopress_robots_index":"","_seopress_analysis_target_kw":"DJI Mavic 2 Unternehmen"},"product_brand":[19390],"product_cat":[15702],"product_tag":[15485,15705,15703],"class_list":{"0":"post-95992","1":"product","2":"type-product","3":"status-publish","4":"has-post-thumbnail","6":"product_brand-dji","7":"product_cat-dji-mavic-2-unternehmen","8":"product_tag-dji-de-3","9":"product_tag-dual-de-2","10":"product_tag-enterprise-de-3","11":"pa_position-4-in-1-set-de","12":"pa_position-arriere-droit-de","13":"pa_position-arriere-gauche-de","14":"pa_position-avant-droit-de","15":"pa_position-avant-gauche-de","16":"pa_position-left-back-de","17":"pa_position-right-back-de","18":"pa_position-right-front-de","20":"first","21":"instock","22":"taxable","23":"shipping-taxable","24":"purchasable","25":"product-type-simple"},"_links":{"self":[{"href":"https:\/\/drone-parts-center.com\/de\/wp-json\/wp\/v2\/product\/95992","targetHints":{"allow":["GET"]}}],"collection":[{"href":"https:\/\/drone-parts-center.com\/de\/wp-json\/wp\/v2\/product"}],"about":[{"href":"https:\/\/drone-parts-center.com\/de\/wp-json\/wp\/v2\/types\/product"}],"replies":[{"embeddable":true,"href":"https:\/\/drone-parts-center.com\/de\/wp-json\/wp\/v2\/comments?post=95992"}],"wp:featuredmedia":[{"embeddable":true,"href":"https:\/\/drone-parts-center.com\/de\/wp-json\/wp\/v2\/media\/97811"}],"wp:attachment":[{"href":"https:\/\/drone-parts-center.com\/de\/wp-json\/wp\/v2\/media?parent=95992"}],"wp:term":[{"taxonomy":"product_brand","embeddable":true,"href":"https:\/\/drone-parts-center.com\/de\/wp-json\/wp\/v2\/product_brand?post=95992"},{"taxonomy":"product_cat","embeddable":true,"href":"https:\/\/drone-parts-center.com\/de\/wp-json\/wp\/v2\/product_cat?post=95992"},{"taxonomy":"product_tag","embeddable":true,"href":"https:\/\/drone-parts-center.com\/de\/wp-json\/wp\/v2\/product_tag?post=95992"}],"curies":[{"name":"wp","href":"https:\/\/api.w.org\/{rel}","templated":true}]}}