{"id":95965,"date":"2021-04-06T19:06:30","date_gmt":"2021-04-06T17:06:30","guid":{"rendered":"https:\/\/drone-parts-center.com\/produit\/dji-mini-2-unteres-fahrgestell\/"},"modified":"2026-03-08T11:28:13","modified_gmt":"2026-03-08T10:28:13","slug":"dji-mini-2-unteres-fahrgestell","status":"publish","type":"product","link":"https:\/\/drone-parts-center.com\/de\/produkt\/dji-mini-2-unteres-fahrgestell\/","title":{"rendered":"DJI Mini 2 - Unteres Fahrgestell"},"content":{"rendered":"<p>Der <strong>DJI Mini 2 Unterrahmen<\/strong> ist ein Originalersatzteil, das speziell f\u00fcr die DJI Mini 2 Drohne entwickelt wurde. Dieser Rahmen ist wichtig, um die internen Komponenten zu sch\u00fctzen und die Stabilit\u00e4t der Struktur Ihrer Drohne zu gew\u00e4hrleisten. Im Falle eines Aufpralls oder einer Besch\u00e4digung des vorhandenen Rahmens kann dieser Ersatz die Stabilit\u00e4t und Zuverl\u00e4ssigkeit Ihres Flugger\u00e4ts wiederherstellen.  <\/p>\n<p>Dieser <strong>Unterrahmen<\/strong> ist ein 100%iges Originalprodukt von DJI und garantiert eine perfekte Kompatibilit\u00e4t und Qualit\u00e4t, die den Standards der Marke entspricht. Er ist einfach zu installieren und verl\u00e4ngert die Lebensdauer Ihrer DJI Mini 2, ohne dass Sie eine neue Drohne kaufen m\u00fcssen. <\/p>\n<p>Charaktereigenschaften:<\/p>\n<ul>\n<li><strong>Kompatibilit\u00e4t<\/strong> : DJI Mini 2<\/li>\n<li><strong>100% originales DJI-Produkt<\/strong><\/li>\n<li>Ideales Ersatzteil f\u00fcr Drohnenreparaturen oder -wartungen<\/li>\n<li>Bietet verbesserten Schutz f\u00fcr die internen Komponenten der Drohne<\/li>\n<\/ul>\n<p>Entscheiden Sie sich f\u00fcr diesen niedrigeren Rahmen, um eine optimale Leistung Ihrer Drohne zu gew\u00e4hrleisten und gleichzeitig ihre Robustheit w\u00e4hrend Ihrer Fl\u00fcge zu erhalten.<\/p>\n<div id=\"gtx-trans\" style=\"position: absolute; left: 21px; top: -1.60938px;\">\n<div class=\"gtx-trans-icon\"><\/div>\n<\/div>\n","protected":false},"excerpt":{"rendered":"<p>Stellen Sie die Struktur Ihrer DJI Mini 2 mit dem Ersatzuntergestell wieder her. Stellen Sie die Stabilit\u00e4t und Integrit\u00e4t Ihrer Drohne wieder her, indem Sie sich f\u00fcr dieses authentische Teil entscheiden. <\/p>\n","protected":false},"featured_media":95319,"comment_status":"open","ping_status":"closed","template":"","meta":{"_seopress_robots_primary_cat":"","_seopress_titles_title":"Unterer Rahmen DJI Mini 2: Optimaler Schutz","_seopress_titles_desc":"Maximieren Sie die Leistung Ihrer DJI Mini 2 mit diesem originellen Unterrahmen. Er ist einfach zu installieren, sch\u00fctzt und verl\u00e4ngert die Lebensdauer Ihrer Drohne. ","_seopress_robots_index":""},"product_brand":[19390],"product_cat":[19957,15677],"product_tag":[15485,15684,15686,15685,15681,15683,15678,15631],"class_list":{"0":"post-95965","1":"product","2":"type-product","3":"status-publish","4":"has-post-thumbnail","6":"product_brand-dji","7":"product_cat-auslaufmodelle","8":"product_cat-dji-mini-2-de","9":"product_tag-dji-de-3","10":"product_tag-dji-mini-2-drohne-reparatur","11":"product_tag-dji-mini-2-drohnenschutz-de","12":"product_tag-dji-mini-2-ersatzteil","13":"product_tag-dji-mini-2-unterer-rahmen","14":"product_tag-dji-mini-2-teilig-de","15":"product_tag-dji-zubehor-de-2","16":"product_tag-mavic-mini-de-3","17":"pa_piece-3-in-1-set-global-de","18":"pa_piece-3-in-1-set-japan-de","19":"pa_piece-chassis-inferieur-de","20":"pa_piece-chassis-milieu-de","21":"pa_piece-chassis-superieur-de","22":"pa_piece-middle-frame-global-de","23":"pa_piece-upper-cover-de","25":"first","26":"instock","27":"sale","28":"taxable","29":"shipping-taxable","30":"purchasable","31":"product-type-simple"},"_links":{"self":[{"href":"https:\/\/drone-parts-center.com\/de\/wp-json\/wp\/v2\/product\/95965","targetHints":{"allow":["GET"]}}],"collection":[{"href":"https:\/\/drone-parts-center.com\/de\/wp-json\/wp\/v2\/product"}],"about":[{"href":"https:\/\/drone-parts-center.com\/de\/wp-json\/wp\/v2\/types\/product"}],"replies":[{"embeddable":true,"href":"https:\/\/drone-parts-center.com\/de\/wp-json\/wp\/v2\/comments?post=95965"}],"wp:featuredmedia":[{"embeddable":true,"href":"https:\/\/drone-parts-center.com\/de\/wp-json\/wp\/v2\/media\/95319"}],"wp:attachment":[{"href":"https:\/\/drone-parts-center.com\/de\/wp-json\/wp\/v2\/media?parent=95965"}],"wp:term":[{"taxonomy":"product_brand","embeddable":true,"href":"https:\/\/drone-parts-center.com\/de\/wp-json\/wp\/v2\/product_brand?post=95965"},{"taxonomy":"product_cat","embeddable":true,"href":"https:\/\/drone-parts-center.com\/de\/wp-json\/wp\/v2\/product_cat?post=95965"},{"taxonomy":"product_tag","embeddable":true,"href":"https:\/\/drone-parts-center.com\/de\/wp-json\/wp\/v2\/product_tag?post=95965"}],"curies":[{"name":"wp","href":"https:\/\/api.w.org\/{rel}","templated":true}]}}