{"id":95916,"date":"2020-06-21T22:34:49","date_gmt":"2020-06-21T20:34:49","guid":{"rendered":"https:\/\/drone-parts-center.com\/produit\/wartungsprogramm-fuer-dji-matrice-300-rtk\/"},"modified":"2025-07-26T23:31:56","modified_gmt":"2025-07-26T21:31:56","slug":"wartungsprogramm-fuer-dji-matrice-300-rtk","status":"publish","type":"product","link":"https:\/\/drone-parts-center.com\/de\/produkt\/wartungsprogramm-fuer-dji-matrice-300-rtk\/","title":{"rendered":"Wartungsprogramm f\u00fcr DJI Matrice 300 RTK"},"content":{"rendered":"<p>Das Wartungsprogramm bietet Ihnen die M\u00f6glichkeit, Ihre DJI-Drohne Matrice 300 RTK zu warten.<\/p>\n<p>Es sind drei Versionen verf\u00fcgbar, die eine mehr oder weniger starke Kontrolle \u00fcber Ihre Ger\u00e4te erm\u00f6glichen:<\/p>\n<ul>\n<li><strong>Basic<\/strong><\/li>\n<li><strong>Standard<\/strong><\/li>\n<li><strong>Premium<\/strong><\/li>\n<\/ul>\n<p>Je nach gew\u00e4hlter Version f\u00fchren die Techniker verschiedene Ma\u00dfnahmen durch: gr\u00fcndliche Reinigung der Drohne und ihrer Komponenten, Kalibrierung und Updates, Austausch von Verschlei\u00dfteilen oder von Schl\u00fcsselelementen der Drohne.<\/p>\n<p>Gebrauchte Teile: Propeller<\/p>\n<p>Schl\u00fcsselelemente der Drohne: Fahrwerk, Propellerbefestigungshalterung, Fahrwerkmontagehalterung<\/p>\n<p>Nach der Bestellung des Produkts erhalten Sie von Drone-Parts-Center einen Wartungscode, den Sie Drone-Clinic.be mitteilen m\u00fcssen, um den Service zu starten. Alle Arbeiten an der Drohne werden von Experten durchgef\u00fchrt, die Ihnen eine au\u00dfergew\u00f6hnliche Servicequalit\u00e4t mit den richtigen Werkzeugen garantieren. <\/p>\n<p>Bitte beachten Sie, dass alle Reparaturen, die nach der Diagnose des Technikers als notwendig erachtet werden, Ihrer Zustimmung durch einen Kostenvoranschlag bed\u00fcrfen.<\/p>\n<p>Ein Wartungsbericht wird der R\u00fccksendung Ihres Ger\u00e4ts beigef\u00fcgt.<\/p>\n<div class=\"row\"  id=\"row-680344414\">\n\n\t<div id=\"col-1463930223\" class=\"col medium-4 large-4 col-hover-fade\"  data-animate=\"fadeInLeft\">\n\t\t\t\t<div class=\"col-inner\"  >\n\t\t\t\n\t\t\t\n<div class=\"pricing-table-wrapper\">\n  <div class=\"pricing-table ux_price_table text-center box-shadow-3-hover\">\n    <div class=\"pricing-table-header\">\n      <div class=\"title uppercase strong\">Basic<\/div>\n      <div class=\"price is-xxlarge\">399\u20ac<\/div>\n          <\/div>\n    <div class=\"pricing-table-items items\">\n      \n<div class=\"bullet-item\" title=\"\"><span class=\"text\">Reinigung<\/span><\/div>\n<div class=\"bullet-item\" title=\"\"><span class=\"text\">Inspektion der M\u00fcnzen<\/span><\/div>\n<div class=\"bullet-item\" title=\"\"><span class=\"text\">Aktualisierungen und Kalibrierungen<\/span><\/div>\n<h3>Basic<\/h3>\n<p>Einmal alle 6 Monate<\/p>\n    <\/div>\n      <\/div>\n<\/div>\n\n\n\t\t<\/div>\n\t\t\t\t\t<\/div>\n\n\t\n\n\t<div id=\"col-1317881546\" class=\"col medium-4 large-4 col-hover-fade\"  data-animate=\"fadeInLeft\">\n\t\t\t\t<div class=\"col-inner\"  >\n\t\t\t\n\t\t\t\n<div class=\"pricing-table-wrapper\">\n  <div class=\"pricing-table ux_price_table text-center box-shadow-3-hover\">\n    <div class=\"pricing-table-header\">\n      <div class=\"title uppercase strong\">Standard<\/div>\n      <div class=\"price is-xxlarge\">649\u20ac<\/div>\n          <\/div>\n    <div class=\"pricing-table-items items\">\n      \n<div class=\"bullet-item\" title=\"\"><span class=\"text\">Reinigung<\/span><\/div>\n<div class=\"bullet-item\" title=\"\"><span class=\"text\">Inspektion der M\u00fcnzen<\/span><\/div>\n<div class=\"bullet-item\" title=\"\"><span class=\"text\">Aktualisierungen und Kalibrierungen<\/span><\/div>\n<div class=\"bullet-item\" title=\"\"><span class=\"text\">Ersetzen von gebrauchten Teilen<\/span><\/div>\n<h3>Standard<\/h3>\n<p>Einmal im Jahr<\/p>\n    <\/div>\n      <\/div>\n<\/div>\n\n\n\t\t<\/div>\n\t\t\t\t\t<\/div>\n\n\t\n\n\t<div id=\"col-119787063\" class=\"col medium-4 large-4 col-hover-fade\"  data-animate=\"fadeInLeft\">\n\t\t\t\t<div class=\"col-inner\"  >\n\t\t\t\n\t\t\t\n<div class=\"pricing-table-wrapper\">\n  <div class=\"pricing-table ux_price_table text-center box-shadow-3-hover\">\n    <div class=\"pricing-table-header\">\n      <div class=\"title uppercase strong\">Premium<\/div>\n      <div class=\"price is-xxlarge\">1199\u20ac<\/div>\n          <\/div>\n    <div class=\"pricing-table-items items\">\n      \n<div class=\"bullet-item\" title=\"\"><span class=\"text\">Reinigung<\/span><\/div>\n<div class=\"bullet-item\" title=\"\"><span class=\"text\">Inspektion der M\u00fcnzen<\/span><\/div>\n<div class=\"bullet-item\" title=\"\"><span class=\"text\">Aktualisierungen und Kalibrierungen<\/span><\/div>\n<div class=\"bullet-item\" title=\"\"><span class=\"text\">Ersetzen von gebrauchten Teilen<\/span><\/div>\n<div class=\"bullet-item\" title=\"\"><span class=\"text\">Austausch von Schl\u00fcsselelementen der Drohne<\/span><\/div>\n<h3>Premium<\/h3>\n<p>Einmal im Jahr<\/p>\n    <\/div>\n      <\/div>\n<\/div>\n\n\n\t\t<\/div>\n\t\t\t\t\t<\/div>\n\n\t\n<\/div>\n<h2 class=\"titre-h2\">Wie kann ich die Wartung in Anspruch nehmen, wenn ich das Wartungsprogramm gekauft habe?<\/h2>\n<p>Sie erhalten von uns einen Wartungscode. Dieser Code muss Drone-clinic.be mitgeteilt werden, damit Sie in den Genuss der Unterst\u00fctzung und des Service kommen. <\/p>\n<ol>\n<li>Besuchen Sie den <a href=\"https:\/\/drone-clinic.be\/\" target=\"_blank\" rel=\"noopener noreferrer\"><span style=\"text-decoration: underline;\"><span style=\"color: #3366ff; text-decoration: underline;\">Reparaturservice<\/span><\/span><\/a> Online-Reparaturservice von Drone-clinic.be.<\/li>\n<li>Klicken Sie auf &#8222;Reparaturauftrag&#8220;.<\/li>\n<li>Geben Sie Ihre Empfangsadresse an (f\u00fcr die R\u00fccksendung der Wartung).<\/li>\n<li>Geben Sie die Seriennummer der Drohne in das Feld ein.<\/li>\n<li>Geben Sie den Wartungscode ein.<\/li>\n<li>\u00dcberpr\u00fcfen Sie die angezeigten Informationen.<\/li>\n<li>Best\u00e4tigen Sie.<\/li>\n<\/ol>\n<p>Sobald Sie dies getan haben, erhalten Sie von Drone-Clinic.be alle Informationen, die Sie f\u00fcr den Versand Ihres Materials ben\u00f6tigen, einschlie\u00dflich Ihrer Service-Nummer. Sie k\u00f6nnen den Fortschritt der Operation auf Ihrem Desktop verfolgen.<\/p>\n","protected":false},"excerpt":{"rendered":"<p>Wartung DJI Matrice 300 RTK: Inspektion, Kalibrierung, Austausch von Teilen. 3 zertifizierte Wartungspakete, ab \u20ac 399. <\/p>\n","protected":false},"featured_media":166013,"comment_status":"open","ping_status":"closed","template":"","meta":{"_seopress_robots_primary_cat":"none","_seopress_titles_title":"Optimale Pflege f\u00fcr DJI Matrice 300 RTK","_seopress_titles_desc":"Entscheiden Sie sich f\u00fcr unser Wartungsprogramm und sorgen Sie daf\u00fcr, dass Ihr DJI Matrice 300 RTK optimal gewartet wird, einschlie\u00dflich \u00dcberpr\u00fcfungen und Updates.","_seopress_robots_index":""},"product_brand":[19450],"product_cat":[15653],"product_tag":[15485,15655,15654],"class_list":{"0":"post-95916","1":"product","2":"type-product","3":"status-publish","4":"has-post-thumbnail","6":"product_brand-dji-enterprise","7":"product_cat-wartungsprogramm","8":"product_tag-dji-de-3","9":"product_tag-programm-de","10":"product_tag-wartung-de","12":"first","13":"instock","14":"taxable","15":"shipping-taxable","16":"purchasable","17":"product-type-variable"},"_links":{"self":[{"href":"https:\/\/drone-parts-center.com\/de\/wp-json\/wp\/v2\/product\/95916","targetHints":{"allow":["GET"]}}],"collection":[{"href":"https:\/\/drone-parts-center.com\/de\/wp-json\/wp\/v2\/product"}],"about":[{"href":"https:\/\/drone-parts-center.com\/de\/wp-json\/wp\/v2\/types\/product"}],"replies":[{"embeddable":true,"href":"https:\/\/drone-parts-center.com\/de\/wp-json\/wp\/v2\/comments?post=95916"}],"wp:featuredmedia":[{"embeddable":true,"href":"https:\/\/drone-parts-center.com\/de\/wp-json\/wp\/v2\/media\/166013"}],"wp:attachment":[{"href":"https:\/\/drone-parts-center.com\/de\/wp-json\/wp\/v2\/media?parent=95916"}],"wp:term":[{"taxonomy":"product_brand","embeddable":true,"href":"https:\/\/drone-parts-center.com\/de\/wp-json\/wp\/v2\/product_brand?post=95916"},{"taxonomy":"product_cat","embeddable":true,"href":"https:\/\/drone-parts-center.com\/de\/wp-json\/wp\/v2\/product_cat?post=95916"},{"taxonomy":"product_tag","embeddable":true,"href":"https:\/\/drone-parts-center.com\/de\/wp-json\/wp\/v2\/product_tag?post=95916"}],"curies":[{"name":"wp","href":"https:\/\/api.w.org\/{rel}","templated":true}]}}