{"id":95848,"date":"2020-03-26T13:21:10","date_gmt":"2020-03-26T12:21:10","guid":{"rendered":"https:\/\/drone-parts-center.com\/produit\/dji-mavic-2-pro-zoom-oberes-chassis\/"},"modified":"2026-02-18T09:44:31","modified_gmt":"2026-02-18T08:44:31","slug":"dji-mavic-2-pro-zoom-oberes-chassis","status":"publish","type":"product","link":"https:\/\/drone-parts-center.com\/de\/produkt\/dji-mavic-2-pro-zoom-oberes-chassis\/","title":{"rendered":"DJI Mavic 2 PRO\/ZOOM - Oberer Rahmen"},"content":{"rendered":"<p>DJI Mavic 2 PRO\/ZOOM - Oberer Rahmen<\/p>\n<p>Original DJI Produkt und neu.<\/p>\n<p>Dieses Teil dient zum Austausch des oberen Rahmens der <strong>DJI Mavic 2 PRO\/ZOOM<\/strong> Drohne.<\/p>\n","protected":false},"excerpt":{"rendered":"<p>Original DJI Oberer Rahmen f\u00fcr Mavic 2 Pro und Mavic 2 Zoom. Schutzh\u00fclle f\u00fcr den oberen Teil der Drohne. <\/p>\n","protected":false},"featured_media":95568,"comment_status":"open","ping_status":"closed","template":"","meta":{"_seopress_robots_primary_cat":"","_seopress_titles_title":"DJI Mavic 2 PRO\/ZOOM - Neuer oberer Rahmen","_seopress_titles_desc":"Ersetzen Sie den oberen Rahmen Ihrer Drohne mit dem neuen und echten DJI-Ersatzteil f\u00fcr Mavic 2 PRO\/ZOOM.","_seopress_robots_index":""},"product_brand":[19390],"product_cat":[15532],"product_tag":[15485,15489,15608],"class_list":{"0":"post-95848","1":"product","2":"type-product","3":"status-publish","4":"has-post-thumbnail","6":"product_brand-dji","7":"product_cat-dji-mavic-2-pro-zoom-de-2","8":"product_tag-dji-de-3","9":"product_tag-fahrgestell","10":"product_tag-munzen-de-2","12":"first","13":"instock","14":"taxable","15":"shipping-taxable","16":"purchasable","17":"product-type-simple"},"_links":{"self":[{"href":"https:\/\/drone-parts-center.com\/de\/wp-json\/wp\/v2\/product\/95848","targetHints":{"allow":["GET"]}}],"collection":[{"href":"https:\/\/drone-parts-center.com\/de\/wp-json\/wp\/v2\/product"}],"about":[{"href":"https:\/\/drone-parts-center.com\/de\/wp-json\/wp\/v2\/types\/product"}],"replies":[{"embeddable":true,"href":"https:\/\/drone-parts-center.com\/de\/wp-json\/wp\/v2\/comments?post=95848"}],"wp:featuredmedia":[{"embeddable":true,"href":"https:\/\/drone-parts-center.com\/de\/wp-json\/wp\/v2\/media\/95568"}],"wp:attachment":[{"href":"https:\/\/drone-parts-center.com\/de\/wp-json\/wp\/v2\/media?parent=95848"}],"wp:term":[{"taxonomy":"product_brand","embeddable":true,"href":"https:\/\/drone-parts-center.com\/de\/wp-json\/wp\/v2\/product_brand?post=95848"},{"taxonomy":"product_cat","embeddable":true,"href":"https:\/\/drone-parts-center.com\/de\/wp-json\/wp\/v2\/product_cat?post=95848"},{"taxonomy":"product_tag","embeddable":true,"href":"https:\/\/drone-parts-center.com\/de\/wp-json\/wp\/v2\/product_tag?post=95848"}],"curies":[{"name":"wp","href":"https:\/\/api.w.org\/{rel}","templated":true}]}}