{"id":95825,"date":"2020-03-29T13:05:03","date_gmt":"2020-03-29T11:05:03","guid":{"rendered":"https:\/\/drone-parts-center.com\/produit\/dji-mavic-pro-querlenkerscharnier-hinten\/"},"modified":"2026-03-08T13:52:55","modified_gmt":"2026-03-08T12:52:55","slug":"dji-mavic-pro-querlenkerscharnier-hinten","status":"publish","type":"product","link":"https:\/\/drone-parts-center.com\/de\/produkt\/dji-mavic-pro-querlenkerscharnier-hinten\/","title":{"rendered":"DJI Mavic Pro - Scharnier f\u00fcr den hinteren Arm"},"content":{"rendered":"<h2>DJI Mavic Pro - Scharnier f\u00fcr hinteren Arm (Ersatzteil)<\/h2>\n<p>Original DJI Scharnier f\u00fcr den hinteren Arm der Mavic Pro Drohne. Dieses Teil erm\u00f6glicht das Zusammenklappen und Ausklappen des hinteren Arms der ersten faltbaren Drohne der Mavic-Reihe. <\/p>\n<h3>Wann sollte diese M\u00fcnze ausgetauscht werden?<\/h3>\n<p>Ersetzen Sie dieses Scharnier, wenn der hintere Arm Spiel hat, beim Falten\/Ausklappen quietscht oder in der offenen Position nicht mehr einrastet. Da es sich bei der Mavic Pro um ein \u00e4lteres Modell handelt, ist die Abnutzung der Scharniere nach h\u00e4ufigem Gebrauch \u00fcblich. <\/p>\n<h3>Kompatibilit\u00e4t<\/h3>\n<p>Nur mit der DJI Mavic Pro kompatibel. Nicht kompatibel mit der Mavic Pro Platinum (etwas anderes Scharnier), der Mavic 2 oder neueren Modellen. <\/p>\n","protected":false},"excerpt":{"rendered":"<p>Original DJI Heckarmscharnier f\u00fcr Mavic Pro. Ersatzteil f\u00fcr den Heckklappmechanismus. <\/p>\n","protected":false},"featured_media":95628,"comment_status":"open","ping_status":"closed","template":"","meta":{"_seopress_robots_primary_cat":"","_seopress_titles_title":"Kaufen Scharnier DJI Mavic Pro - 100% Original","_seopress_titles_desc":"Kaufen Sie ein gebrauchtes Hinterarmscharnier f\u00fcr DJI Mavic Pro, 100% Original DJI, um eine optimale Leistung zu gew\u00e4hrleisten.","_seopress_robots_index":""},"product_brand":[19390],"product_cat":[19957,15501],"product_tag":[15498,15485,15603],"class_list":{"0":"post-95825","1":"product","2":"type-product","3":"status-publish","4":"has-post-thumbnail","6":"product_brand-dji","7":"product_cat-auslaufmodelle","8":"product_cat-dji-mavic-pro-de","9":"product_tag-arm-de-2","10":"product_tag-dji-de-3","11":"product_tag-scharnier-de-2","12":"pa_position-arriere-droit-de","13":"pa_position-arriere-gauche-de","15":"first","16":"instock","17":"taxable","18":"shipping-taxable","19":"product-type-variable"},"_links":{"self":[{"href":"https:\/\/drone-parts-center.com\/de\/wp-json\/wp\/v2\/product\/95825","targetHints":{"allow":["GET"]}}],"collection":[{"href":"https:\/\/drone-parts-center.com\/de\/wp-json\/wp\/v2\/product"}],"about":[{"href":"https:\/\/drone-parts-center.com\/de\/wp-json\/wp\/v2\/types\/product"}],"replies":[{"embeddable":true,"href":"https:\/\/drone-parts-center.com\/de\/wp-json\/wp\/v2\/comments?post=95825"}],"wp:featuredmedia":[{"embeddable":true,"href":"https:\/\/drone-parts-center.com\/de\/wp-json\/wp\/v2\/media\/95628"}],"wp:attachment":[{"href":"https:\/\/drone-parts-center.com\/de\/wp-json\/wp\/v2\/media?parent=95825"}],"wp:term":[{"taxonomy":"product_brand","embeddable":true,"href":"https:\/\/drone-parts-center.com\/de\/wp-json\/wp\/v2\/product_brand?post=95825"},{"taxonomy":"product_cat","embeddable":true,"href":"https:\/\/drone-parts-center.com\/de\/wp-json\/wp\/v2\/product_cat?post=95825"},{"taxonomy":"product_tag","embeddable":true,"href":"https:\/\/drone-parts-center.com\/de\/wp-json\/wp\/v2\/product_tag?post=95825"}],"curies":[{"name":"wp","href":"https:\/\/api.w.org\/{rel}","templated":true}]}}