{"id":264977,"date":"2026-03-04T13:51:49","date_gmt":"2026-03-04T12:51:49","guid":{"rendered":"https:\/\/drone-parts-center.com\/produit\/dji-matrice-4-series-200w-ladehub\/"},"modified":"2026-03-04T13:51:49","modified_gmt":"2026-03-04T12:51:49","slug":"dji-matrice-4-series-200w-ladehub","status":"publish","type":"product","link":"https:\/\/drone-parts-center.com\/de\/produkt\/dji-matrice-4-series-200w-ladehub\/","title":{"rendered":"DJI Matrice 4 Series 200W Ladehub"},"content":{"rendered":"<h2>DJI Matrice 4 Series Charging Hub: Laden Sie einfach drei Akkus auf.<\/h2>\n<p>Der DJI Matrice 4 Series Charging Hub (200W) ist das Ladezubeh\u00f6r, das f\u00fcr die <a href=\"https:\/\/www.claudeusercontent.com\/categorie-produit\/dji-matrice-4-series\/\">DJI Matrice 4<\/a> Serie entwickelt wurde. Er erm\u00f6glicht das sequentielle Laden von bis zu drei intelligenten Batterien, von der am meisten geladenen bis zur am wenigsten geladenen. Das Ergebnis: Ihre Akkus sind schneller einsatzbereit, ohne dass Sie sie st\u00e4ndig \u00fcberwachen m\u00fcssen.  <\/p>\n<p>Egal, ob Sie die <a href=\"https:\/\/www.claudeusercontent.com\/categorie-produit\/accessoires\/\">DJI Matrice 4E oder die Matrice 4T<\/a> verwenden, dieser Lade-Hub zentralisiert die Verwaltung Ihrer Akkus an einem einzigen Anschlusspunkt. Dies bedeutet eine erhebliche Zeitersparnis f\u00fcr Au\u00dfendienstmitarbeiter, die eine Mission nach der anderen durchf\u00fchren, sei es Inspektion, Kartierung oder \u00f6ffentliche Sicherheit. <\/p>\n<h2>Zwei Lademethoden, die auf Ihre Bed\u00fcrfnisse vor Ort zugeschnitten sind<\/h2>\n<p>Der DJI Matrice 4 Ladehub bietet zwei verschiedene Betriebsmodi. Die Wahl des Modus h\u00e4ngt von Ihrem Betriebsumfeld und Ihren Einsatzbeschr\u00e4nkungen ab. <\/p>\n<h3>Standardmodus: 100%ige Vollladung<\/h3>\n<p>Im Standardmodus wird jede Batterie zu 100% geladen, bevor die n\u00e4chste Batterie eingesetzt wird. Dieser Modus ist ideal, wenn Sie Ihre Missionen am Vortag vorbereiten. Er garantiert eine maximale Betriebsdauer f\u00fcr jeden geplanten Flug.  <\/p>\n<h3>Ready-to-Fly-Modus: 90% schneller Einsatz<\/h3>\n<p>Der Ready-to-Fly-Modus l\u00e4dt jede Batterie auf 90% und h\u00e4lt diesen Wert dann aufrecht. Dieser Modus beschleunigt die Rotation der Batterien w\u00e4hrend des Einsatzes. Er ist ideal f\u00fcr dringende Eins\u00e4tze wie \u00f6ffentliche Sicherheit oder Feldinspektionen, bei denen ein schneller Neustart erforderlich ist.  <\/p>\n<h2>Kompatibilit\u00e4t und Stromversorgung des Charging Hub<\/h2>\n<p>Der 200W Charge Hub funktioniert mit zwei Stromquellen:<\/p>\n<ul>\n<li>Das tragbare DJI 240W-Ladeger\u00e4t (Modell CDX230-240), das separat enthalten ist und zum Laden der Akkus ben\u00f6tigt wird.<\/li>\n<li>Der DJI Power 1000, der eine autonome Ladel\u00f6sung im Freien bietet, die ideal f\u00fcr den Einsatz im Gel\u00e4nde ist.<\/li>\n<\/ul>\n<p>Dieser Hub ist ausschlie\u00dflich mit den intelligenten Akkus der Serie Matrice 4 (Modell BPX345-6741-14.76) kompatibel. Er unterst\u00fctzt keine Akkus aus anderen DJI-Serien. Bitte beachten Sie diese Kompatibilit\u00e4t, um die Sicherheit und Langlebigkeit Ihrer Ausr\u00fcstung zu gew\u00e4hrleisten.  <\/p>\n<h2>Technische Daten zum DJI Matrice 4 Ladehub<\/h2>\n<ul>\n<li>Modell: CHX345-200<\/li>\n<li>Eingang: 11,2-17 V \/ max. 12,1 A<\/li>\n<li>Betriebstemperatur: 5 \u00b0C bis 40 \u00b0C<\/li>\n<li>Kompatibel mit : DJI Matrice 4E, DJI Matrice 4T, DJI Matrice 4D, DJI Matrice 4TD<\/li>\n<li>Stromversorgung: tragbares Ladeger\u00e4t DJI 240W (CDX230-240) oder DJI Power 1000<\/li>\n<\/ul>\n<h3>Inhalt der Schachtel<\/h3>\n<p>Die Packung enth\u00e4lt den Lade-Hub (\u00d71) und ein SDC Fast Charge Kabel (\u00d71). Das tragbare Ladeger\u00e4t DJI 240W ist separat erh\u00e4ltlich. <\/p>\n<h2>Tipps zur Nutzung und Sicherheit<\/h2>\n<p>Stellen Sie die Ladestation immer auf eine flache und stabile Oberfl\u00e4che. Stellen Sie sicher, dass das Ger\u00e4t richtig isoliert ist, um Brandgefahr zu vermeiden. Vermeiden Sie es, die Metallklemmen der Batterieanschl\u00fcsse zu ber\u00fchren.  <\/p>\n<p>Wenn sich R\u00fcckst\u00e4nde auf den Metallpolen des Batteriekastens ansammeln, reinigen Sie diese mit einem sauberen, trockenen Tuch. Regelm\u00e4\u00dfige Pflege verl\u00e4ngert die Lebensdauer Ihres Ladezubeh\u00f6rs und Ihrer DJI-Batterien. <\/p>\n<h2>Ein wichtiges Zubeh\u00f6r f\u00fcr Drohnenprofis in Belgien<\/h2>\n<p>Wenn Sie die Drohnen der Serie Matrice 4 f\u00fcr Ihre professionellen Eins\u00e4tze nutzen, ist der 200W-Ladehub eine lohnende Investition. Er vereinfacht die Ladelogistik und reduziert die Ausfallzeiten zwischen den Fl\u00fcgen. <\/p>\n<p>Drone Parts Center, DJI Enterprise H\u00e4ndler in Belgien, unterst\u00fctzt Sie bei der Auswahl Ihres Zubeh\u00f6rs. Brauchen Sie Rat bei der Ausstattung Ihrer Flotte? <a href=\"https:\/\/www.claudeusercontent.com\/contact\/\">Kontaktieren Sie unser Team<\/a> f\u00fcr ein individuelles Angebot. <\/p>\n<p>Wir bieten auch die <a href=\"https:\/\/www.claudeusercontent.com\/reparation\/\">Reparatur und Wartung Ihrer DJI-Drohnen<\/a> sowie <a href=\"https:\/\/www.claudeusercontent.com\/formation\/\">zertifizierte Schulungen<\/a> f\u00fcr Ihre Piloten an. Sehen Sie sich unser gesamtes <a href=\"https:\/\/www.claudeusercontent.com\/categorie-produit\/accessoires\/\">DJI-Zubeh\u00f6r<\/a> an, um Ihren Einsatz zu optimieren. <\/p>\n","protected":false},"excerpt":{"rendered":"<p>Mit dem DJI Matrice 4 Series (200W) Lade-Hub k\u00f6nnen Sie bis zu drei intelligente Akkus hintereinander aufladen. Kompatibel mit dem tragbaren DJI 240W Ladeger\u00e4t (CDX230-240) und dem Power 1000. Zwei Modi verf\u00fcgbar: Standard (100 %) und Ready-to-Fly (90 %) f\u00fcr einen schnellen Einsatz vor Ort. Ein unverzichtbares Zubeh\u00f6r f\u00fcr Betreiber von professionellen DJI-Drohnen.   <\/p>\n","protected":false},"featured_media":264978,"comment_status":"open","ping_status":"closed","template":"","meta":{"_seopress_robots_primary_cat":"none","_seopress_titles_title":"Ladestation DJI Matrice 4 | 200W","_seopress_titles_desc":"Ladehub DJI Matrice 4 Series 200W: Laden Sie 3 Akkus nacheinander auf. Standard- oder Ready-to-Fly-Modus. Erh\u00e4ltlich bei Drone Parts Center Belgien.  ","_seopress_robots_index":""},"product_brand":[19450],"product_cat":[15656],"product_tag":[],"class_list":{"0":"post-264977","1":"product","2":"type-product","3":"status-publish","4":"has-post-thumbnail","6":"product_brand-dji-enterprise","7":"product_cat-dji-matrix","9":"first","10":"onbackorder","11":"taxable","12":"shipping-taxable","13":"purchasable","14":"product-type-simple"},"_links":{"self":[{"href":"https:\/\/drone-parts-center.com\/de\/wp-json\/wp\/v2\/product\/264977","targetHints":{"allow":["GET"]}}],"collection":[{"href":"https:\/\/drone-parts-center.com\/de\/wp-json\/wp\/v2\/product"}],"about":[{"href":"https:\/\/drone-parts-center.com\/de\/wp-json\/wp\/v2\/types\/product"}],"replies":[{"embeddable":true,"href":"https:\/\/drone-parts-center.com\/de\/wp-json\/wp\/v2\/comments?post=264977"}],"wp:featuredmedia":[{"embeddable":true,"href":"https:\/\/drone-parts-center.com\/de\/wp-json\/wp\/v2\/media\/264978"}],"wp:attachment":[{"href":"https:\/\/drone-parts-center.com\/de\/wp-json\/wp\/v2\/media?parent=264977"}],"wp:term":[{"taxonomy":"product_brand","embeddable":true,"href":"https:\/\/drone-parts-center.com\/de\/wp-json\/wp\/v2\/product_brand?post=264977"},{"taxonomy":"product_cat","embeddable":true,"href":"https:\/\/drone-parts-center.com\/de\/wp-json\/wp\/v2\/product_cat?post=264977"},{"taxonomy":"product_tag","embeddable":true,"href":"https:\/\/drone-parts-center.com\/de\/wp-json\/wp\/v2\/product_tag?post=264977"}],"curies":[{"name":"wp","href":"https:\/\/api.w.org\/{rel}","templated":true}]}}