{"id":255028,"date":"2026-02-28T19:34:53","date_gmt":"2026-02-28T18:34:53","guid":{"rendered":"https:\/\/drone-parts-center.com\/produit\/jaehrliche-wartung-kronos-i3\/"},"modified":"2026-02-28T19:34:53","modified_gmt":"2026-02-28T18:34:53","slug":"jaehrliche-wartung-kronos-i3","status":"publish","type":"product","link":"https:\/\/drone-parts-center.com\/de\/produkt\/jaehrliche-wartung-kronos-i3\/","title":{"rendered":"J\u00e4hrliche Wartung Kronos I3"},"content":{"rendered":"","protected":false},"excerpt":{"rendered":"<p>Obligatorische j\u00e4hrliche Herstellerinspektion f\u00fcr Kronos Inspire 3. Erh\u00e4lt die Garantie aufrecht und verl\u00e4ngert die Zertifizierung um ein Jahr,<br \/>\n  group =&gt;  Wartung,<br \/>\n  Werkstatt =&gt;  1,<br \/>\n  postalisch =&gt;  1,<br \/>\n  obligatorisch =&gt;  1,<br \/>\n  pre_checked =&gt;  1,<br \/>\n  sku =&gt;  SVC-MAINT-I3<br \/>\n), , );<\/p>\n<p>\/\/ M3D Wartung<br \/>\n = create_dpc_service(array(<br \/>\n name =&gt; J\u00e4hrliche Wartung Kronos M3D,<br \/>\n price =&gt; 229,<br \/>\n short_desc =&gt; Obligatorische j\u00e4hrliche Hersteller\u00fcberholung f\u00fcr Kronos 3D\/3TD Matrizen. Erh\u00e4lt die Garantie aufrecht und verl\u00e4ngert die Zertifizierung um ein Jahr. <\/p>\n","protected":false},"featured_media":0,"comment_status":"open","ping_status":"closed","template":"","meta":{"_seopress_robots_primary_cat":"","_seopress_titles_title":"","_seopress_titles_desc":"","_seopress_robots_index":""},"product_brand":[19486],"product_cat":[20022],"product_tag":[],"class_list":{"0":"post-255028","1":"product","2":"type-product","3":"status-publish","5":"product_brand-dronavia","6":"product_cat-dronavia-dienstleistungen","8":"first","9":"instock","10":"virtual","11":"taxable","12":"purchasable","13":"product-type-simple"},"_links":{"self":[{"href":"https:\/\/drone-parts-center.com\/de\/wp-json\/wp\/v2\/product\/255028","targetHints":{"allow":["GET"]}}],"collection":[{"href":"https:\/\/drone-parts-center.com\/de\/wp-json\/wp\/v2\/product"}],"about":[{"href":"https:\/\/drone-parts-center.com\/de\/wp-json\/wp\/v2\/types\/product"}],"replies":[{"embeddable":true,"href":"https:\/\/drone-parts-center.com\/de\/wp-json\/wp\/v2\/comments?post=255028"}],"wp:attachment":[{"href":"https:\/\/drone-parts-center.com\/de\/wp-json\/wp\/v2\/media?parent=255028"}],"wp:term":[{"taxonomy":"product_brand","embeddable":true,"href":"https:\/\/drone-parts-center.com\/de\/wp-json\/wp\/v2\/product_brand?post=255028"},{"taxonomy":"product_cat","embeddable":true,"href":"https:\/\/drone-parts-center.com\/de\/wp-json\/wp\/v2\/product_cat?post=255028"},{"taxonomy":"product_tag","embeddable":true,"href":"https:\/\/drone-parts-center.com\/de\/wp-json\/wp\/v2\/product_tag?post=255028"}],"curies":[{"name":"wp","href":"https:\/\/api.w.org\/{rel}","templated":true}]}}