{"id":253730,"date":"2026-02-28T19:47:43","date_gmt":"2026-02-28T18:47:43","guid":{"rendered":"https:\/\/drone-parts-center.com\/produit\/jahrliche-wartung-kronos-m350\/"},"modified":"2026-02-28T19:47:43","modified_gmt":"2026-02-28T18:47:43","slug":"jahrliche-wartung-kronos-m350","status":"publish","type":"product","link":"https:\/\/drone-parts-center.com\/de\/produkt\/jahrliche-wartung-kronos-m350\/","title":{"rendered":"J\u00e4hrliche Wartung Kronos M350"},"content":{"rendered":"","protected":false},"excerpt":{"rendered":"<p>Obligatorische j\u00e4hrliche Herstellerinspektion f\u00fcr Kronos M350.<\/p>\n","protected":false},"featured_media":0,"comment_status":"open","ping_status":"closed","template":"","meta":{"_seopress_robots_primary_cat":"","_seopress_titles_title":"","_seopress_titles_desc":"","_seopress_robots_index":"","_seopress_analysis_target_kw":""},"product_brand":[19940],"product_cat":[20022],"product_tag":[],"class_list":{"0":"post-253730","1":"product","2":"type-product","3":"status-publish","5":"product_brand-19940","6":"product_cat-dronavia-dienstleistungen","8":"first","9":"instock","10":"virtual","11":"taxable","12":"purchasable","13":"product-type-simple"},"_links":{"self":[{"href":"https:\/\/drone-parts-center.com\/de\/wp-json\/wp\/v2\/product\/253730","targetHints":{"allow":["GET"]}}],"collection":[{"href":"https:\/\/drone-parts-center.com\/de\/wp-json\/wp\/v2\/product"}],"about":[{"href":"https:\/\/drone-parts-center.com\/de\/wp-json\/wp\/v2\/types\/product"}],"replies":[{"embeddable":true,"href":"https:\/\/drone-parts-center.com\/de\/wp-json\/wp\/v2\/comments?post=253730"}],"wp:attachment":[{"href":"https:\/\/drone-parts-center.com\/de\/wp-json\/wp\/v2\/media?parent=253730"}],"wp:term":[{"taxonomy":"product_brand","embeddable":true,"href":"https:\/\/drone-parts-center.com\/de\/wp-json\/wp\/v2\/product_brand?post=253730"},{"taxonomy":"product_cat","embeddable":true,"href":"https:\/\/drone-parts-center.com\/de\/wp-json\/wp\/v2\/product_cat?post=253730"},{"taxonomy":"product_tag","embeddable":true,"href":"https:\/\/drone-parts-center.com\/de\/wp-json\/wp\/v2\/product_tag?post=253730"}],"curies":[{"name":"wp","href":"https:\/\/api.w.org\/{rel}","templated":true}]}}