{"id":224933,"date":"2025-12-11T12:14:02","date_gmt":"2025-12-11T11:14:02","guid":{"rendered":"https:\/\/drone-parts-center.com\/produit\/zen-plus-paket-2-jahre\/"},"modified":"2026-03-10T08:44:11","modified_gmt":"2026-03-10T07:44:11","slug":"zen-plus-paket-2-jahre","status":"publish","type":"product","link":"https:\/\/drone-parts-center.com\/de\/produkt\/zen-plus-paket-2-jahre\/","title":{"rendered":"Zen Plus-Paket 2 Jahre"},"content":{"rendered":"<h2>Zen Plus-Paket: Ihre Garantie f\u00fcr betriebliche Kontinuit\u00e4t<\/h2>\n<p>F\u00fcr einen Gewerbetreibenden ist der Ausfall einer Drohne nicht nur eine technische Unannehmlichkeit - es ist ein <strong>direkter finanzieller Verlust<\/strong>. Mit dem <strong>Zen Plus 2-Jahres-Paket<\/strong> wird unsere Werkstatt in Nivelles zur Erweiterung Ihres Unternehmens. <\/p>\n<p>Es kombiniert unser technisches Fachwissen (Schulung, unbegrenzter Priorit\u00e4tssupport) mit einer konkreten logistischen L\u00f6sung: <strong>dem Verleih von \u00dcberbr\u00fcckungsger\u00e4ten w\u00e4hrend der gesamten Dauer der Reparatur Ihrer Ger\u00e4te.<\/strong><\/p>\n<hr>\n<h2>F\u00fcr wen ist das Zen-Plus-Paket geeignet?<\/h2>\n<h3>Polizei &amp; Rettungszonen<\/h3>\n<p>Ihr M4TD ist wegen eines Gondelwechsels au\u00dfer Betrieb. Der n\u00e4chste \u00dcberwachungsauftrag ist in drei Tagen f\u00e4llig. Mit dem Zen Plus-Paket verlassen Sie unsere Werkstatt sofort mit einem gleichwertigen Ersatzger\u00e4t. Ihr Arbeitsplan bleibt unver\u00e4ndert.   <\/p>\n<h3>Vertraglich vereinbarte Inspektionsunternehmen<\/h3>\n<p>Sie haben einen Rahmenvertrag mit einem Infrastrukturbetreiber. Jeder Tag Stillstand bedeutet eine Strafe f\u00fcr Versp\u00e4tungen oder einen Subunternehmer, der dringend bezahlt werden muss. Das Zen Plus-Paket beseitigt dieses Risiko: Sie fliegen weiter, w\u00e4hrend die Reparaturen durchgef\u00fchrt werden.  <\/p>\n<h3>Dock Operators \/ BVLOS<\/h3>\n<p>Ein Dock 3, das gewartet wird, bedeutet eine Unterbrechung der automatischen Patrouillen. Kontinuit\u00e4t ist f\u00fcr Ihre Kunden von entscheidender Bedeutung. Die Leihgabe stellt sicher, dass Ihre Versorgung nie unterbrochen wird.  <\/p>\n<h3>Notdienste &amp; Zivilschutz<\/h3>\n<p>Sie entscheiden nicht, wann ein Einsatz stattfindet. Ihre Drohne muss 365 Tage im Jahr verf\u00fcgbar sein. Das Zen Plus-Paket ist Ihr Sicherheitsnetz: Selbst bei einem Bruch oder einer geplanten Wartung bleiben Sie einsatzbereit.  <\/p>\n<hr>\n<h2>Das Prinzip: Fliegen Sie weiter, w\u00e4hrend wir reparieren.<\/h2>\n<p>Das Zen Plus Paket funktioniert wie eine <strong>Mobilit\u00e4tsversicherung<\/strong> - das &#8222;Ersatzfahrzeug&#8220; f\u00fcr Ihre Drohnenoperationen:<\/p>\n<blockquote>\n<p><strong>Zen Plus-Verpflichtung:<\/strong> Wir lassen Sie nicht ohne Arbeitsmittel zur\u00fcck. Wir stellen Ihnen ein gleichwertiges Leihger\u00e4t (Maschine oder Sensor) zur Verf\u00fcgung, damit Sie Ihre Vertr\u00e4ge ohne Verz\u00f6gerung erf\u00fcllen k\u00f6nnen. <\/p>\n<\/blockquote>\n<h3>Logistik und Verf\u00fcgbarkeit<\/h3>\n<p>Unser Bestand an Hilfsmitteln ist in <strong>Nivelles (Belgien)<\/strong> zentralisiert, um eine maximale Reaktionsf\u00e4higkeit zu gew\u00e4hrleisten:<\/p>\n<ul>\n<li><strong>Option A (empfohlen) - &#8222;Pit Stop&#8220;:<\/strong> Bringen Sie Ihre defekte Ausr\u00fcstung vorbei und fahren Sie sofort mit der Leihdrohne weiter. Dies ist die schnellste und <strong>100% kostenlose<\/strong> L\u00f6sung. <\/li>\n<li><strong>Option B - Versand vor Ort:<\/strong> Sie k\u00f6nnen nicht zu uns kommen? Wir k\u00f6nnen die Leihger\u00e4te nach Belgien oder Europa versenden.   <em>Die Transportkosten gehen zu Ihren Lasten.<\/em><\/li>\n<\/ul>\n<hr>\n<h2>Das gesamte Zen-Paket ist enthalten<\/h2>\n<p>Das Zen-Plus-Paket ist nicht nur ein Leihservice. Es beinhaltet <strong>alle Vorteile des Zen-Pakets<\/strong>: <\/p>\n<ul>\n<li><strong>Vollst\u00e4ndige Pr\u00e4senzschulung<\/strong> f\u00fcr die Bedienung Ihrer Ger\u00e4te.<\/li>\n<li><strong>Unbegrenzte vorrangige technische Unterst\u00fctzung<\/strong> f\u00fcr 2 Jahre (Telefon + E-Mail).<\/li>\n<li><strong>Garantierte Antwort innerhalb von 4 Arbeitsstunden.<\/strong><\/li>\n<\/ul>\n<hr>\n<h2>Was tun bei einer Panne?<\/h2>\n<ol>\n<li><strong>Kontakt:<\/strong> Rufen Sie Ihre Priorit\u00e4tslinie an, um eine Vordiagnose zu erhalten.<\/li>\n<li><strong>Validierung:<\/strong> Wenn ein Stillstand erforderlich ist, reservieren wir Ihr Leihmaterial.<\/li>\n<li><strong>Austausch :<\/strong>\n<ul>\n<li><em>Vor Ort (Nivelles) :<\/em> Sofortiger Standardumtausch am Schalter.<\/li>\n<li><em>Fern:<\/em> Best\u00e4tigung des Transportangebots und Versand des Relais.<\/li>\n<\/ul>\n<\/li>\n<li><strong>Reparatur:<\/strong> Sie arbeiten mit dem Darlehen, w\u00e4hrend wir Ihre Drohne reparieren.<\/li>\n<li><strong>R\u00fcckgabe:<\/strong> Sobald Ihre Drohne fertig ist, tauschen wir sie um.<\/li>\n<\/ol>\n<hr>\n<h2>Was uns unterscheidet<\/h2>\n<p><strong>Kein anderer Drohnenh\u00e4ndler in Belgien bietet ein Kulanzdarlehen an.<\/strong>  Diese Dienstleistung gibt es in der Automobilbranche, bei medizinischen Ger\u00e4ten, in der Computerbranche - aber nicht bei professionellen Drohnen. Bis jetzt. <\/p>\n<p>Das Zen Plus Paket ist unsere Antwort auf die Realit\u00e4t: Wenn Ihre Drohne Ihr Arbeitswerkzeug ist, ist jeder Tag Stillstand ein Tag Umsatzverlust.<\/p>\n<hr>\n<h2>Details des Dienstes<\/h2>\n<table>\n<tbody>\n<tr>\n<td><strong>Kontinuit\u00e4t der T\u00e4tigkeit<\/strong><\/td>\n<td>Ausleihe einer Maschine\/eines Relais-Payloads w\u00e4hrend des Stillstands<\/td>\n<\/tr>\n<tr>\n<td><strong>Ort der \u00dcbernahme<\/strong><\/td>\n<td>Werkstatt in Nivelles (Belgien)<\/td>\n<\/tr>\n<tr>\n<td><strong>Kosten f\u00fcr den Leihservice<\/strong><\/td>\n<td>Im Paket enthalten (ohne eventuelle Versandkosten)<\/td>\n<\/tr>\n<tr>\n<td><strong>Schulung<\/strong><\/td>\n<td>Pr\u00e4senziell, personalisiert (inbegriffen)<\/td>\n<\/tr>\n<tr>\n<td><strong>Technischer Support<\/strong><\/td>\n<td>Priorit\u00e4r unbegrenzt - 2 Jahre (Telefon &amp; E-Mail)<\/td>\n<\/tr>\n<tr>\n<td><strong>Antwort<\/strong><\/td>\n<td>&lt; 4 Arbeitsstunden<\/td>\n<\/tr>\n<\/tbody>\n<\/table>\n<hr>\n<h2>Welches Zen-Paket w\u00e4hlen?<\/h2>\n<table>\n<thead>\n<tr>\n<th><\/th>\n<th>Zen-Paket Stunden<br \/> 799<small>\u20ac.<\/small><\/th>\n<th>Zen-Paket<br \/><small>990 \u20ac.<\/small><\/th>\n<th><strong>Zen Plus-Paket<\/strong><br \/><small>1 490 \u20ac<\/small><\/th>\n<\/tr>\n<\/thead>\n<tbody>\n<tr>\n<td>Pr\u00e4senzschulung<\/td>\n<td>-<\/td>\n<td>\u2705<\/td>\n<td><strong>\u2705<\/strong><\/td>\n<\/tr>\n<tr>\n<td>Technische Unterst\u00fctzung<\/td>\n<td>10 Stunden (Guthaben)<\/td>\n<td>Unbegrenzt 2 Jahre<\/td>\n<td><strong>Unbegrenzt 2 Jahre<\/strong><\/td>\n<\/tr>\n<tr>\n<td>Antwort &lt; 4h<\/td>\n<td>-<\/td>\n<td>\u2705<\/td>\n<td><strong>\u2705<\/strong><\/td>\n<\/tr>\n<tr>\n<td>H\u00f6flichkeitsdarlehen<\/td>\n<td>-<\/td>\n<td>-<\/td>\n<td><strong>\u2705<\/strong><\/td>\n<\/tr>\n<tr>\n<td>Ideal f\u00fcr<\/td>\n<td>Autonome Piloten<\/td>\n<td>Neue Bediener<\/td>\n<td><strong>Kritische Missionen<\/strong><\/td>\n<\/tr>\n<\/tbody>\n<\/table>\n<p><a href=\"https:\/\/drone-parts-center.com\/de\/produkt\/zen-stunden-paket-10-stunden-unterstuetzung-ueber-2-jahre\/\">Entdecken Sie das Zen-Paket Stunden<\/a> | <a href=\"https:\/\/drone-parts-center.com\/de\/produkt\/zen-paket-2-jahre\/\">Entdecken Sie das Zen-Paket<\/a><\/p>\n<hr>\n<h2>H\u00e4ufig gestellte Fragen (FAQ)<\/h2>\n<h3>Ist das ausgeliehene Material endg\u00fcltig meins?<\/h3>\n<p>Nein, dies ist eine <strong>vor\u00fcbergehende L\u00f6sung<\/strong>. Es handelt sich um ein Ger\u00e4t aus unserem Fuhrpark, das Sie f\u00fcr die Dauer der Reparatur nutzen. Sie geben es zur\u00fcck, um Ihr eigenes Ger\u00e4t nach der Reparatur wieder in Empfang zu nehmen.   <\/p>\n<h3>Welche Kosten entstehen, wenn ich nicht nach Nivelles kommen kann?<\/h3>\n<p>Wenn Sie sich f\u00fcr den Versand entscheiden, berechnen wir Ihnen die tats\u00e4chlichen Versandkosten (sicherer Transport mit Versicherung). Der Betrag h\u00e4ngt von Ihrer Lieferadresse und dem Gewicht des Pakets ab. <\/p>\n<h3>Ist das Zen-Plus-Paket ein Abonnement?<\/h3>\n<p>Nein, es handelt sich um eine einmalige Zahlung, die den Zugang zum Service und zur Leihflotte f\u00fcr zwei Jahre abdeckt.<\/p>\n<h3>Meine Ger\u00e4te wurden woanders gekauft. Kann ich ein Abonnement abschlie\u00dfen? <\/h3>\n<p>Ja, das Zen Plus-Paket steht allen professionellen Betreibern offen, unabh\u00e4ngig davon, wo sie ihre Ger\u00e4te gekauft haben. <\/p>\n","protected":false},"excerpt":{"rendered":"<p><strong>Lassen Sie niemals zu, dass ein Stromausfall Ihr Unternehmen am Boden h\u00e4lt.<\/strong><\/p>\n<p>Das <strong>Zen-Plus-Paket f\u00fcr 2 Jahre<\/strong> ist Ihre Versicherung f\u00fcr Betriebskontinuit\u00e4t. Dieser Service, der in unserem Hub in Nivelles (Belgien) angesiedelt ist, kombiniert alle Vorteile des Zen-Pakets mit einer in Belgien einzigartigen L\u00f6sung: <strong>der Bereitstellung einer Leihdrohne f\u00fcr die Dauer der Reparatur<\/strong>. <\/p>\n<ul>\n<li>Gef\u00e4lligkeitsverleih<strong>:<\/strong> Relaismaschine, die w\u00e4hrend der Reparatur sofort verf\u00fcgbar ist.<\/li>\n<li><strong>Unbegrenzte Schulung &amp; Support:<\/strong> Das gesamte Zen-Paket ist inbegriffen (Schulung + Support 2 Jahre).<\/li>\n<li><strong>Antwort &lt; 4 Stunden am Werktag<\/strong> - garantierte Kontinuit\u00e4t.<\/li>\n<\/ul>\n<p><em>Das &#8222;Ersatzfahrzeug&#8220; f\u00fcr Ihre Drohneneins\u00e4tze. Ideal f\u00fcr: Polizei, Rettungszonen, Vertragsinspektoren, Dock\/BVLOS-Betreiber. <\/em><\/p>\n","protected":false},"featured_media":224934,"comment_status":"open","ping_status":"closed","template":"","meta":{"_seopress_robots_primary_cat":"none","_seopress_titles_title":"Zen Plus Paket: Drohnenhilfe + Leihger\u00e4t w\u00e4hrend der Reparatur | Drone Parts Center","_seopress_titles_desc":"Der einzige Drohnenh\u00e4ndler in Belgien, der eine Leihgabe w\u00e4hrend der Reparatur anbietet. Inklusive Schulung und unbegrenzter Unterst\u00fctzung f\u00fcr 2 Jahre. Werkstatt Nivelles.  ","_seopress_robots_index":""},"product_brand":[19435],"product_cat":[15653],"product_tag":[],"class_list":{"0":"post-224933","1":"product","2":"type-product","3":"status-publish","4":"has-post-thumbnail","6":"product_brand-drone-parts-center","7":"product_cat-wartungsprogramm","9":"first","10":"instock","11":"taxable","12":"shipping-taxable","13":"purchasable","14":"product-type-simple"},"_links":{"self":[{"href":"https:\/\/drone-parts-center.com\/de\/wp-json\/wp\/v2\/product\/224933","targetHints":{"allow":["GET"]}}],"collection":[{"href":"https:\/\/drone-parts-center.com\/de\/wp-json\/wp\/v2\/product"}],"about":[{"href":"https:\/\/drone-parts-center.com\/de\/wp-json\/wp\/v2\/types\/product"}],"replies":[{"embeddable":true,"href":"https:\/\/drone-parts-center.com\/de\/wp-json\/wp\/v2\/comments?post=224933"}],"wp:featuredmedia":[{"embeddable":true,"href":"https:\/\/drone-parts-center.com\/de\/wp-json\/wp\/v2\/media\/224934"}],"wp:attachment":[{"href":"https:\/\/drone-parts-center.com\/de\/wp-json\/wp\/v2\/media?parent=224933"}],"wp:term":[{"taxonomy":"product_brand","embeddable":true,"href":"https:\/\/drone-parts-center.com\/de\/wp-json\/wp\/v2\/product_brand?post=224933"},{"taxonomy":"product_cat","embeddable":true,"href":"https:\/\/drone-parts-center.com\/de\/wp-json\/wp\/v2\/product_cat?post=224933"},{"taxonomy":"product_tag","embeddable":true,"href":"https:\/\/drone-parts-center.com\/de\/wp-json\/wp\/v2\/product_tag?post=224933"}],"curies":[{"name":"wp","href":"https:\/\/api.w.org\/{rel}","templated":true}]}}