{"id":224148,"date":"2025-12-09T21:28:16","date_gmt":"2025-12-09T20:28:16","guid":{"rendered":"https:\/\/drone-parts-center.com\/produit\/dji-matrice-400-rtk-l3-lidar-survey-kit\/"},"modified":"2025-12-09T21:28:16","modified_gmt":"2025-12-09T20:28:16","slug":"dji-matrice-400-rtk-l3-lidar-survey-kit","status":"publish","type":"product","link":"https:\/\/drone-parts-center.com\/de\/produkt\/dji-matrice-400-rtk-l3-lidar-survey-kit\/","title":{"rendered":"DJI Matrice 400 RTK - L3 LiDAR Survey Kit"},"content":{"rendered":"<div id=\"long-description\">\n<h3>DJI Matrice 400 RTK mit Zenmuse L3: Die neue \u00c4ra der hochpr\u00e4zisen 3D-Kartierung<\/h3>\n<p>Das DJI Matrice 400 RTK (M400) Kit in Verbindung mit der LiDAR-Gondel Zenmuse L3 ist die ultimative Vermessungstechnologie f\u00fcr den Luftraum. Dieses System wurde entwickelt, um die strengsten Anforderungen von Profis zu erf\u00fcllen, und bietet eine perfekte Synergie zwischen einer robusten Flugplattform und einem LiDAR-Sensor der n\u00e4chsten Generation. Es erm\u00f6glicht die Durchf\u00fchrung komplexer Missionen mit beispielloser Effizienz, Sicherheit und Genauigkeit, selbst in schwierigen Umgebungen.  <\/p>\n<h4>Au\u00dfergew\u00f6hnliche Flugleistung und Zuverl\u00e4ssigkeit<\/h4>\n<p>Die Drohne DJI Matrice 400 setzt einen neuen Standard f\u00fcr den professionellen Flugbetrieb. Mit einer Flugdauer von bis zu <strong>53 Minuten im Schwebeflug<\/strong> mit der Zenmuse L3 garantiert sie lange Eins\u00e4tze. Dank seiner IP55-Zertifizierung kann er auch bei ung\u00fcnstigen Wetterbedingungen und extremen Temperaturen (-20\u00b0C bis 50\u00b0C) eingesetzt werden, wodurch die Kontinuit\u00e4t Ihrer Projekte gew\u00e4hrleistet ist. Das omnidirektionale Hinderniserkennungssystem, das durch LiDAR und Millimeterwellenradar verst\u00e4rkt wird, bietet maximale Sicherheit, auch in der N\u00e4he von Stromleitungen oder komplexen Strukturen.   <\/p>\n<h4>Zenmuse L3: Revolution\u00e4re Pr\u00e4zision, Reichweite und Durchdringung<\/h4>\n<p>Die Zenmuse L3 Gondel ist das Herzst\u00fcck dieses Pakets. Mit einem Long Range LiDAR (1535 nm), einem hochpr\u00e4zisen POS-System und zwei 100 MP RGB-Mapping-Kameras setzt sie neue Ma\u00dfst\u00e4be in der Datenerfassung. <\/p>\n<ul>\n<li><strong>Erweiterte Erkennungsreichweite:<\/strong> Erfassen Sie Daten bis zu <strong>950 m<\/strong> von Objekten mit niedrigem Reflexionsgrad (10%), so dass Sie in gr\u00f6\u00dferen H\u00f6hen arbeiten k\u00f6nnen, um die Sicherheit und Abdeckung zu erh\u00f6hen.<\/li>\n<li><strong>Zentimetergenaue<\/strong> Genauigkeit<strong>:<\/strong> Erreichen Sie eine vertikale Genauigkeit von 3 cm und eine horizontale Genauigkeit von 4 cm in 120 Metern H\u00f6he, um die Anforderungen f\u00fcr topographische Vermessungen im Ma\u00dfstab 1:500 zu erf\u00fcllen.<\/li>\n<li><strong>\u00dcberlegene Durchdringung:<\/strong> Mit einem kleineren Laserpunkt und der Unterst\u00fctzung von 16 Echos durchdringt der L3 dichte Vegetation und erfasst Bodenpunkte mit einer un\u00fcbertroffenen Vollst\u00e4ndigkeit, die f\u00fcr die Gel\u00e4ndemodellierung in Waldgebieten unerl\u00e4sslich ist.<\/li>\n<li><strong>Un\u00fcbertroffene Effizienz:<\/strong> Erfassen Sie bis zu <strong>10 km\u00b2 in einem einzigen Flug<\/strong> und bis zu 100 km\u00b2 pro Tag, w\u00e4hrend Sie gleichzeitig LiDAR- und RGB-Daten sammeln, um kolorierte Punktwolken und Orthofotos (DOM) zu erzeugen.<\/li>\n<\/ul>\n<h4>Entwickelt f\u00fcr die anspruchsvollsten Anwendungen<\/h4>\n<p>Dieses Set ist das ideale Werkzeug f\u00fcr eine Vielzahl von Berufszweigen:<\/p>\n<ul>\n<li>Vermessungsingenieure<strong>:<\/strong> F\u00fchren Sie topografische Vermessungen in gro\u00dfem Ma\u00dfstab mit zertifizierter Genauigkeit durch und reduzieren Sie so drastisch die Zeit, die Sie vor Ort verbringen.<\/li>\n<li><strong>Infrastrukturinspektion:<\/strong> \u00dcberpr\u00fcfen Sie Br\u00fccken, Stra\u00dfen und Stromleitungen mit millimetergenauer Genauigkeit zur Erkennung von Anomalien und zur vorbeugenden Wartung. Das System kann Stromleitungen selbst in gro\u00dfer H\u00f6he automatisch verfolgen. <\/li>\n<li><strong>Steinbruchmanagement:<\/strong> Berechnen Sie Lagervolumen, verfolgen Sie den Fortschritt des Abbaus und optimieren Sie Ihre Betriebsplanung mit zuverl\u00e4ssigen und aktuellen 3D-Daten.<\/li>\n<li><strong>Forstwirtschaft und Umwelt :<\/strong> Analysieren Sie das Kronendach, sch\u00e4tzen Sie die Biomasse und modellieren Sie das Gel\u00e4nde unter der Vegetation mit un\u00fcbertroffener Genauigkeit.<\/li>\n<\/ul>\n<h3>Technische Spezifikationen Schl\u00fcssel<\/h3>\n<table>\n<thead>\n<tr>\n<th>Charakteristik<\/th>\n<th>Spezifikation<\/th>\n<\/tr>\n<\/thead>\n<tbody>\n<tr>\n<td><strong>Drohnen-Plattform<\/strong><\/td>\n<td>DJI Matrice 400 RTK<\/td>\n<\/tr>\n<tr>\n<td><strong>Max. Flugzeit (mit L3) <\/strong><\/td>\n<td>~53 Minuten<\/td>\n<\/tr>\n<tr>\n<td><strong>Schutzklasse<\/strong><\/td>\n<td>IP55 (Drohne), IP54 (Gondel L3)<\/td>\n<\/tr>\n<tr>\n<td><strong>LiDAR-Gondel<\/strong><\/td>\n<td>DJI Zenmuse L3<\/td>\n<\/tr>\n<tr>\n<td><strong>Systemgenauigkeit (120m)<\/strong><\/td>\n<td>Vertikal: 3 cm (RMSE), Horizontal: 4 cm (RMSE)<\/td>\n<\/tr>\n<tr>\n<td><strong>LiDAR-Erfassungsreichweite<\/strong><\/td>\n<td>950 m @10% Reflektivit\u00e4t, 100 kHz<\/td>\n<\/tr>\n<tr>\n<td><strong>Laserpulsfrequenz<\/strong><\/td>\n<td>Bis zu 2.000.000 Punkte\/Sekunde<\/td>\n<\/tr>\n<tr>\n<td><strong>Anzahl der unterst\u00fctzten Echos<\/strong><\/td>\n<td>Bis zu 16<\/td>\n<\/tr>\n<tr>\n<td><strong>RGB-Kameras<\/strong><\/td>\n<td>100 MP 4\/3 CMOS-Doppelsensor<\/td>\n<\/tr>\n<tr>\n<td><strong>Reichweite pro Flug<\/strong><\/td>\n<td>Bis zu 10 km\u00b2 (in 300 m H\u00f6he)<\/td>\n<\/tr>\n<\/tbody>\n<\/table>\n<h3>Ein integriertes und leistungsstarkes Software-\u00d6kosystem<\/h3>\n<p>Von der Missionsplanung mit <strong>DJI Pilot 2<\/strong> bis zur Datenverarbeitung mit <strong>DJI Terra<\/strong> bietet das DJI-\u00d6kosystem einen reibungslosen und optimierten Arbeitsablauf. Erstellen Sie Punktwolken, digitale H\u00f6henmodelle (DEM) und Orthofotos mit nur wenigen Klicks. Die Daten sind auch mit den f\u00fchrenden CAD- und GIS-Programmen auf dem Markt kompatibel.  <\/p>\n<\/div>\n","protected":false},"excerpt":{"rendered":"<div class=\"section\">\n<div id=\"short-description\">\n<p><strong>Revolutionieren Sie Ihre topographischen Vermessungen und Inspektionen mit dem DJI Matrice 400 RTK Kit und Zenmuse L3.<\/strong>  Diese integrierte L\u00f6sung bietet eine Genauigkeit im Zentimeterbereich, eine erweiterte LiDAR-Reichweite von bis zu 950 Metern und eine un\u00fcbertroffene Betriebseffizienz, mit der bis zu 100 km\u00b2 pro Tag erfasst werden k\u00f6nnen. Das Kit wurde f\u00fcr Vermessungsingenieure, Infrastrukturingenieure und Steinbruchbetreiber entwickelt und ver\u00e4ndert die Erfassung von Geodaten durch eine \u00fcberlegene Durchdringung der Vegetation und eine hochdetaillierte 3D-Modellierung. <\/p>\n<\/div>\n<\/div>\n","protected":false},"featured_media":224151,"comment_status":"open","ping_status":"closed","template":"","meta":{"_seopress_robots_primary_cat":"none","_seopress_titles_title":"DJI Matrice 400 RTK + Zenmuse L3 \u2014 LiDAR Vermessungskit | DPC","_seopress_titles_desc":"LiDAR Vermessungskit DJI Matrice 400 RTK + Zenmuse L3. Hochdichte Punktwolken, integriertes RTK. Autorisierter Benelux-H\u00e4ndler. Angebot auf Anfrage.","_seopress_robots_index":""},"product_brand":[19450],"product_cat":[15754],"product_tag":[],"class_list":{"0":"post-224148","1":"product","2":"type-product","3":"status-publish","4":"has-post-thumbnail","6":"product_brand-dji-enterprise","7":"product_cat-photogrammetrie","9":"first","10":"instock","11":"taxable","12":"shipping-taxable","13":"purchasable","14":"product-type-simple"},"_links":{"self":[{"href":"https:\/\/drone-parts-center.com\/de\/wp-json\/wp\/v2\/product\/224148","targetHints":{"allow":["GET"]}}],"collection":[{"href":"https:\/\/drone-parts-center.com\/de\/wp-json\/wp\/v2\/product"}],"about":[{"href":"https:\/\/drone-parts-center.com\/de\/wp-json\/wp\/v2\/types\/product"}],"replies":[{"embeddable":true,"href":"https:\/\/drone-parts-center.com\/de\/wp-json\/wp\/v2\/comments?post=224148"}],"wp:featuredmedia":[{"embeddable":true,"href":"https:\/\/drone-parts-center.com\/de\/wp-json\/wp\/v2\/media\/224151"}],"wp:attachment":[{"href":"https:\/\/drone-parts-center.com\/de\/wp-json\/wp\/v2\/media?parent=224148"}],"wp:term":[{"taxonomy":"product_brand","embeddable":true,"href":"https:\/\/drone-parts-center.com\/de\/wp-json\/wp\/v2\/product_brand?post=224148"},{"taxonomy":"product_cat","embeddable":true,"href":"https:\/\/drone-parts-center.com\/de\/wp-json\/wp\/v2\/product_cat?post=224148"},{"taxonomy":"product_tag","embeddable":true,"href":"https:\/\/drone-parts-center.com\/de\/wp-json\/wp\/v2\/product_tag?post=224148"}],"curies":[{"name":"wp","href":"https:\/\/api.w.org\/{rel}","templated":true}]}}