{"id":217677,"date":"2025-11-04T13:15:16","date_gmt":"2025-11-04T12:15:16","guid":{"rendered":"https:\/\/drone-parts-center.com\/produit\/dji-zenmuse-l3\/"},"modified":"2025-11-29T09:45:43","modified_gmt":"2025-11-29T08:45:43","slug":"dji-zenmuse-l3","status":"publish","type":"product","link":"https:\/\/drone-parts-center.com\/de\/produkt\/dji-zenmuse-l3\/","title":{"rendered":"DJI Zenmuse L3"},"content":{"rendered":"<div id=\"woocommerce-long-description\"><span style=\"color: #555555; font-size: 14.4px;\">Die <\/span><strong style=\"color: #555555; font-size: 14.4px;\">DJI Zenmuse L3<\/strong><span style=\"color: #555555; font-size: 14.4px;\">  markiert eine neue \u00c4ra im Bereich der 3D-Datenerfassung. Es ist mehr als nur ein Update, es ist eine komplette Neugestaltung der luftgest\u00fctzten LiDAR-Technologie, die auf un\u00fcbertroffene Effizienz, Genauigkeit und Detailreichtum ausgelegt ist. Durch die Integration eines hochmodernen LiDAR-Sensors, einer hochaufl\u00f6senden Dual-RGB-Kamera und eines hochpr\u00e4zisen IMU-Systems ist die Zenmuse L3 das ultimative Werkzeug f\u00fcr Fachleute in den Bereichen Topographie, Ingenieurwesen, Infrastrukturinspektion und Forstwirtschaft.  <\/span><\/p>\n<h3>Die Entwicklung der LiDAR-Leistung: Ein Quantensprung<\/h3>\n<p>Die Zenmuse L3 ist nicht nur eine Weiterentwicklung, sie ist eine Revolution. Sie \u00fcbertrifft ihre Vorg\u00e4nger und die Konkurrenz durch wichtige technologische Fortschritte, die zu Produktivit\u00e4tssteigerungen und einer spektakul\u00e4ren Datenqualit\u00e4t f\u00fchren. <\/p>\n<table>\n<thead>\n<tr>\n<th>Charakteristik<\/th>\n<th>Zenmuse L1<\/th>\n<th>Zenmuse L2<\/th>\n<th><strong>Zenmuse L3<\/strong><\/th>\n<\/tr>\n<\/thead>\n<tbody>\n<tr>\n<td><strong>Anzahl der R\u00fccksendungen<\/strong><\/td>\n<td>3<\/td>\n<td>5<\/td>\n<td><strong>Bis zu 16<\/strong><\/td>\n<\/tr>\n<tr>\n<td><strong>Messbereich max.<\/strong><\/td>\n<td>190 m<\/td>\n<td>450 m<\/td>\n<td><strong>950 m<\/strong><\/td>\n<\/tr>\n<tr>\n<td><strong>Typische Genauigkeit<\/strong><\/td>\n<td>6-10 cm<\/td>\n<td>4-5 cm<\/td>\n<td><strong>2-4 cm<\/strong><\/td>\n<\/tr>\n<tr>\n<td><strong>Gr\u00f6\u00dfe des Laserpunkts (@120m)<\/strong><\/td>\n<td>N\/A<\/td>\n<td>~205 mm<\/td>\n<td><strong>\u00d8 41 mm<\/strong><\/td>\n<\/tr>\n<tr>\n<td><strong>RGB-Kamera(s)<\/strong><\/td>\n<td>20 MP<\/td>\n<td>20 MP<\/td>\n<td><strong>Dual-Kamera 100 MP<\/strong><\/td>\n<\/tr>\n<tr>\n<td><strong>IMU Vorw\u00e4rmung<\/strong><\/td>\n<td>Erforderlich<\/td>\n<td>Nicht erforderlich<\/td>\n<td><strong>Nicht erforderlich<\/strong><\/td>\n<\/tr>\n<\/tbody>\n<\/table>\n<h3>LiDAR-Leistung: Leistung im Dienste der Pr\u00e4zision<\/h3>\n<h4>Au\u00dfergew\u00f6hnliche Reichweite und \u00fcberlegene Durchdringung<\/h4>\n<p>Mit einer <strong>Messreichweite von bis zu 950 Metern<\/strong> und der F\u00e4higkeit, <strong>bis zu 16 Lasersignalr\u00fcckmeldungen<\/strong> zu verarbeiten, ver\u00e4ndert der L3 die Art und Weise, wie Sie gro\u00dfe Projekte angehen. Fliegen Sie h\u00f6her und decken Sie bei jedem Durchgang ein gr\u00f6\u00dferes Gebiet ab, w\u00e4hrend Sie gleichzeitig feine Details unter dem Bl\u00e4tterdach des Waldes oder auf komplexen Strukturen erfassen. Die Leistung des 1535 nm Lasers sorgt f\u00fcr eine au\u00dfergew\u00f6hnliche Penetration, so dass Sie selbst unter den schwierigsten Bedingungen eine klare Sicht auf den Boden haben. F\u00fcr eine maximale Durchdringung der Vegetation wird eine Frequenz von 350 kHz mit 16 R\u00fcckl\u00e4ufen empfohlen.   <\/p>\n<h4>Zuverl\u00e4ssige zentimetrische Genauigkeit<\/h4>\n<p>Die Zenmuse L3 erreicht eine <strong>vertikale Genauigkeit von 3 cm und eine horizontale Genauigkeit von 4 cm<\/strong> in einer H\u00f6he von 120 Metern. Diese bemerkenswerte Leistung wird durch eine Kombination von fortschrittlichen technologischen Faktoren erm\u00f6glicht. Die hochpr\u00e4zise IMU bietet eine Winkelgenauigkeit von 0,01\u00b0 und ben\u00f6tigt keine Aufw\u00e4rmzeit, so dass Sie sofort mit Ihren Missionen beginnen k\u00f6nnen. Die ultrakleine Laserspotgr\u00f6\u00dfe mit einem Durchmesser von nur 41 mm auf 120 m (80% kleiner als der L2) erm\u00f6glicht die Erkennung feinster Objekte wie Stromleitungen und die Erzeugung unglaublich scharfer 3D-Modelle. Die einstellbare Punktrate von bis zu 2 MHz bietet absolute Flexibilit\u00e4t f\u00fcr jede Mission.    <\/p>\n<table>\n<thead>\n<tr>\n<th>Punktesatz<\/th>\n<th>Empfohlene Flugh\u00f6he<\/th>\n<th>Maximale Anzahl von Umkehren<\/th>\n<\/tr>\n<\/thead>\n<tbody>\n<tr>\n<td>100 kHz<\/td>\n<td>\u2264 500m<\/td>\n<td>16<\/td>\n<\/tr>\n<tr>\n<td>350 kHz<\/td>\n<td>\u2264 300m<\/td>\n<td>16<\/td>\n<\/tr>\n<tr>\n<td>1000 kHz<\/td>\n<td>\u2264 100m<\/td>\n<td>8<\/td>\n<\/tr>\n<tr>\n<td>2000 kHz<\/td>\n<td>\u2264 50m<\/td>\n<td>4<\/td>\n<\/tr>\n<\/tbody>\n<\/table>\n<h4>Drei Scanmodi f\u00fcr jede Anwendung<\/h4>\n<p>Die Zenmuse L3 bietet drei verschiedene Scanmodi, um Ihren spezifischen Bed\u00fcrfnissen gerecht zu werden. Der sich <g id=\"gid_0\">wiederholende lineare Scanmodus<\/g> (H 80\u00b0, V 3\u00b0) bietet maximale Genauigkeit. Der <g id=\"gid_1\">sternf\u00f6rmige Scanmodus<\/g> (H 80\u00b0, V 80\u00b0) bietet eine optimale Balance zwischen Genauigkeit und Durchdringung. Der <strong>nicht-wiederholende Scanmodus<\/strong> (H 80\u00b0, V 80\u00b0) wurde speziell entwickelt, um das Eindringen in dichte Vegetation zu maximieren.   <\/p>\n<hr>\n<h3>Dual-RGB-Kamera: Die perfekte Verschmelzung von LiDAR und Photogrammetrie<\/h3>\n<p>Die Zenmuse L3 erfasst nicht nur die Geometrie, sondern auch die Realit\u00e4t in Farbe. Mit <strong>zwei RGB-Kameras mit Micro-Four-Thirds-Sensor und insgesamt 100 Megapixeln<\/strong> erzeugt sie in Echtzeit kolorierte Punktwolken und photogrammetrische Bilder von au\u00dfergew\u00f6hnlicher Qualit\u00e4t. Die Kameras bieten einen ultraweiten Blickwinkel von 107\u00b0, 27\u00b0 weiter als das FOV von LiDAR, was eine vollst\u00e4ndige Kolorierung und Orthophotos von hoher Qualit\u00e4t gew\u00e4hrleistet. Der mechanische Verschluss ist f\u00fcr 500.000 Zyklen ausgelegt, was eine lange Lebensdauer garantiert. Der GSD erreicht 1,2 cm in 120 m H\u00f6he und 3 cm in 300 m H\u00f6he, was zu einer bemerkenswerten Genauigkeit der Rekonstruktionen f\u00fchrt.    <\/p>\n<hr>\n<h3>Ein integriertes und leistungsstarkes Software-\u00d6kosystem<\/h3>\n<p>Die Zenmuse L3 f\u00fcgt sich nahtlos in das DJI-\u00d6kosystem ein und erm\u00f6glicht einen einfachen Arbeitsablauf von der Aufnahme bis zur endg\u00fcltigen Lieferung.<\/p>\n<h4>DJI Pilot 2: Intelligente Planung und Erfassung<\/h4>\n<p>Planen Sie Ihre intelligenten Flugmissionen mit mehreren Modi, die f\u00fcr jede Anwendung geeignet sind. Der Modus &#8220; <strong>Area Route<\/strong> &#8220; ist ideal f\u00fcr die Kartierung von gro\u00dfen Fl\u00e4chen. Der Modus <strong>Oblique Route<\/strong> erm\u00f6glicht eine hochpr\u00e4zise Modellierung mit multidirektionaler Erfassung. Der Modus <g id=\"gid_2\">Linear Route<\/g> ist ideal f\u00fcr die Kartierung von Korridoren wie Stra\u00dfen oder Eisenbahnlinien. Der Modus <g id=\"gid_3\">Power Line Follow<\/g> bietet eine sichere automatische Inspektion von Stromleitungen. DJI Pilot 2 bietet auch eine Echtzeitanzeige der Punktwolke mit drei Anzeigemodi (Point cloud + Visual, Visual + FPV, Point cloud + FPV) sowie eine Sch\u00e4tzung der Dichte der Punktwolke schon vor dem Start. Der eingebaute Laser-Entfernungsmesser (RNG) bietet eine Reichweite von 900 m, um die Flugsicherheit zu erh\u00f6hen.      <\/p>\n<h4>DJI Terra : Kostenlose und leistungsstarke Behandlung<\/h4>\n<p>Profitieren Sie von der <strong>kostenlosen und unbegrenzten Verarbeitung<\/strong> Ihrer Daten mit <a href=\"https:\/\/drone-parts-center.com\/de\/produkt\/dji-terra\/\" target=\"_blank\" rel=\"noopener\">DJI Terra<\/a>. Die Software verwaltet die POS-Berechnung (Data POS und Local PPK), die Optimierung der Genauigkeit, die Zusammenf\u00fchrung von LiDAR- und RGB-Daten und erstellt umfassende Qualit\u00e4tsberichte mit nur einem Mausklick. DJI Terra unterst\u00fctzt jetzt <strong>Gaussian Splatting<\/strong> f\u00fcr ultrarealistische 3D-Rekonstruktionen mit optimaler Kompression (TerraGS-Format, das nur 33% PLY belegt). Die Rekonstruktion durch Verschmelzung erm\u00f6glicht die Erstellung von 2D-Karten (DOM und DSM) und 3D-Modellen in vielen verschiedenen Formaten (B3DM, PLY, OSGB, S3MB, OBJ, I3S). Der Modus <strong>Ultimate Performance<\/strong> verbessert die Effizienz der Rekonstruktion auf Systemen mit Intel CPUs der 13. oder 14. Generation und Windows 11 erheblich.<\/p>\n<h4>DJI Modify: Erweiterte Bearbeitung von Punktwolken<\/h4>\n<p>Bearbeiten und reparieren Sie Ihre Punktwolken mit fortschrittlichen Werkzeugen. DJI Modify unterst\u00fctzt jetzt die Bearbeitung von LAS-Dateien mit einer Gr\u00f6\u00dfe von \u00fcber 120 GB auf Computern mit 32 GB RAM, die Bearbeitung von Bodenpunkten mit Echtzeit-Vorschau des Gel\u00e4ndes und die Messung in der Profilansicht. Die Software unterst\u00fctzt auch Grafikkarten der NVIDIA RTX 50-Serie f\u00fcr eine optimale Leistung.  <\/p>\n<hr>\n<h3>Erweiterte Funktionen f\u00fcr maximale Effizienz<\/h3>\n<h4>Echtzeit-Messung vor Ort<\/h4>\n<p>DJI Pilot 2 erm\u00f6glicht Echtzeitmessungen (Punkte, Linien, Fl\u00e4chen, Volumen) direkt auf der Fernbedienung mit einer Vorschau der Punktwolke. Diese Funktion ist ideal f\u00fcr schnelle Untersuchungen oder Notfallkartierungen. Die Punktwolke wird auf 5% verd\u00fcnnt, um eine optimale Reaktionsf\u00e4higkeit zu gew\u00e4hrleisten, mit einer auf 50% reduzierten Genauigkeit. Die Messungen k\u00f6nnen mit DJI FH2 (Cloud) synchronisiert werden, um eine erweiterte und detaillierte Analyse zu erm\u00f6glichen.   <\/p>\n<h4>Automatische Parameterempfehlung<\/h4>\n<p>Auf der Grundlage der eingestellten Flugh\u00f6he empfiehlt das System automatisch eine geeignete LiDAR-Punktrate und Kameraaufl\u00f6sung. Diese Funktion ist besonders f\u00fcr Anf\u00e4nger n\u00fctzlich, da sie verhindert, dass der Arbeitsfortschritt durch falsche Einstellungen verz\u00f6gert wird. <\/p>\n<hr>\n<h3>Detaillierte Anwendungsf\u00e4lle<\/h3>\n<h4>Topographie und Kartographie im gro\u00dfen Ma\u00dfstab<\/h4>\n<p>Mit ihrer gro\u00dfen Reichweite und hohen Genauigkeit erm\u00f6glicht die Zenmuse L3 topografische Vermessungen im Ma\u00dfstab 1:1000 oder besser \u00fcber gro\u00dfe Gebiete. Decken Sie Hunderte von Quadratkilometern mit un\u00fcbertroffener Effizienz ab. Die Reichweite von 950 m erm\u00f6glicht es, in gro\u00dfen H\u00f6hen zu fliegen, um eine maximale Abdeckung zu erreichen, w\u00e4hrend die Genauigkeit im Zentimeterbereich beibehalten wird.  <\/p>\n<h4>Inspektion von Infrastrukturen<\/h4>\n<p>Der <strong>Power Line Follow-Modus<\/strong> und die Feinheit des Laserspots erm\u00f6glichen eine sichere und detaillierte Inspektion von Stromleitungen. Das System unterst\u00fctzt \u00dcbertragungsleitungen mit einer Verfolgungsh\u00f6he von 10 bis 130 m (50 bis 80 m empfohlen) und Verteilungsleitungen mit einer Verfolgungsh\u00f6he von 10 bis 50 m (30 bis 50 m empfohlen). Das gro\u00dfe FOV von 80\u00b0 \u00d7 80\u00b0 und die verbesserte Stabilit\u00e4t erm\u00f6glichen es, eine gr\u00f6\u00dfere Bandbreite von Stromleitungen in der gleichen H\u00f6he zu identifizieren. Es ist keine Kurskalibrierung erforderlich, so dass Sie h\u00f6her fliegen k\u00f6nnen, um einen sichereren Betrieb zu gew\u00e4hrleisten. Der L3 ist auch ideal f\u00fcr die Inspektion von Eisenbahnstrecken, D\u00e4mmen und ultrahohen Sendemasten.    <\/p>\n<h4>Forstwirtschaft und Arch\u00e4ologie<\/h4>\n<p>Die F\u00e4higkeit, bis zu 16 Umdrehungen zu erfassen, erm\u00f6glicht eine un\u00fcbertroffene Durchdringung des Bl\u00e4tterdachs, die f\u00fcr die Analyse der Biomasse, die Klassifizierung von Arten oder die Entdeckung von Relikten unter der Vegetation von entscheidender Bedeutung ist. Mit der Zenmuse L3 k\u00f6nnen Sie mehrere Schichten des Bl\u00e4tterdachs und den Boden genau modellieren, was mit weniger leistungsf\u00e4higen Sensoren nicht m\u00f6glich war. Diese F\u00e4higkeit ist auch f\u00fcr die Untersuchung von geologischen Risiken und die Arch\u00e4ologie von kulturellen Relikten von gro\u00dfem Wert.  <\/p>\n<h4>Digitale Zwillinge und Ingenieurwesen<\/h4>\n<p>Die Fusion von LiDAR-Daten und hochaufl\u00f6senden Bildern erm\u00f6glicht die Erstellung fotorealistischer 3D-Modelle f\u00fcr die Stadtplanung, die Baustellen\u00fcberwachung und das Asset Management. Gaussian Splatting bietet \u00fcberlegene Visualisierungen mit optimaler Komprimierung, so dass Ergebnisse in gro\u00dfem Ma\u00dfstab (100 Millionen Punkte) in Sekundenschnelle auf einem Computer mit 4 GB VRAM ge\u00f6ffnet werden k\u00f6nnen, mit fl\u00fcssiger Navigation bei 30+ FPS. <\/p>\n<hr>\n<h3>Vollst\u00e4ndige technische Spezifikationen<\/h3>\n<table>\n<thead>\n<tr>\n<th colspan=\"2\">Allgemeine Merkmale<\/th>\n<\/tr>\n<\/thead>\n<tbody>\n<tr>\n<td>Gewicht<\/td>\n<td>~1,6 kg<\/td>\n<\/tr>\n<tr>\n<td>Schutzart<\/td>\n<td>IP54<\/td>\n<\/tr>\n<tr>\n<td>Betriebstemperatur<\/td>\n<td>-25\u00b0C bis 55\u00b0C<\/td>\n<\/tr>\n<tr>\n<td>Kompatible Drohne<\/td>\n<td>DJI Matrice 400 (ausschlie\u00dflich)<\/td>\n<\/tr>\n<tr>\n<td>Gondel<\/td>\n<td>3 Achsen (Pitch: -120\u00b0 ~ +60\u00b0, Yaw: -80\u00b0 ~ +80\u00b0, Roll: -90\u00b0 ~ +60\u00b0)<\/td>\n<\/tr>\n<\/tbody>\n<\/table>\n<table>\n<thead>\n<tr>\n<th colspan=\"2\">LiDAR-Sensor<\/th>\n<\/tr>\n<\/thead>\n<tbody>\n<tr>\n<td>Laser<\/td>\n<td>1535 nm, Max 100W, Klasse 1<\/td>\n<\/tr>\n<tr>\n<td>Max. Reichweite (@10% Reflektivit\u00e4t) <\/td>\n<td>950 m<\/td>\n<\/tr>\n<tr>\n<td>Empfohlene praktische Reichweite<\/td>\n<td>300-500 m<\/td>\n<\/tr>\n<tr>\n<td>Genauigkeit (120m)<\/td>\n<td>Vertikal: 3 cm, Horizontal: 4 cm<\/td>\n<\/tr>\n<tr>\n<td>Genauigkeit (300m)<\/td>\n<td>Vertikal: 5 cm, Horizontal: 7.5 cm<\/td>\n<\/tr>\n<tr>\n<td>Punktrate<\/td>\n<td>100 kHz \/ 350 kHz \/ 1 MHz \/ 2 MHz (einstellbar)<\/td>\n<\/tr>\n<tr>\n<td>Anzahl der R\u00fccksendungen<\/td>\n<td>Bis zu 16 (abh\u00e4ngig von der Punktzahl)<\/td>\n<\/tr>\n<tr>\n<td>Gr\u00f6\u00dfe des Laserspots (@120m)<\/td>\n<td>\u00d8 41 mm (1\/e\u00b2)<\/td>\n<\/tr>\n<tr>\n<td>Laserdivergenzwinkel<\/td>\n<td>0.25 mrad \u00d7 0.25 mrad (1\/e\u00b2)<\/td>\n<\/tr>\n<tr>\n<td>Scanmodi<\/td>\n<td>Linear repetitiv, sternf\u00f6rmig, nicht repetitiv<\/td>\n<\/tr>\n<tr>\n<td>FOV<\/td>\n<td>80\u00b0 \u00d7 80\u00b0<\/td>\n<\/tr>\n<\/tbody>\n<\/table>\n<table>\n<thead>\n<tr>\n<th colspan=\"2\">Inertiales Navigationssystem (IMU)<\/th>\n<\/tr>\n<\/thead>\n<tbody>\n<tr>\n<td>Winkelgenauigkeit<\/td>\n<td>0.01\u00b0 &amp; 0.02\u00b0 (1\u03c3)<\/td>\n<\/tr>\n<tr>\n<td>Nachverarbeitete Genauigkeit (Heading)<\/td>\n<td>0.02\u00b0 (1\u03c3)<\/td>\n<\/tr>\n<tr>\n<td>Nachbearbeitete Genauigkeit (Pitch\/Roll)<\/td>\n<td>0.01\u00b0 (1\u03c3)<\/td>\n<\/tr>\n<tr>\n<td>POS-Auffrischungsrate<\/td>\n<td>200 Hz<\/td>\n<\/tr>\n<tr>\n<td>Vorw\u00e4rmen<\/td>\n<td>Nicht erforderlich<\/td>\n<\/tr>\n<tr>\n<td>Kalibrierung<\/td>\n<td>Automatisch (Kurs und Nick-\/Rollbewegungen)<\/td>\n<\/tr>\n<\/tbody>\n<\/table>\n<table>\n<thead>\n<tr>\n<th colspan=\"2\">RGB-Kameras<\/th>\n<\/tr>\n<\/thead>\n<tbody>\n<tr>\n<td>Konfiguration<\/td>\n<td>Dual-Kamera<\/td>\n<\/tr>\n<tr>\n<td>Gesamtaufl\u00f6sung<\/td>\n<td>100 MP (12K- oder 6K-Modus verf\u00fcgbar)<\/td>\n<\/tr>\n<tr>\n<td>Sensor<\/td>\n<td>Micro 4\/3 CMOS<\/td>\n<\/tr>\n<tr>\n<td>Verschluss<\/td>\n<td>Mechanisch (Lebensdauer 500.000 Zyklen)<\/td>\n<\/tr>\n<tr>\n<td>Intervall f\u00fcr die Aufnahme von Bildern min.<\/td>\n<td>0.5 Sek. (25 MP) \/ 1.0 Sek. (100 MP)<\/td>\n<\/tr>\n<tr>\n<td>FOV<\/td>\n<td>107\u00b0 (27\u00b0 breiter als LiDAR)<\/td>\n<\/tr>\n<tr>\n<td>GSD (@120m)<\/td>\n<td>1,2 cm<\/td>\n<\/tr>\n<tr>\n<td>GSD (@300m)<\/td>\n<td>3 cm<\/td>\n<\/tr>\n<\/tbody>\n<\/table>\n<table>\n<thead>\n<tr>\n<th colspan=\"2\">Laser-Entfernungsmesser (RNG)<\/th>\n<\/tr>\n<\/thead>\n<tbody>\n<tr>\n<td>Maximale Reichweite<\/td>\n<td>900 m (vs. 500 m f\u00fcr L2)<\/td>\n<\/tr>\n<tr>\n<td>Funktion<\/td>\n<td>Messung der Entfernung zwischen LiDAR und dem Objekt in der Mitte des FOVs<\/td>\n<\/tr>\n<\/tbody>\n<\/table>\n<hr>\n<h3>H\u00e4ufig gestellte Fragen (FAQ)<\/h3>\n<p><strong>F: Ist die Zenmuse L3 mit der Matrice 350 RTK kompatibel?<\/strong><br \/>\nA: Nein, die Zenmuse L3 ist ausschlie\u00dflich mit der <a href=\"https:\/\/drone-parts-center.com\/de\/produkt\/dji-matrice-400\/\" target=\"_blank\" rel=\"noopener\">DJI Matrice 400<\/a> Drohne kompatibel. Diese Exklusivit\u00e4t ist auf den h\u00f6heren Energieverbrauch (100W 1535 nm Laser), das Gewicht von 1,6 kg und die Notwendigkeit zur\u00fcckzuf\u00fchren, die neue, speziell f\u00fcr den L3 entwickelte Gondelhalterung zu verwenden. Die Stromversorgung der Gondel des M350 erf\u00fcllt nicht die Anforderungen von L3.<\/p>\n<p><strong>F: Ist die Datenverarbeitung mit DJI Terra wirklich kostenlos?<\/strong><br \/>\nA: Ja, die Verarbeitung der Daten der Zenmuse L3 in DJI Terra ist v\u00f6llig kostenlos und erfordert keine zus\u00e4tzliche Lizenz. Alle grundlegenden und erweiterten Funktionen sind enthalten, einschlie\u00dflich Fusionsrekonstruktion, Gaussian Splatting, Klassifizierung von Bodenpunkten, DSM\/DEM- und Konturgenerierung sowie umfassende Qualit\u00e4tsberichte. Ein Computer mit 64 GB RAM kann Datasets von mehr als 100 km\u00b2 verarbeiten.  <\/p>\n<p><strong>F: Was ist der Vorteil von 16 Laser-Returns?<\/strong><br \/>\nA: Die 16 Umdrehungen erm\u00f6glichen ein viel tieferes Eindringen in die Vegetation, was eine detaillierte Modellierung mehrerer Schichten des Kronendachs und eine pr\u00e4zise Erfassung von Bodenpunkten erm\u00f6glicht. Diese F\u00e4higkeit ist entscheidend f\u00fcr forstwirtschaftliche (Biomasseanalyse, Klassifizierung von Arten), arch\u00e4ologische (Entdeckung von Relikten unter der Vegetation) und geologische (Risikountersuchung) Anwendungen. Um die Durchdringung zu maximieren, wird empfohlen, eine Frequenz von 350 kHz mit 16 R\u00fcckkopplungen anstelle von 2 MHz mit 4 R\u00fcckkopplungen zu verwenden.  <\/p>\n<p><strong>F: Gibt es eine Aufw\u00e4rmzeit f\u00fcr die IMU?<\/strong><br \/>\nA: Nein, die IMU der Zenmuse L3 ben\u00f6tigt keine Aufw\u00e4rmzeit. Sie ist sofort betriebsbereit, wenn die Drohne eingeschaltet wird, was wertvolle Zeit auf dem Flugplatz spart. Die IMU erreicht automatisch ihren optimalen Betriebszustand, wenn die Route eingeschlagen wird, um eine hohe Effizienz zu gew\u00e4hrleisten. Die Kalibrierung von Kurs und Nick-\/Rollwinkel erfolgt ebenfalls automatisch w\u00e4hrend des Fluges.   <\/p>\n<p><strong>F: Kann ich direkt auf dem Feld messen?<\/strong><br \/>\nA: Ja, DJI Pilot 2 erm\u00f6glicht Echtzeitmessungen (Punkte, Linien, Fl\u00e4chen, Volumen) direkt auf der Fernbedienung mit einer Vorschau der Punktwolke. Diese Funktion ist ideal f\u00fcr schnelle Untersuchungen oder Notfallkartierungen. Die Punktwolke wird auf 5% verd\u00fcnnt, um eine optimale Reaktionsf\u00e4higkeit zu gew\u00e4hrleisten, mit einer auf 50% reduzierten Genauigkeit. Die Messungen k\u00f6nnen mit DJI FH2 synchronisiert werden, um eine erweiterte Analyse zu erm\u00f6glichen.   <\/p>\n<p><strong>F: Welche Ausgabeformate werden unterst\u00fctzt?<\/strong><br \/>\nA: DJI Terra unterst\u00fctzt eine Vielzahl von Ausgabeformaten. F\u00fcr Punktwolken : LAS, LAZ. F\u00fcr Gaussian Splatting: TerraGS, PLY, 3D Tiles. F\u00fcr 3D-Modelle: B3DM, PLY, OSGB, S3MB, OBJ, I3S. F\u00fcr 2D-Karten: GeoTIFF (DOM, DSM, DEM), Shapefile (Umrisse). Diese Flexibilit\u00e4t erm\u00f6glicht eine einfache Integration in Ihre bestehenden Arbeitsabl\u00e4ufe.     <\/p>\n<hr>\n<h3>Serviceplan DJI Care Enterprise Plus<\/h3>\n<p>Beim Kauf der Zenmuse L3 erhalten Sie<strong>ein Jahr DJI Care Enterprise Plus kostenlos<\/strong>. Dieser Premium-Service umfasst : <\/p>\n<ul>\n<li><strong>Unbegrenzte kostenlose Reparaturen<\/strong> innerhalb der Deckungsgrenze<\/li>\n<li><strong>Umfassender Schutz des Ger\u00e4ts<\/strong> vor versehentlichen Sch\u00e4den<\/li>\n<li><strong>Kostenloser bidirektionaler Versand<\/strong> f\u00fcr einen stressfreien Service<\/li>\n<li><strong>Geteilte Deckung<\/strong>: M\u00f6glichkeit, die Deckungssummen innerhalb von 30 Arbeitstagen nach der Aktivierung auf mehrere Ger\u00e4te aufzuteilen.<\/li>\n<\/ul>\n<p>Abgedeckte Gebiete : Kanada, Australien, Japan, S\u00fcdkorea, EU-L\u00e4nder, Vereinigtes K\u00f6nigreich, Schweiz, Norwegen, Liechtenstein, Island, Serbien, Monaco, Hongkong, Mexiko.<\/p>\n<\/div>\n","protected":false},"excerpt":{"rendered":"<div id=\"woocommerce-short-description\">\n<p>Die <strong>DJI Zenmuse L3<\/strong> ist das erste hochpr\u00e4zise LiDAR-System von DJI f\u00fcr die Luft mit gro\u00dfer Reichweite. Es definiert die Effizienz und Genauigkeit f\u00fcr Vermessungs-, Inspektions- und 3D-Modellierungsprofis neu. <\/p>\n<ul>\n<li><strong>Revolution\u00e4re Reichweite:<\/strong> Bis zu <strong>950 m<\/strong> auf Objekten mit geringer Reflektivit\u00e4t (10%).<\/li>\n<li><strong>Zentimetergenaue Genauigkeit:<\/strong> Erreicht eine vertikale Genauigkeit von 3 cm und eine horizontale Genauigkeit von 4 cm in 120 m H\u00f6he.<\/li>\n<li><strong>\u00dcberlegene Durchdringung:<\/strong> Bis zu <strong>16 Laserr\u00fcckf\u00fchrungen<\/strong> und ein ultrad\u00fcnner Spot f\u00fcr eine detaillierte Erfassung unter der Vegetation.<\/li>\n<li><strong>Fusion LiDAR + Dual-Kamera 100MP:<\/strong> Erstellen Sie fotorealistische kolorierte Punktwolken und 2D\/3D-Modelle in einem einzigen Flug.<\/li>\n<li><strong>Integriertes \u00d6kosystem:<\/strong> Kostenlose und leistungsstarke Verarbeitung mit DJI Terra und intelligente Missionsplanung mit DJI Pilot 2.<\/li>\n<\/ul>\n<p><strong>Exklusiv bei Matrice 400:<\/strong> Die Zenmuse L3 ist das ultimative Werkzeug f\u00fcr Profis, die das Beste verlangen.<\/p>\n<\/div>\n","protected":false},"featured_media":217678,"comment_status":"open","ping_status":"closed","template":"","meta":{"_seopress_robots_primary_cat":"none","_seopress_titles_title":"DJI Zenmuse L3 : Hochpr\u00e4zise Luftbild-LiDAR | 3D Topographie","_seopress_titles_desc":"DJI Zenmuse L3: LiDAR 950m, Genauigkeit 2-4cm, 16 R\u00fcckf\u00fchrungen, Dual-Kamera 100MP. Professionelle Topographie- und Inspektionsl\u00f6sung. Kompatibel mit Matrice 400.  ","_seopress_robots_index":""},"product_brand":[19450],"product_cat":[15754,20051],"product_tag":[],"class_list":{"0":"post-217677","1":"product","2":"type-product","3":"status-publish","4":"has-post-thumbnail","6":"product_brand-dji-enterprise","7":"product_cat-photogrammetrie","8":"product_cat-topographie-kartographie","10":"first","11":"onbackorder","12":"taxable","13":"shipping-taxable","14":"purchasable","15":"product-type-simple"},"_links":{"self":[{"href":"https:\/\/drone-parts-center.com\/de\/wp-json\/wp\/v2\/product\/217677","targetHints":{"allow":["GET"]}}],"collection":[{"href":"https:\/\/drone-parts-center.com\/de\/wp-json\/wp\/v2\/product"}],"about":[{"href":"https:\/\/drone-parts-center.com\/de\/wp-json\/wp\/v2\/types\/product"}],"replies":[{"embeddable":true,"href":"https:\/\/drone-parts-center.com\/de\/wp-json\/wp\/v2\/comments?post=217677"}],"wp:featuredmedia":[{"embeddable":true,"href":"https:\/\/drone-parts-center.com\/de\/wp-json\/wp\/v2\/media\/217678"}],"wp:attachment":[{"href":"https:\/\/drone-parts-center.com\/de\/wp-json\/wp\/v2\/media?parent=217677"}],"wp:term":[{"taxonomy":"product_brand","embeddable":true,"href":"https:\/\/drone-parts-center.com\/de\/wp-json\/wp\/v2\/product_brand?post=217677"},{"taxonomy":"product_cat","embeddable":true,"href":"https:\/\/drone-parts-center.com\/de\/wp-json\/wp\/v2\/product_cat?post=217677"},{"taxonomy":"product_tag","embeddable":true,"href":"https:\/\/drone-parts-center.com\/de\/wp-json\/wp\/v2\/product_tag?post=217677"}],"curies":[{"name":"wp","href":"https:\/\/api.w.org\/{rel}","templated":true}]}}