{"id":216521,"date":"2025-10-29T13:32:06","date_gmt":"2025-10-29T12:32:06","guid":{"rendered":"https:\/\/drone-parts-center.com\/produit\/gebrauchtes-drahtgebundenes-system-hiso-te30\/"},"modified":"2026-04-18T10:13:23","modified_gmt":"2026-04-18T08:13:23","slug":"gebrauchtes-drahtgebundenes-system-hiso-te30","status":"publish","type":"product","link":"https:\/\/drone-parts-center.com\/de\/produkt\/gebrauchtes-drahtgebundenes-system-hiso-te30\/","title":{"rendered":"Gebrauchtes drahtgebundenes System HISO TE30"},"content":{"rendered":"<p>Das <strong>gebrauchte HISO TE30 Wired System<\/strong> ist eine hochwertige Stromversorgungsl\u00f6sung f\u00fcr Drohnen, die hier als Demoversion angeboten wird, die kaum genutzt wird. Dieses gebrauchte Modell bietet die gleiche Leistung wie ein neues Produkt und garantiert ein hervorragendes Preis-Leistungs-Verh\u00e4ltnis f\u00fcr anspruchsvolle Profis. <\/p>\n<h2>Gebrauchte kabelgebundene Anlage HISO TE30: Leistung zum g\u00fcnstigen Preis<\/h2>\n<p>Das <strong>kabelgebundene System HISO TE30 occasion<\/strong> wurde f\u00fcr professionelle Drohnen entwickelt und bietet eine kontinuierliche Stromversorgung \u00fcber ein 55 m langes Kabel mit automatischem Abwickler. Dieses System minimiert den Spannungsverlust und bietet eine hohe Zuverl\u00e4ssigkeit, selbst in schwierigen Umgebungen. <\/p>\n<ul>\n<li>Gebrauchtprodukt: Vorf\u00fchrmodell, das kaum benutzt wurde.<\/li>\n<li>55 Meter langes Kabel mit motorisierter Aufwicklung<\/li>\n<li>Ausgangsleistung: 1500 W - ideal f\u00fcr die Versorgung von Drohnen<\/li>\n<li>Temperaturbereich: -20\u00b0C bis +50\u00b0C<\/li>\n<\/ul>\n<figure id=\"attachment_216496\" aria-describedby=\"caption-attachment-216496\" style=\"width: 1000px\" class=\"wp-caption alignnone\"><img loading=\"lazy\" decoding=\"async\" class=\"size-full wp-image-216496\" src=\"https:\/\/drone-parts-center.com\/wp-content\/uploads\/2025\/10\/systeme-filaire-hiso-te30-occasion-7.png\" alt=\"Drohne fliegt \u00fcber eine Stadt mit Wolkenkratzern.\" width=\"1000\" height=\"1000\" srcset=\"https:\/\/drone-parts-center.com\/wp-content\/uploads\/2025\/10\/systeme-filaire-hiso-te30-occasion-7.png 1000w, https:\/\/drone-parts-center.com\/wp-content\/uploads\/2025\/10\/systeme-filaire-hiso-te30-occasion-7-800x800.png 800w, https:\/\/drone-parts-center.com\/wp-content\/uploads\/2025\/10\/systeme-filaire-hiso-te30-occasion-7-280x280.png 280w, https:\/\/drone-parts-center.com\/wp-content\/uploads\/2025\/10\/systeme-filaire-hiso-te30-occasion-7-768x768.png 768w, https:\/\/drone-parts-center.com\/wp-content\/uploads\/2025\/10\/systeme-filaire-hiso-te30-occasion-7-247x247.png 247w, https:\/\/drone-parts-center.com\/wp-content\/uploads\/2025\/10\/systeme-filaire-hiso-te30-occasion-7-510x510.png 510w, https:\/\/drone-parts-center.com\/wp-content\/uploads\/2025\/10\/systeme-filaire-hiso-te30-occasion-7-100x100.png 100w\" sizes=\"auto, (max-width: 1000px) 100vw, 1000px\" \/><figcaption id=\"caption-attachment-216496\" class=\"wp-caption-text\">drahtgebundenes System hiso te30 gebraucht<\/figcaption><\/figure>\n<h2>Ergonomisches und transportables Design<\/h2>\n<p>Das Geh\u00e4use, das in einen Rucksack verwandelt werden kann, ist aus nachhaltigen und umweltfreundlichen Materialien hergestellt. Es bietet einen angenehmen Tragekomfort \u00fcber lange Strecken und sch\u00fctzt die internen Komponenten effektiv. <\/p>\n<h3>Schnelle und sichere Installation<\/h3>\n<p>Die integrierte Steuerungsplattform erm\u00f6glicht eine einfache Verwaltung der Stromversorgung, der LED-Leuchten und der Kabel. Die Installation an der Drohne ist intuitiv, sogar auf dem Feld. <\/p>\n<h2>Multifunktionales Kontrollpanel<\/h2>\n<p>\u00dcber seine physische Schnittstelle kann der  <strong>Kabelgebundenes System HISO TE30 gebraucht<\/strong> erm\u00f6glicht :<\/p>\n<ul>\n<li>die 220V-Steckdosen zu aktivieren<\/li>\n<li>das Kabel automatisch aufzurollen<\/li>\n<li>die LED-Leuchten mit Intensit\u00e4tsregelung zu steuern<\/li>\n<li>eine stabile Hochspannungsversorgung zu gew\u00e4hrleisten<\/li>\n<\/ul>\n<h2>Verwendungszwecke des gebrauchten kabelgebundenen Systems HISO<\/h2>\n<ul>\n<li>Netzwerkinspektion, Sicherheit, Videoaufzeichnung<\/li>\n<li>Luft\u00fcberwachung und Langzeitintervention<\/li>\n<li>Veranstaltungen und Live-\u00dcbertragungen<\/li>\n<\/ul>\n<figure id=\"attachment_216495\" aria-describedby=\"caption-attachment-216495\" style=\"width: 1000px\" class=\"wp-caption alignnone\"><img alt=\"\" loading=\"lazy\" decoding=\"async\" class=\"size-full wp-image-216495\" src=\"https:\/\/drone-parts-center.com\/wp-content\/uploads\/2025\/10\/systeme-filaire-hiso-te30-occasion-8.png\" alt=\"\" width=\"1000\" height=\"1000\" srcset=\"https:\/\/drone-parts-center.com\/wp-content\/uploads\/2025\/10\/systeme-filaire-hiso-te30-occasion-8.png 1000w, https:\/\/drone-parts-center.com\/wp-content\/uploads\/2025\/10\/systeme-filaire-hiso-te30-occasion-8-800x800.png 800w, https:\/\/drone-parts-center.com\/wp-content\/uploads\/2025\/10\/systeme-filaire-hiso-te30-occasion-8-280x280.png 280w, https:\/\/drone-parts-center.com\/wp-content\/uploads\/2025\/10\/systeme-filaire-hiso-te30-occasion-8-768x768.png 768w, https:\/\/drone-parts-center.com\/wp-content\/uploads\/2025\/10\/systeme-filaire-hiso-te30-occasion-8-247x247.png 247w, https:\/\/drone-parts-center.com\/wp-content\/uploads\/2025\/10\/systeme-filaire-hiso-te30-occasion-8-510x510.png 510w, https:\/\/drone-parts-center.com\/wp-content\/uploads\/2025\/10\/systeme-filaire-hiso-te30-occasion-8-100x100.png 100w\" sizes=\"auto, (max-width: 1000px) 100vw, 1000px\" \/><figcaption id=\"caption-attachment-216495\" class=\"wp-caption-text\">drahtgebundenes System hiso te30 gebraucht<\/figcaption><\/figure>\n<h3>Ein gebrauchtes Modell in perfektem Zustand<\/h3>\n<p>Dieses <strong>gebrauchte kabelgebundene System HISO TE30<\/strong> wurde ausschlie\u00dflich zu Demonstrationszwecken verwendet. Es weist keinen nennenswerten Verschlei\u00df auf und funktioniert einwandfrei. Dies ist eine seltene Gelegenheit f\u00fcr Profis, die ein zuverl\u00e4ssiges Ger\u00e4t zu einem niedrigen Preis suchen.  <\/p>\n<h2>Warum sollten Sie sich f\u00fcr dieses gebrauchte HISO-Modell entscheiden?<\/h2>\n<p>Mit seiner fortschrittlichen technischen Leistung, seiner benutzerfreundlichen Schnittstelle und seiner Robustheit ist dieses kabelgebundene System ideal f\u00fcr professionelle Drohnenbetreiber. Als gebrauchte Version bietet es einen hervorragenden Kompromiss zwischen Budget und Effizienz. <\/p>\n<p>W\u00e4hlen Sie ein <strong>gebrauchtes kabelgebundenes System HISO TE30<\/strong>: Profitieren Sie von professioneller Qualit\u00e4t zu einem g\u00fcnstigen Preis, ohne Kompromisse bei der Zuverl\u00e4ssigkeit eingehen zu m\u00fcssen.<\/p>\n<p>Nur kompatibel mit der DJI Matrice M30 und M30T, die Drohne ist nicht im Lieferumfang enthalten.<\/p>\n","protected":false},"excerpt":{"rendered":"<p>Gebrauchtmodell HISO TE30: kabelgebundenes System 55m, 1500W, robust und stabil. Profi-Zuverl\u00e4ssigkeit zu einem g\u00fcnstigen Preis. <\/p>\n","protected":false},"featured_media":216522,"comment_status":"open","ping_status":"closed","template":"","meta":{"_seopress_robots_primary_cat":"none","_seopress_titles_title":"Drahtgebundenes System HISO TE30 zuverl\u00e4ssig gebraucht","_seopress_titles_desc":"Gebrauchtes HISO TE30 Modell, sehr wenig benutzt. Stabiles, zuverl\u00e4ssiges und kosteng\u00fcnstiges Pro-Kabel-System f\u00fcr Drohnen. ","_seopress_robots_index":"","_seopress_analysis_target_kw":""},"product_brand":[19435],"product_cat":[19957,15890],"product_tag":[],"class_list":{"0":"post-216521","1":"product","2":"type-product","3":"status-publish","4":"has-post-thumbnail","6":"product_brand-drone-parts-center","7":"product_cat-auslaufmodelle","8":"product_cat-gebrauchte-drohne","10":"first","11":"instock","12":"taxable","13":"shipping-taxable","14":"purchasable","15":"product-type-simple"},"_links":{"self":[{"href":"https:\/\/drone-parts-center.com\/de\/wp-json\/wp\/v2\/product\/216521","targetHints":{"allow":["GET"]}}],"collection":[{"href":"https:\/\/drone-parts-center.com\/de\/wp-json\/wp\/v2\/product"}],"about":[{"href":"https:\/\/drone-parts-center.com\/de\/wp-json\/wp\/v2\/types\/product"}],"replies":[{"embeddable":true,"href":"https:\/\/drone-parts-center.com\/de\/wp-json\/wp\/v2\/comments?post=216521"}],"wp:featuredmedia":[{"embeddable":true,"href":"https:\/\/drone-parts-center.com\/de\/wp-json\/wp\/v2\/media\/216522"}],"wp:attachment":[{"href":"https:\/\/drone-parts-center.com\/de\/wp-json\/wp\/v2\/media?parent=216521"}],"wp:term":[{"taxonomy":"product_brand","embeddable":true,"href":"https:\/\/drone-parts-center.com\/de\/wp-json\/wp\/v2\/product_brand?post=216521"},{"taxonomy":"product_cat","embeddable":true,"href":"https:\/\/drone-parts-center.com\/de\/wp-json\/wp\/v2\/product_cat?post=216521"},{"taxonomy":"product_tag","embeddable":true,"href":"https:\/\/drone-parts-center.com\/de\/wp-json\/wp\/v2\/product_tag?post=216521"}],"curies":[{"name":"wp","href":"https:\/\/api.w.org\/{rel}","templated":true}]}}