{"id":186780,"date":"2025-06-19T16:36:53","date_gmt":"2025-06-19T14:36:53","guid":{"rendered":"https:\/\/drone-parts-center.com\/produit\/akku-dji-mavic-4-pro\/"},"modified":"2026-04-18T10:51:57","modified_gmt":"2026-04-18T08:51:57","slug":"akku-dji-mavic-4-pro","status":"publish","type":"product","link":"https:\/\/drone-parts-center.com\/de\/produkt\/akku-dji-mavic-4-pro\/","title":{"rendered":"Akku DJI Mavic 4 Pro"},"content":{"rendered":"<h2>Au\u00dfergew\u00f6hnliche Reichweite f\u00fcr lange Fl\u00fcge<\/h2>\n<p>Genie\u00dfen Sie eine maximale Laufzeit von 51 Minuten mit dem <strong>DJI Mavic 4 Pro Akku<\/strong>. Dieser intelligente Akku erm\u00f6glicht es Ihnen, l\u00e4ngere Strecken ohne Unterbrechung zur\u00fcckzulegen, ideal f\u00fcr Profis und Drohnenliebhaber. <\/p>\n<h2>Eine Batterie mit hoher Kapazit\u00e4t, die auf Leistung ausgelegt ist<\/h2>\n<p>Mit einer Kapazit\u00e4t von 6654 mAh sorgt dieser Li-Ion 4S Akku f\u00fcr eine stabile und leistungsstarke Stromversorgung. Er optimiert jeden Flug mit einem intelligenten Lade- und Entlademanagement f\u00fcr eine lang anhaltende Leistung. <\/p>\n<h3>Ladezeiten, die auf Ihre Bed\u00fcrfnisse zugeschnitten sind<\/h3>\n<ul>\n<li>Mit dem DJI 240W Adapter: 1 Akku = 51 Min.<\/li>\n<li>Mit dem 100W USB-C-Ladeger\u00e4t: 1 Batterie = 80 Min.<\/li>\n<li>\u00dcber die Drohne (max. 65 W): 1 Batterie = 115 Min.<\/li>\n<\/ul>\n<p>Diese Zeiten variieren in Abh\u00e4ngigkeit von der Umgebungstemperatur und der Eingangsspannung, sind aber f\u00fcr eine maximale Effizienz optimiert.<\/p>\n<h2>Exklusive Kompatibilit\u00e4t mit der Mavic 4 Pro<\/h2>\n<p>Der Akku ist speziell f\u00fcr den Einsatz in der <a href=\"https:\/\/drone-parts-center.com\/de\/dji-mavic-4-pro-512gb-creator-combo-avec-dji-rc-pro-2-drone-camera-triple-objectif-revolutionnaire-3\/\"><strong>DJI Mavic 4 Pro<\/strong><\/a>. Er ist perfekt in die Struktur der Drohne integriert und garantiert Sicherheit, Stabilit\u00e4t und optimale Leistung. <\/p>\n<h3>Technische Merkmale<\/h3>\n<ul>\n<li>Typ: Li-Ion 4S<\/li>\n<li>Kapazit\u00e4t: 6654 mAh<\/li>\n<li>Ladetemperatur: 5\u00b0 bis 40\u00b0C<\/li>\n<li>Ladezeit je nach verwendeter Methode<\/li>\n<\/ul>\n<h2>Warum sollten Sie sich f\u00fcr den DJI Mavic 4 Pro Akku entscheiden?<\/h2>\n<p>Der DJI Mavic 4 Pro Akku ist ein Muss, wenn Sie l\u00e4nger fliegen und sich dabei sicher f\u00fchlen wollen. Er ist zuverl\u00e4ssig, intelligent und ausdauernd und erm\u00f6glicht es Ihnen, mehr zu erkunden, ohne Kompromisse bei der Sicherheit einzugehen. <\/p>\n<h3>Inhalt der Schachtel<\/h3>\n<ul>\n<li>1 x Intelligenter Akku DJI Mavic 4 Pro<\/li>\n<\/ul>\n<p>Der <strong>DJI Mavic 4 Pro Akku<\/strong> ist das Zubeh\u00f6r, das Sie brauchen, um jeden Flug zu genie\u00dfen. Er ist bereit, jede Herausforderung anzunehmen und verl\u00e4ngert Ihre Flugsitzungen effizient und einfach. <\/p>\n","protected":false},"excerpt":{"rendered":"<p>Intelligenter Akku 6654 mAh f\u00fcr DJI Mavic 4 Pro. Bis zu 51 Minuten Flugzeit. Kompatibel mit Schnellladung und l\u00e4ngerem Flug.  <\/p>\n","protected":false},"featured_media":186781,"comment_status":"open","ping_status":"closed","template":"","meta":{"_seopress_robots_primary_cat":"none","_seopress_titles_title":"Akku DJI Mavic 4 Pro - Betriebsdauer 51 Min.","_seopress_titles_desc":"DJI Mavic 4 Pro Akku mit 51 Minuten Laufzeit. Wird schnell aufgeladen. Kompatibel mit 100W, 240W und Drohnen. Schneller Versand.   ","_seopress_robots_index":"","_seopress_analysis_target_kw":""},"product_brand":[19390],"product_cat":[19957],"product_tag":[],"class_list":{"0":"post-186780","1":"product","2":"type-product","3":"status-publish","4":"has-post-thumbnail","6":"product_brand-dji","7":"product_cat-auslaufmodelle","9":"first","10":"instock","11":"sale","12":"taxable","13":"shipping-taxable","14":"purchasable","15":"product-type-simple"},"_links":{"self":[{"href":"https:\/\/drone-parts-center.com\/de\/wp-json\/wp\/v2\/product\/186780","targetHints":{"allow":["GET"]}}],"collection":[{"href":"https:\/\/drone-parts-center.com\/de\/wp-json\/wp\/v2\/product"}],"about":[{"href":"https:\/\/drone-parts-center.com\/de\/wp-json\/wp\/v2\/types\/product"}],"replies":[{"embeddable":true,"href":"https:\/\/drone-parts-center.com\/de\/wp-json\/wp\/v2\/comments?post=186780"}],"wp:featuredmedia":[{"embeddable":true,"href":"https:\/\/drone-parts-center.com\/de\/wp-json\/wp\/v2\/media\/186781"}],"wp:attachment":[{"href":"https:\/\/drone-parts-center.com\/de\/wp-json\/wp\/v2\/media?parent=186780"}],"wp:term":[{"taxonomy":"product_brand","embeddable":true,"href":"https:\/\/drone-parts-center.com\/de\/wp-json\/wp\/v2\/product_brand?post=186780"},{"taxonomy":"product_cat","embeddable":true,"href":"https:\/\/drone-parts-center.com\/de\/wp-json\/wp\/v2\/product_cat?post=186780"},{"taxonomy":"product_tag","embeddable":true,"href":"https:\/\/drone-parts-center.com\/de\/wp-json\/wp\/v2\/product_tag?post=186780"}],"curies":[{"name":"wp","href":"https:\/\/api.w.org\/{rel}","templated":true}]}}