{"id":176197,"date":"2025-05-15T07:12:37","date_gmt":"2025-05-15T05:12:37","guid":{"rendered":"https:\/\/drone-parts-center.com\/produit\/balkonbefestigungsset-fuer-ecoflow-solarmodule\/"},"modified":"2025-11-29T09:51:20","modified_gmt":"2025-11-29T08:51:20","slug":"balkonbefestigungsset-fuer-ecoflow-solarmodule","status":"publish","type":"product","link":"https:\/\/drone-parts-center.com\/de\/produkt\/balkonbefestigungsset-fuer-ecoflow-solarmodule\/","title":{"rendered":"Balkonbefestigungsset f\u00fcr EcoFlow-Solarmodule"},"content":{"rendered":"<h2>EcoFlow Solar Balkonset: Einfache Installation von Solarmodulen<\/h2>\n<p>Mit dem <strong>EcoFlow Solar Balkonset<\/strong> k\u00f6nnen Sie Ihre starren Solarmodule direkt an Ihrem Balkongel\u00e4nder anbringen. Das Hakensystem garantiert eine sichere, einfache und schnelle Befestigung, auch f\u00fcr Nicht-Handwerker. Das System ist mit Modulen von 100W bis 400W kompatibel.  <\/p>\n<h2>Schnelle und sichere Montage<\/h2>\n<p>Das Set erm\u00f6glicht eine Installation ohne Spezialwerkzeug. Die Haken werden fest an Ihrem Gel\u00e4nder befestigt und sorgen daf\u00fcr, dass das Schild auch bei starkem Wind stabil bleibt. Dank der Windbest\u00e4ndigkeit der Stufe 10 (bis zu 88 km\/h) bleibt Ihre Installation unter allen Bedingungen an Ort und Stelle.  <\/p>\n<h2>EcoFlow Solar Balkonset: Ideal f\u00fcr Stadtbewohner<\/h2>\n<p>Ob Sie in einer Wohnung oder einem Studio leben, dieses <strong>EcoFlow Solar Balkonset<\/strong> ist perfekt, um ohne komplizierte Bauarbeiten von der Sonnenenergie zu profitieren. Es f\u00fcgt sich unauff\u00e4llig in Ihre st\u00e4dtische Umgebung ein und maximiert gleichzeitig die Energieeffizienz. <\/p>\n<h3>Technische Merkmale<\/h3>\n<ul>\n<li>Tragf\u00e4higkeit: 30 kg<\/li>\n<li>Kompatibilit\u00e4t: Module von 100W bis 400W<\/li>\n<li>Nettogewicht: 3,2 kg<\/li>\n<li>Abmessungen: 122,5 x 14,5 x 6 cm<\/li>\n<li>Produkt-Code : 1540<\/li>\n<li>EAN-Code: 4895251606653<\/li>\n<\/ul>\n<h2>Warum sollten Sie dieses Paket w\u00e4hlen?<\/h2>\n<ul>\n<li>Einfache und schnelle Montage<\/li>\n<li>Robuste Befestigung f\u00fcr den Au\u00dfengebrauch<\/li>\n<li>Perfekt f\u00fcr st\u00e4dtische Umgebungen<\/li>\n<li>Zuverl\u00e4ssigkeit und Sicherheit garantiert<\/li>\n<\/ul>\n<p>Das <strong>EcoFlow Solar Balkonset<\/strong> ist eine schl\u00fcsselfertige L\u00f6sung zur Erzeugung Ihrer eigenen Solarenergie, auch wenn Sie keinen Garten haben. Genie\u00dfen Sie die Einfachheit, die Leistung und die Energieautonomie von heute. <\/p>\n","protected":false},"excerpt":{"rendered":"<p>Befestigen Sie mit diesem EcoFlow-Set Solarmodule von 100W bis 400W auf Ihrem Balkon. Einfache Installation, tr\u00e4gt 30 kg und h\u00e4lt Windgeschwindigkeiten von bis zu 88 km\/h stand. <\/p>\n","protected":false},"featured_media":176200,"comment_status":"open","ping_status":"closed","template":"","meta":{"_seopress_robots_primary_cat":"none","_seopress_titles_title":"EcoFlow Solar Balkonset","_seopress_titles_desc":"EcoFlow Solar Balkonset. Installieren Sie Ihre Module sicher und einfach auf Ihrem Balkongel\u00e4nder.","_seopress_robots_index":""},"product_brand":[19453],"product_cat":[],"product_tag":[],"class_list":{"0":"post-176197","1":"product","2":"type-product","3":"status-publish","4":"has-post-thumbnail","6":"product_brand-ecoflow","8":"first","9":"instock","10":"sale","11":"taxable","12":"shipping-taxable","13":"purchasable","14":"product-type-simple"},"_links":{"self":[{"href":"https:\/\/drone-parts-center.com\/de\/wp-json\/wp\/v2\/product\/176197","targetHints":{"allow":["GET"]}}],"collection":[{"href":"https:\/\/drone-parts-center.com\/de\/wp-json\/wp\/v2\/product"}],"about":[{"href":"https:\/\/drone-parts-center.com\/de\/wp-json\/wp\/v2\/types\/product"}],"replies":[{"embeddable":true,"href":"https:\/\/drone-parts-center.com\/de\/wp-json\/wp\/v2\/comments?post=176197"}],"wp:featuredmedia":[{"embeddable":true,"href":"https:\/\/drone-parts-center.com\/de\/wp-json\/wp\/v2\/media\/176200"}],"wp:attachment":[{"href":"https:\/\/drone-parts-center.com\/de\/wp-json\/wp\/v2\/media?parent=176197"}],"wp:term":[{"taxonomy":"product_brand","embeddable":true,"href":"https:\/\/drone-parts-center.com\/de\/wp-json\/wp\/v2\/product_brand?post=176197"},{"taxonomy":"product_cat","embeddable":true,"href":"https:\/\/drone-parts-center.com\/de\/wp-json\/wp\/v2\/product_cat?post=176197"},{"taxonomy":"product_tag","embeddable":true,"href":"https:\/\/drone-parts-center.com\/de\/wp-json\/wp\/v2\/product_tag?post=176197"}],"curies":[{"name":"wp","href":"https:\/\/api.w.org\/{rel}","templated":true}]}}