{"id":174399,"date":"2025-05-13T14:01:47","date_gmt":"2025-05-13T12:01:47","guid":{"rendered":"https:\/\/drone-parts-center.com\/?post_type=product&#038;p=174399"},"modified":"2026-04-18T10:52:32","modified_gmt":"2026-04-18T08:52:32","slug":"kronos-mvc4-fuer-dji-mavic-4-pro","status":"publish","type":"product","link":"https:\/\/drone-parts-center.com\/de\/produkt\/kronos-mvc4-fuer-dji-mavic-4-pro\/","title":{"rendered":"Kronos MVC4 f\u00fcr DJI Mavic 4 Pro"},"content":{"rendered":"<p>Kronos MVC4 ist ein fortschrittliches Sicherheitssystem, das speziell f\u00fcr professionelle Anwender der Drohne DJI Mavic 4 Pro entwickelt wurde, um die Einhaltung gesetzlicher Vorschriften zu gew\u00e4hrleisten und den Betrieb sicherer zu machen. Dieses unverzichtbare DJI Mavic 4 Pro-Zubeh\u00f6r verwandelt Ihre Drohne in ein noch sichereres und vielseitigeres Werkzeug, insbesondere f\u00fcr Missionen, die eine Zertifizierung der Klasse C5 erfordern. Durch die Integration eines Fallschirmrettungssystems (PRS) und eines Flugbeendigungssystems (FTS) wird der Kronos MVC4 zu einer f\u00fchrenden L\u00f6sung f\u00fcr die Risikominimierung w\u00e4hrend des Fluges. Sein Hauptziel ist es, die Sicherheit des Luftraums, der G\u00fcter und der Menschen am Boden im Falle eines Zwischenfalls zu gew\u00e4hrleisten und gleichzeitig den Weg f\u00fcr komplexere Flugoperationen und Szenarien mit erh\u00f6htem Risiko gem\u00e4\u00df den Anforderungen der EASA zu ebnen.   <\/p>\n<h3>Kronos MVC4: Geniale Funktionsweise und optimale Sicherheit<\/h3>\n<p>Die geniale Funktionsweise des Kronos MVC4 beruht auf der perfekten Synergie zwischen seinen Komponenten. In kritischen Situationen unterbricht das Flugbeendigungssystem (FTS Drohne) sofort die Stromzufuhr zu den Motoren der DJI Mavic 4 Pro und verhindert so unkontrollierte Man\u00f6ver. Gleichzeitig entfaltet das Fallschirmbergungssystem (Parachute Drone) selbst\u00e4ndig und fast sofort einen robusten Rettungsfallschirm. Diese schnelle Entfaltung in nur 0,27 Sekunden reduziert die Fallgeschwindigkeit der Drohne drastisch, minimiert die Aufprallenergie und sch\u00fctzt das Flugzeug und seine Umgebung. Die unbegrenzte Autonomie des Erkennungs- und Ausl\u00f6sesystems, verbunden mit einem automatischen Start und einer intelligenten Sicherheitsverriegelung, die in einer H\u00f6he von mehr als 20 Metern aktiviert wird, garantiert einen konstanten Schutz ohne Eingreifen des Piloten, selbst in den unvorhersehbarsten Situationen. Eine Landungserkennung ist ebenfalls integriert, um eine optimale Sicherheit zu gew\u00e4hrleisten.     <\/p>\n<h3>Erlangung der Konformit\u00e4t mit der Klasse C5 Drohne und Ausweitung des Flugbetriebs<\/h3>\n<p>Der Erhalt der Klasse C5 Drohne ist eine wichtige Herausforderung f\u00fcr Betreiber, die das volle Potenzial ihrer DJI Mavic 4 Pro im Rahmen der europ\u00e4ischen Vorschriften nutzen m\u00f6chten. Das Kronos MVC4 Umr\u00fcstungskit erm\u00f6glicht es, die Drohne von ihrer urspr\u00fcnglichen Klasse C2 auf die Klasse C5 umzur\u00fcsten. Dies wird durch die Einhaltung der Standards MoC2511 f\u00fcr das Flugbeendigungssystem (FTS) und MoC2512-M2 f\u00fcr das Fallschirmrettungssystem (PRS) belegt, zwei von der EASA ver\u00f6ffentlichte Standards, die f\u00fcr die Beantragung von SORA\/PDRA-Genehmigungen f\u00fcr Flugmissionen mit hohem Risiko von entscheidender Bedeutung sind. Somit ist der Kronos MVC4 nicht nur ein Sicherheitszubeh\u00f6r, sondern ein echter Pass f\u00fcr erweiterte professionelle Operationen.   <\/p>\n<h3>Einfache Bedienung und einfache Wartung<\/h3>\n<p>Die Benutzerfreundlichkeit steht im Mittelpunkt des Designs der Kronos MVC4. Sein &#8222;Plug &amp; Play&#8220;-Charakter erm\u00f6glicht eine Erstinstallation in nur zwei Minuten, wodurch die Ausfallzeit der Drohne auf ein Minimum reduziert wird. <\/p>\n<h4>Innovatives POD-Ersatzsystem<\/h4>\n<p>Dar\u00fcber hinaus wird das System zur Wiederaufr\u00fcstung des Fallschirms durch das innovative Konzept der Ersatz-PODs erheblich vereinfacht. Nach einem Einsatz oder w\u00e4hrend einer vorbeugenden Wartung (jeder POD hat ein Ablaufdatum) kann der Bediener den alten POD innerhalb weniger Minuten durch einen neuen ersetzen und dabei einfache Wartungsarbeiten selbst durchf\u00fchren. Diese Modularit\u00e4t gew\u00e4hrleistet eine maximale Verf\u00fcgbarkeit der Anlage. Das System ist f\u00fcr den Betrieb in einem Temperaturbereich von -5\u00b0C bis 40\u00b0C ausgelegt, was es unter verschiedenen Betriebsbedingungen zuverl\u00e4ssig macht.   <\/p>\n<h3>Flexibilit\u00e4t mit manueller Aktivierung \u00fcber die Klick-Fernbedienung<\/h3>\n<p>F\u00fcr Situationen, in denen eine menschliche Intervention bevorzugt wird oder notwendig ist, bietet der Kronos MVC4 auch eine manuelle Aktivierungsoption mit der Klick-Fernbedienung. Die Fernbedienung ist ergonomisch, leicht und mit klaren LED-Statusanzeigen ausgestattet und verf\u00fcgt \u00fcber einen internen Akku, der bis zu 30 Stunden Betriebszeit bietet. Die sichere drahtlose Verbindung gew\u00e4hrleistet eine zuverl\u00e4ssige Kommunikation mit dem Fallschirmsystem, mit einer Reichweite von bis zu 1,5 Kilometern unter optimalen Bedingungen.  <\/p>\n<h3>DJIs Verfahren zur Umwandlung und Erhaltung der Herstellergarantie<\/h3>\n<p>Der Umbau Ihrer DJI Mavic 4 Pro in eine Kronos AD Mavic 4 Drohne, die der Klasse C5 entspricht, erfordert die Installation des internen Stromkreisunterbrechungssystems (FTS). Dieser Vorgang muss in einer von unseren Experten oder denen eines zertifizierten H\u00e4ndlers autorisierten Werkstatt durchgef\u00fchrt werden, um eine perfekte und sichere Integration zu gew\u00e4hrleisten. Es ist wichtig zu wissen, dass die DJI-Herstellergarantie erhalten bleibt: Sollte ein DJI-Kundendienst ben\u00f6tigt werden, muss lediglich der gesamte C5-Umr\u00fcstsatz (PRS + FTS) demontiert werden, bevor die Drohne zur Reparatur eingeschickt wird. Mit einem Gesamtgewicht von nur 133 Gramm f\u00fcr das PRS- und FTS-Set wird die Auswirkung auf die Flugleistung der DJI Mavic 4 Pro minimiert.   <\/p>\n<h2 data-anchor=\"Caract%C3%A9ristiques%20Techniques%20du%20Kronos%20MVC4\">Technische Spezifikationen von Kronos MVC4<\/h2>\n<div class=\"mb-4 last:mb-0 whitespace-pre-wrap u-break-words\">Das Kronos MVC4 System f\u00fcr DJI Mavic 4 Pro verf\u00fcgt \u00fcber technische Eigenschaften, die f\u00fcr optimale Leistung und Zuverl\u00e4ssigkeit entwickelt wurden, um die Sicherheit Ihres Flugbetriebs und die Einhaltung gesetzlicher Vorschriften zu gew\u00e4hrleisten.<\/div>\n<ul>\n<li class=\"u-break-words\"><strong>Gesamtgewicht (PRS + FTS) :<\/strong> Nur 133 Gramm, wodurch die Auswirkungen auf die Reichweite und Man\u00f6vrierf\u00e4higkeit der Drohne minimiert werden.<\/li>\n<li class=\"u-break-words\"><strong>Ausl\u00f6sezeit des Fallschirms:<\/strong> Ultra-schnell, in 0,27 Sekunden, was eine sofortige Reaktion im Notfall gew\u00e4hrleistet.<\/li>\n<li class=\"u-break-words\">Anf\u00e4ngliche <strong>Installationszeit:<\/strong> Das System wurde f\u00fcr eine einfache Integration entworfen und kann dank seines &#8222;Plug &amp; Play&#8220;-Designs in ca. 2 Minuten installiert werden.<\/li>\n<li class=\"u-break-words\"><strong>Betriebstemperatur:<\/strong> Die Zuverl\u00e4ssigkeit ist in einem breiten Temperaturbereich von -5\u00b0C bis 40\u00b0C gew\u00e4hrleistet, was den Einsatz unter verschiedenen klimatischen Bedingungen erm\u00f6glicht.<\/li>\n<li class=\"u-break-words\"><strong>Autonomie des Erkennungssystems:<\/strong> Unbegrenzt, das System ist st\u00e4ndig aktiv und bereit, bei Bedarf auszul\u00f6sen, mit automatischem Start.<\/li>\n<li class=\"u-break-words\"><strong>R\u00fcckstellungssystem:<\/strong> Vereinfacht durch das Austausch-POD-System. Die Wiederaufr\u00fcstung nach einem Einsatz oder zur vorbeugenden Wartung dauert nur wenige Minuten, da der POD einfach ausgetauscht wird. <\/li>\n<li class=\"u-break-words\"><strong>Einhaltung gesetzlicher Vorschriften:<\/strong> Erm\u00f6glicht die Erreichung der Klasse C5 f\u00fcr den DJI Mavic 4 Pro, in \u00dcbereinstimmung mit den von der EASA ver\u00f6ffentlichten Standards MOC2511 (Flight Termination System) und MOC2512-M2 (Parachute Recovery System).<\/li>\n<li class=\"u-break-words\"><strong>Aktivierung:<\/strong> Intelligente autonome Entfaltung mit Landeerkennung und automatischer Sicherheitsverriegelung bei mehr als 20 Metern. Eine manuelle Aktivierungsoption ist ebenfalls \u00fcber die Klick-Fernbedienung verf\u00fcgbar. <\/li>\n<li class=\"u-break-words\"><strong>Klick-Fernbedienung (f\u00fcr manuelle Aktivierung):<\/strong> Ergonomisch und leicht, mit LED-Anzeigen, interner Batterie f\u00fcr 30 Stunden und einer sicheren drahtlosen Reichweite von bis zu 1,5 km unter optimalen Bedingungen.<\/li>\n<li class=\"u-break-words\"><strong>Komponenten des Umr\u00fcstsatzes C5 (Referenz: PRS-FTS-MOC Kronos AD Mavic 4) :<\/strong> Enth\u00e4lt das Kronos Mavic 4 Parachute Recovery System (PRS), das Kronos Mavic 4 Internal Flight Termination System (FTS) und die EASA-Konformit\u00e4tsdokumente.<\/li>\n<li class=\"u-break-words\"><strong>FTS Installation:<\/strong> Die Installation des internen Stromkreisunterbrechers (FTS) sollte von Experten in einer autorisierten Werkstatt durchgef\u00fchrt werden, um eine korrekte und sichere Integration zu gew\u00e4hrleisten und die DJI-Garantie zu erhalten (das Kit muss vor dem Versand an den DJI-Kundendienst zerlegt werden).<\/li>\n<\/ul>\n<div class=\"mb-4 last:mb-0 whitespace-pre-wrap u-break-words\">Diese Eigenschaften machen den Kronos MVC4 zu einem Spitzenger\u00e4t f\u00fcr Profis, die ein H\u00f6chstma\u00df an Sicherheit und Konformit\u00e4t f\u00fcr ihre Operationen mit der DJI Mavic 4 Pro ben\u00f6tigen.<\/div>\n<div><\/div>\n<div>\n<h3>Schlussfolgerung: Der Kronos MVC4, eine umfassende und unverzichtbare Sicherheitsl\u00f6sung<\/h3>\n<p>Zusammenfassend l\u00e4sst sich sagen, dass das Kronos MVC4 Fallschirmrettungssystem f\u00fcr die DJI Mavic 4 Pro mehr als nur ein Zubeh\u00f6rteil ist. Es ist eine umfassende und unverzichtbare Sicherheitsl\u00f6sung f\u00fcr jeden professionellen Betreiber, der sich um die Einhaltung gesetzlicher Vorschriften, den Schutz seiner Ausr\u00fcstung und die Sicherheit seiner Operationen k\u00fcmmert. Es bietet einen unsch\u00e4tzbaren Seelenfrieden, der es Ihnen erm\u00f6glicht, sich auf den Erfolg selbst der anspruchsvollsten Missionen zu konzentrieren, w\u00e4hrend Sie das volle Potenzial der DJI Mavic 4 Pro unter Einhaltung der strengsten europ\u00e4ischen Normen nutzen k\u00f6nnen.  <\/p>\n<\/div>\n","protected":false},"excerpt":{"rendered":"<p>Entdecken Sie Kronos MVC4, das Fallschirm- und FTS-System f\u00fcr die DJI Mavic 4 Pro. Erf\u00fcllen Sie die Anforderungen der Klasse C5 und sorgen Sie f\u00fcr maximale Flugsicherheit. Schnelle Installation, autonomer Einsatz.  <\/p>\n","protected":false},"featured_media":174400,"comment_status":"open","ping_status":"closed","template":"","meta":{"_seopress_robots_primary_cat":"none","_seopress_titles_title":"Kronos MVC4: Fallschirmdrohne DJI Mavic 4 Pro (Klasse C5, FTS)","_seopress_titles_desc":"Entdecken Sie Kronos MVC4, das Fallschirm- und FTS-System f\u00fcr die DJI Mavic 4 Pro. Erf\u00fcllen Sie die Anforderungen der Klasse C5 und sorgen Sie f\u00fcr maximale Flugsicherheit. Schnelle Installation, autonomer Einsatz.  ","_seopress_robots_index":"","_seopress_analysis_target_kw":""},"product_brand":[19486],"product_cat":[16529],"product_tag":[],"class_list":{"0":"post-174399","1":"product","2":"type-product","3":"status-publish","4":"has-post-thumbnail","6":"product_brand-dronavia","7":"product_cat-fallschirme","9":"first","10":"onbackorder","11":"taxable","12":"shipping-taxable","13":"purchasable","14":"product-type-simple"},"_links":{"self":[{"href":"https:\/\/drone-parts-center.com\/de\/wp-json\/wp\/v2\/product\/174399","targetHints":{"allow":["GET"]}}],"collection":[{"href":"https:\/\/drone-parts-center.com\/de\/wp-json\/wp\/v2\/product"}],"about":[{"href":"https:\/\/drone-parts-center.com\/de\/wp-json\/wp\/v2\/types\/product"}],"replies":[{"embeddable":true,"href":"https:\/\/drone-parts-center.com\/de\/wp-json\/wp\/v2\/comments?post=174399"}],"wp:featuredmedia":[{"embeddable":true,"href":"https:\/\/drone-parts-center.com\/de\/wp-json\/wp\/v2\/media\/174400"}],"wp:attachment":[{"href":"https:\/\/drone-parts-center.com\/de\/wp-json\/wp\/v2\/media?parent=174399"}],"wp:term":[{"taxonomy":"product_brand","embeddable":true,"href":"https:\/\/drone-parts-center.com\/de\/wp-json\/wp\/v2\/product_brand?post=174399"},{"taxonomy":"product_cat","embeddable":true,"href":"https:\/\/drone-parts-center.com\/de\/wp-json\/wp\/v2\/product_cat?post=174399"},{"taxonomy":"product_tag","embeddable":true,"href":"https:\/\/drone-parts-center.com\/de\/wp-json\/wp\/v2\/product_tag?post=174399"}],"curies":[{"name":"wp","href":"https:\/\/api.w.org\/{rel}","templated":true}]}}