{"id":174377,"date":"2025-05-13T13:56:29","date_gmt":"2025-05-13T11:56:29","guid":{"rendered":"https:\/\/drone-parts-center.com\/?post_type=product&#038;p=174377"},"modified":"2025-11-29T09:53:08","modified_gmt":"2025-11-29T08:53:08","slug":"dji-rc-pro-2-die-ultimative-fernsteuerung-fuer-professionelle-flugkontrolle","status":"publish","type":"product","link":"https:\/\/drone-parts-center.com\/de\/produkt\/dji-rc-pro-2-die-ultimative-fernsteuerung-fuer-professionelle-flugkontrolle\/","title":{"rendered":"DJI RC Pro 2: Die ultimative Fernsteuerung f\u00fcr professionelle Flugkontrolle"},"content":{"rendered":"<p>Entdecken Sie die <strong>DJI RC Pro 2<\/strong>, die Fernsteuerung, die das Erlebnis des Drohnenfliegens und der Luftfilmkreation neu definiert. Die DJI RC Pro 2 wurde f\u00fcr anspruchsvolle Profis und Technikbegeisterte entwickelt und vereint Spitzenleistung, ergonomisches Design und intelligente Funktionen, um Ihnen eine un\u00fcbertroffene Kontrolle und Zuverl\u00e4ssigkeit zu bieten. Tauchen Sie ein in die Action und nehmen Sie atemberaubende Bilder auf, die einfach und pr\u00e4zise sind.  <\/p>\n<h2 id=\"une-experience-visuelle-inegalee-avec-lecran-mini-led-haute-luminosite\">Un\u00fcbertroffenes Seherlebnis mit dem hellen Mini-LED-Bildschirm<\/h2>\n<p>In der Mitte des DJI RC Pro 2 befindet sich ein wundersch\u00f6ner <strong>7-Zoll-Mini-LED-Bildschirm<\/strong>, der die Art und Weise, wie Sie Ihren Flug sehen, ver\u00e4ndert. Mit einer au\u00dfergew\u00f6hnlichen Spitzenhelligkeit von <g id=\"gid_1\">2000 Nits<\/g> und einer Dauerhelligkeit von <g id=\"gid_2\">1600 Nits<\/g> sorgt dieser Bildschirm f\u00fcr perfekte Klarheit, selbst bei direkter Sonneneinstrahlung. Das beeindruckende Kontrastverh\u00e4ltnis von <g id=\"gid_3\">1.000.000:1<\/g>, die 10-Bit-Farbunterst\u00fctzung und die 98%ige Abdeckung des DCI-P3-Farbraums sorgen f\u00fcr eine au\u00dfergew\u00f6hnlich naturgetreue und satte Farbwiedergabe. Ob Sie nun die HDR-Sequenzen, die Sie mit Ihrer DJI Mavic 4 Pro Drohne aufgenommen haben, in Echtzeit betrachten oder Ihre D-Log\/D-Log M\/HLG-Einstellungen mit Hilfe der Assisted Display-Funktionen verfeinern, jedes Detail wird mit absoluter Pr\u00e4zision wiedergegeben, so dass Sie die volle Kontrolle \u00fcber Ihre visuelle Kreation haben.   <\/p>\n<h2 id=\"conception-intelligente-et-ergonomie-pensee-pour-les-createurs\">Intelligentes Design und Ergonomie f\u00fcr Designer<\/h2>\n<p>Die DJI RC Pro 2 gl\u00e4nzt durch ihr <strong>intelligentes, integriertes Faltdesign<\/strong>. Klappen Sie die Fernsteuerung auf und sie schaltet sich sofort ein, wobei die Joysticks automatisch und reibungslos einrasten, so dass Sie sofort mit der Kreativit\u00e4t beginnen k\u00f6nnen. Wenn Sie die Joysticks einklappen, schaltet sich der Bildschirm aus und wechselt in den energiesparenden Standby-Modus, um die Akkulaufzeit zu verl\u00e4ngern. Die <g id=\"gid_1\">klappbaren Joysticks m\u00fcssen nicht zusammengebaut<\/g> werden, was Ihren Arbeitsablauf vor Ort vereinfacht. Dar\u00fcber hinaus ist der Bildschirm <g id=\"gid_2\">drehbar<\/g> und synchronisiert sich perfekt mit der Gondel kompatibler Drohnen wie der DJI Mavic 4 Pro oder der DJI Mini 4 Pro, so dass Sie <g id=\"gid_3\">sofort vertikale Aufnahmen<\/g> machen k\u00f6nnen. Im Portraitmodus ist die Anzeigefl\u00e4che bis zu 5,5 mal gr\u00f6\u00dfer als die des DJI RC 2, was einen optimalen Betrachtungskomfort f\u00fcr vertikale Inhalte bietet. Der Bildschirm ist auf der Oberseite positioniert und kann in der Neigung verstellt werden, um einen idealen Blickwinkel aus jeder Hand zu gew\u00e4hrleisten.      <\/p>\n<h2 id=\"performances-de-transmission-revolutionnaires-avec-o4\">Revolution\u00e4re \u00dcbertragungsleistung mit O4+.<\/h2>\n<p>Die Zuverl\u00e4ssigkeit der Verbindung ist w\u00e4hrend des Fluges von entscheidender Bedeutung. Aus diesem Grund ist die DJI RC Pro 2 mit<strong>hochverst\u00e4rkenden Multibeam-Antennen der Enterprise-Klasse<\/strong> und der <strong>O4+ Video\u00fcbertragungstechnologie<\/strong> ausgestattet. Bei Verwendung mit der DJI Mavic 4 Pro bietet sie eine erstaunliche \u00dcbertragungsreichweite von bis zu <strong>30 km (FCC-Standard) oder 15 km (SRRC-Standard)<\/strong>, mit 10-Bit-HDR-\u00dcbertragung f\u00fcr realistischere Bilder und ein au\u00dfergew\u00f6hnlich stabiles Signal. Diese hochmoderne Technologie sorgt f\u00fcr eine robuste und reibungslose Verbindung, selbst in komplexen Umgebungen. Die Fernsteuerung ist auch mit den Drohnen DJI Air 3S, DJI Air 3 und DJI Mini 4 Pro kompatibel, wobei die \u00dcbertragungstechnologie an die Spezifikationen des angeschlossenen Ger\u00e4ts angepasst wird.    <\/p>\n<h2 id=\"fonctionnalites-avancees-pour-une-creativite-sans-limites\">Erweiterte Funktionen f\u00fcr grenzenlose Kreativit\u00e4t<\/h2>\n<p>Der DJI RC Pro 2 ist vollgepackt mit Funktionen, die Ihr Flug- und Aufnahmeerlebnis vereinfachen und bereichern:<\/p>\n<ul>\n<li><strong>Hochwertige Audioqualit\u00e4t:<\/strong> Ein <strong>Mikrofon ist<\/strong> direkt in die Fernsteuerung <strong>integriert<\/strong>. F\u00fcr eine noch bessere Audioqualit\u00e4t schlie\u00dfen Sie einfach die <strong>DJI Mic-Serie<\/strong> an (separat erh\u00e4ltlich). <\/li>\n<li><strong>Gro\u00dfz\u00fcgige Akkulaufzeit und Speicher:<\/strong> Genie\u00dfen Sie eine <strong>verl\u00e4ngerte Akkulaufzeit von bis zu 4 Stunden<\/strong>, was der Verwendung von vier Mavic 4 Pro-Batterien entspricht. Mit <strong>128 GB internem Speicher<\/strong> (ca. 100 GB tats\u00e4chlich verf\u00fcgbar), der mit einer microSD-Karte erweitert werden kann, werden Sie nie zu wenig Platz f\u00fcr Ihre Aufnahmen und Anwendungen haben. <\/li>\n<li><strong>Dynamische Startpunkt\u00fcbernahme:<\/strong> Diese Funktion ist ideal f\u00fcr Aufnahmen aus einem fahrenden Fahrzeug und aktualisiert die Position des Startpunktes in Echtzeit, um einen sicheren R\u00fcckflug Ihrer Drohne zu gew\u00e4hrleisten.<\/li>\n<li><strong>Integrierter Simulator und Tutorials:<\/strong> Der integrierte Simulator ist ideal f\u00fcr Anf\u00e4nger und reproduziert reale Flugbedingungen f\u00fcr ein schnelles und sicheres Erlernen der Man\u00f6ver.<\/li>\n<li><strong>Live-Streaming leicht gemacht:<\/strong> Dank seiner leistungsstarken Hardware unterst\u00fctzt der RC Pro 2 <strong>Live-Streaming-Anwendungen von Drittanbietern<\/strong>. Zeigen Sie Ihre Fl\u00fcge live, bearbeiten Sie Ihre Aufnahmen direkt auf der Fernsteuerung und teilen Sie sie sofort \u00fcber soziale Netzwerke, ohne dass Sie einen Computer ben\u00f6tigen. <\/li>\n<li><strong>Pr\u00e4zise Parametersteuerung:<\/strong> Ein <strong>neues Einstellrad<\/strong> mit f\u00fcnfdimensionalen Tasten ist so positioniert, dass es auch mit Handschuhen bequem mit dem Daumen bedient werden kann. Stellen Sie Blende, Verschlusszeit und ISO schnell ein und navigieren Sie durch Ihre Aufnahmen mit einer unglaublichen Effizienz. <\/li>\n<\/ul>\n<h2 id=\"ameliorations-significatives-par-rapport-a-la-dji-rc-pro\">Signifikante Verbesserungen im Vergleich zum DJI RC Pro<\/h2>\n<p>Der DJI RC Pro 2 ist eine gro\u00dfe Entwicklung im Vergleich zu seinem Vorg\u00e4nger und bietet :<\/p>\n<ul>\n<li>Ein gr\u00f6\u00dferes, helleres 7,02-Zoll-Display mit einer besseren Farbwiedergabe.<\/li>\n<li>Ein innovatives, faltbares Design mit automatischem Ein- und Ausklappen der Joysticks.<\/li>\n<li>Die F\u00e4higkeit, den Bildschirm zu drehen, um native vertikale Aufnahmen zu machen.<\/li>\n<li>Eine \u00fcberlegene Positionierung des Bildschirms mit einstellbarem Neigungswinkel.<\/li>\n<li>Ein neues Steuerrad f\u00fcr schnelle Anpassungen.<\/li>\n<li>Ein leistungsf\u00e4higeres O4+-\u00dcbertragungssystem mit Antennen in professioneller Qualit\u00e4t.<\/li>\n<li>Die Integration eines Mikrofons und die erweiterte Kompatibilit\u00e4t mit der DJI Mic-Serie und Anwendungen von Drittanbietern f\u00fcr das Streaming.<\/li>\n<\/ul>\n<h2 id=\"connectivite-et-compatibilite\">Konnektivit\u00e4t und Kompatibilit\u00e4t<\/h2>\n<p>Die DJI RC Pro 2 verf\u00fcgt \u00fcber einen <strong>Standard-HDMI-Anschluss<\/strong> f\u00fcr die Videoausgabe, einen microSD-Kartensteckplatz und einen USB-C-Anschluss zum Aufladen (kompatibel mit PD-Schnellladung bis zu 65 W) und f\u00fcr den Anschluss an einen Computer. Es verf\u00fcgt auch \u00fcber einen eingebauten Lautsprecher. Die Tasten C1, C2, die 5D-Taste und das rechte Scrollrad k\u00f6nnen \u00fcber die DJI Fly App angepasst werden. Firmware-Updates k\u00f6nnen einfach \u00fcber die DJI Fly Anwendung oder die DJI Assistant 2 Software (Consumer Drones Series) durchgef\u00fchrt werden.   <\/p>\n<p>Derzeit ist die DJI RC Pro 2 mit den Drohnen <strong>DJI Mavic 4 Pro, DJI Mini 4 Pro, DJI Air 3S und DJI Air 3<\/strong> kompatibel. Es wird empfohlen, die offiziellen Informationen von DJI f\u00fcr zuk\u00fcnftige Kompatibilit\u00e4tsaktualisierungen zu konsultieren. <\/p>\n<p>Die Fernsteuerung DJI RC Pro 2 ist viel mehr als nur ein Controller; sie ist der unverzichtbare Partner f\u00fcr alle Flugk\u00fcnstler, die nach Exzellenz, Zuverl\u00e4ssigkeit und einer intuitiven und leistungsstarken Benutzererfahrung suchen. Erh\u00f6hen Sie Ihre Kunst mit der DJI RC Pro 2. <\/p>\n<h2 id=\"foire-aux-questions-faq-dji-rc-pro-2\">H\u00e4ufig gestellte Fragen (FAQ) - DJI RC Pro 2<\/h2>\n<p><strong>F: Wie kann ich Aufnahmen des DJI RC Pro 2 auf einem Smartphone teilen?<\/strong><\/p>\n<p>A: DJI RC Pro 2 konzentriert sich auf Ihr Flugerlebnis und die Steuerung. Um Aufnahmen zu verwalten und Videos zu teilen, installieren Sie bitte die DJI Fly App auf Ihrem Smartphone und verbinden Sie Ihr Smartphone \u00fcber Wi-Fi direkt mit dem Ger\u00e4t. Sie k\u00f6nnen dann die QuickTransfer-Funktion verwenden, um Aufnahmen direkt von der Kamera auf Ihr Smartphone zu laden. Sie k\u00f6nnen Ihre Aufnahmen auch direkt von der Fernsteuerung aus bearbeiten und sie dann \u00fcber die FlyShare-Funktion der DJI Fly-Anwendung auf Ihr Telefon \u00fcbertragen. Mit FlyShare k\u00f6nnen Sie Bildschirmaufnahmen, Cache-Dateien, von der Kamera heruntergeladene Sequenzen und Dateien aus der Galerie der Fernsteuerung teilen.    <\/p>\n<p><strong>F: Was sind die wichtigsten Verbesserungen von DJI RC Pro 2 im Vergleich zu DJI RC Pro?<\/strong><\/p>\n<p>A: Die Verbesserungen umfassen: 1. einen neuen 7-Zoll-Breitbildschirm mit h\u00f6herer Helligkeit (2000 nits max, 1600 nits unterst\u00fctzt) und einer besseren Farbwiedergabe. 2. Faltbarer Bildschirm, der beim Ausklappen aufleuchtet und gleichzeitig die Joysticks ausklappt. 3. Drehbarer Bildschirm. 4. Oben angebrachter Bildschirm mit einstellbarem Neigungswinkel, der den Griffwinkel nicht einschr\u00e4nkt. 5. Neuer Drehknopf f\u00fcr schnelle Einstellungen im Pro-Modus oder f\u00fcr die Navigation im Album. 6. Enterprise-Level High-Gain Multibeam-Antennen zur Verbesserung der \u00dcbertragungsleistung (O4+ mit DJI Mavic 4 Pro). 7. Integriertes Mikrofon und Anschlussm\u00f6glichkeit an die DJI Mic-Serie (separat erh\u00e4ltlich), die eine hohe Klangqualit\u00e4t beim Streaming bietet, auch bei Anwendungen von Drittanbietern.       <\/p>\n<p><strong>F: Welche Anschl\u00fcsse hat der DJI RC Pro 2?<\/strong><\/p>\n<p>A: Ein Standard-HDMI-Anschluss, ein microSD-Kartensteckplatz und ein USB-C-Anschluss (zum Aufladen und zur Verbindung mit einem Computer).<\/p>\n<p><strong>F: Verf\u00fcgt der DJI RC Pro 2 \u00fcber einen Lautsprecher und ein Mikrofon?<\/strong><\/p>\n<p>A: Ja, die DJI RC Pro 2 verf\u00fcgt \u00fcber einen Lautsprecher und ein Mikrofon. Sie kann auch mit der DJI Mic Serie (separat erh\u00e4ltlich) f\u00fcr eine optimierte Audioaufnahme verwendet werden. <\/p>\n<p><strong>F: Hat die DJI RC Pro 2 anpassbare Tasten?<\/strong><\/p>\n<p>A: Ja. Die Tasten C1, C2, 5D und das rechte Rad der DJI RC Pro 2 k\u00f6nnen in der DJI Fly Anwendung angepasst werden, um die Drohne bequemer zu steuern. <\/p>\n<p><strong>F: Wie kann ich die Firmware des DJI RC Pro 2 aktualisieren?<\/strong><\/p>\n<p>A: Die Firmware Ihrer DJI RC Pro 2 kann \u00fcber die DJI Fly Anwendung aktualisiert werden. Sie k\u00f6nnen die Firmware auch mit Hilfe der DJI Assistant 2 Software (Freizeitdrohnen) auf Ihrem Computer aktualisieren. Die neueste Version der Software finden Sie im Abschnitt &#8222;Downloads&#8220; auf der offiziellen Produktseite des DJI RC Pro 2.  <\/p>\n<p><strong>F: Kann ich Anwendungen von Drittanbietern auf dem DJI RC Pro 2 installieren?<\/strong><\/p>\n<p>A: Ja, Sie k\u00f6nnen Anwendungen von Drittanbietern \u00fcber den eingebauten Browser herunterladen oder APK-Dateien von einer microSD-Karte installieren. (DJI ist nicht verantwortlich f\u00fcr Sicherheits- oder Berechtigungsprobleme, die durch die Verwendung von Drittanbieter-Anwendungen verursacht werden. Wenn eine installierte Anwendung von Drittanbietern Sie daran hindert, die Fernsteuerung optimal zu nutzen, empfehlen wir Ihnen, die Anwendung zu deinstallieren oder die Fernsteuerung auf die Werkseinstellungen zur\u00fcckzusetzen). <\/p>\n<p><strong>F: Unterst\u00fctzt der DJI RC Pro 2 das Schnellladen?<\/strong><\/p>\n<p>A: Ja, sie ist mit dem PD-Protokoll und einer Schnellladung von bis zu 65 W (20 V\/3,25 A) kompatibel.<\/p>\n<p><strong>F: Welche Flugzeugmodelle sind mit dem DJI RC Pro 2 kompatibel?<\/strong><\/p>\n<p>A: DJI RC Pro 2 ist derzeit mit DJI Mavic 4 Pro, DJI Mini 4 Pro, DJI Air 3S und DJI Air 3 kompatibel. Halten Sie Ausschau nach offiziellen Updates f\u00fcr die Kompatibilit\u00e4t mit zuk\u00fcnftigen Modellen. <\/p>\n<h2 id=\"specifications-techniques-detaillees-dji-rc-pro-2\">Detaillierte technische Spezifikationen - DJI RC Pro 2<\/h2>\n<h4><strong>Video-\u00dcbertragung<\/strong><\/h4>\n<p><strong>\u00dcbertragungssystem:<\/strong> O4\/O4+ (Die Technologie der Video\u00fcbertragung wechselt je nach angeschlossener Drohne au\u00dferhalb der Mavic 4 Pro, die \u00dcbertragungsdistanz \u00e4ndert sich dementsprechend ebenfalls). *<\/p>\n<p><strong>Betriebsfrequenzen :<\/strong> * 2,4000 GHz bis 2,4835 GHz * 5,170 GHz bis 5,250 GHz * 5,725 GHz bis 5,850 GHz (Die zul\u00e4ssigen Frequenzen variieren je nach Land und Region, bitte beachten Sie die \u00f6rtlichen Gesetze und Vorschriften). *<\/p>\n<p>Antenne<strong>:<\/strong> Multibeam-Antennen mit hoher Verst\u00e4rkung auf Unternehmensniveau, 2 Sender, 4 Empf\u00e4nger *.<\/p>\n<p><strong>Leistung des Senders (EIRP) :<\/strong> * 2,4 GHz :  &lt;33 dBm (FCC),  &lt;20 dBm (CE\/SRRC\/MIC) * 5,1 GHz :  &lt;23 dBm (CE) * 5,8 GHz :  &lt;33 dBm (FCC),  &lt;14 dBm (CE),  &lt;30 dBm (SRRC)<\/p>\n<p><strong>Wi-Fi<\/strong> * <strong>Protokoll:<\/strong> 802.11 a\/b\/g\/n\/ac\/ax *<\/p>\n<p><strong>Betriebsfrequenzen :<\/strong> * 2,4000 GHz bis 2,4835 GHz * 5,150 GHz bis 5,250 GHz * 5,725 GHz bis 5,850 GHz (Die zul\u00e4ssigen Frequenzen variieren je nach Land und Region, bitte beachten Sie die \u00f6rtlichen Gesetze und Vorschriften). *<\/p>\n<p><strong>Leistung des Senders (EIRP) :<\/strong> * 2,4 GHz: &lt;26 dBm (FCC), &lt;20 dBm (CE\/SRRC\/MIC) * 5,1 GHz: &lt;23 dBm (FCC\/CE\/SRRC\/MIC) * 5,8 GHz: &lt;23 dBm (FCC\/SRRC), &lt;14 dBm (CE)<\/p>\n<p><strong>Bluetooth<\/strong> * <strong>Protokoll:<\/strong> Bluetooth 5.2 * <strong>Betriebsfrequenz:<\/strong> 2,400 GHz bis 2,4835 GHz * <strong>Leistung des Senders (EIRP):<\/strong> &lt;10 dBm<\/p>\n<h4><strong>Bildschirm<\/strong> *<\/h4>\n<p><strong>Aufl\u00f6sung:<\/strong> 1920\u00d71200 Pixel *.<\/p>\n<p><strong>Abmessungen:<\/strong> 7,02 Zoll *.<\/p>\n<p><strong>Bildwiederholrate:<\/strong> 60 Bilder pro Sekunde *.<\/p>\n<p><strong>Helligkeit:<\/strong> 2000 nits (Spitzenwert @APL 10%), 1600 nits (kontinuierliche Helligkeit) *.<\/p>\n<p>Touchscreen<strong>:<\/strong> 10 Multi-Touch-Punkte<\/p>\n<h4><strong>Allgemeine Einstellungen<\/strong><\/h4>\n<p><strong>Akku:<\/strong> 18650 Li-Ion, 44,64 Wh (7,2 V, 3100 mAh \u00d7 2) *.<\/p>\n<p><strong>Lademethode:<\/strong> PD-Protokoll-kompatibel, bis zu 65 W bei Schnellladung (20 V, 3,25 A) * <strong>T<\/strong><\/p>\n<p><strong>Ladezeit:<\/strong> Ca. 1,5 Stunden (mit einem tragbaren DJI 65 W Ladeger\u00e4t) *.<\/p>\n<p>Akkulaufzeit<strong>:<\/strong> Bis zu 4 Stunden (Getestet in einer Laborumgebung bei 25 \u00b0C mit DJI RC Pro 2, verbunden mit DJI Mavic 4 Pro im normalen Flug und Aufnahme eines 1080p\/60 fps Videos). *<\/p>\n<p><strong>Video-Ausgangsport :<\/strong> Standard-HDMI-Anschluss *<\/p>\n<p><strong>Temperatur bei Betrieb :<\/strong> -10 \u00b0C bis 40 \u00b0C *<\/p>\n<p><strong>Temperatur bei Lagerung :<\/strong> * -30 \u00b0C bis 60 \u00b0C (innerhalb eines Monats) * -30 \u00b0C bis 45 \u00b0C (zwischen einem und drei Monaten) * -30 \u00b0C bis 35 \u00b0C (zwischen drei und sechs Monaten) * -30 \u00b0C bis 25 \u00b0C (mehr als sechs Monate) *<\/p>\n<p><strong>Ideale Umgebungstemperatur zum Aufladen:<\/strong> 5 \u00b0C bis 40 \u00b0C *.<\/p>\n<p><strong>Kompatible DJI-Drohnen:<\/strong> DJI Mavic 4 Pro, DJI Mini 4 Pro, DJI Air 3S, DJI Air 3 (Bitte beachten Sie die offiziellen Informationen f\u00fcr zuk\u00fcnftige Kompatibilit\u00e4tsupdates). *<\/p>\n<p><strong>GNSS:<\/strong> GPS + BeiDou + Galileo *.<\/p>\n<p><strong>Abmessungen (gefaltet):<\/strong> 182 mm \u00d7 139 mm \u00d7 61 mm *.<\/p>\n<p><strong>Gewicht:<\/strong> ca. 750 g *<\/p>\n<p><strong>Modell:<\/strong> RC520<\/p>\n<h4><strong>Lagerung<\/strong> *<\/h4>\n<p><strong>Interner Speicher:<\/strong> 128 GB + erweiterbar (\u00fcber microSD-Karte) (Der verf\u00fcgbare Speicherplatz betr\u00e4gt ca. 100 GB.) *.<\/p>\n<p><strong>Unterst\u00fctzte microSD-Karten:<\/strong> UHS-I Speed Grade 3 oder h\u00f6her *.<\/p>\n<p><strong>Empfohlene microSD-Karten :<\/strong> * Lexar 1066x 64GB U3 A2 V30 microSDXC * Lexar 1066x 128GB U3 A2 V30 microSDXC * Lexar 1066x 256GB U3 A2 V30 microSDXC * Lexar 1066x 512GB U3 A2 V30 microSDXC * Kingston Canvas Go Plus 64GB U3 A2 V30 microSDXC * Kingston Canvas Go Plus 128GB U3 A2 V30 microSDXC * Kingston Canvas Go Plus 256GB U3 A2 V30 microSDXC * Kingston Canvas Go Plus 512GB U3 A2 V30 microSDXC * Kingston Canvas Go Plus 512GB U3 A2 V30 microSDXC<\/p>\n","protected":false},"excerpt":{"rendered":"<p>Die DJI RC Pro 2 ist die ultimative professionelle Drohnen-Fernsteuerung. 7\u2033 Mini-LED-Bildschirm mit hoher Helligkeit, ultra-zuverl\u00e4ssige O4+ \u00dcbertragung, faltbares Design. Ideal f\u00fcr DJI Mavic 4 Pro, Mini 4 Pro &amp; Air 3\/3S. Un\u00fcbertroffene Kontrolle und Pr\u00e4zision.   <\/p>\n","protected":false},"featured_media":174378,"comment_status":"open","ping_status":"closed","template":"","meta":{"_seopress_robots_primary_cat":"none","_seopress_titles_title":"DJI RC Pro 2: Un\u00fcbertroffene Kontrolle f\u00fcr Profi-Drohnen","_seopress_titles_desc":"Entdecken Sie den DJI RC Pro 2: Innovative Steuerung, ultraheller 7'' Mini-LED-Bildschirm und O4+ Antrieb, um atemberaubende Bilder einzufangen.","_seopress_robots_index":""},"product_brand":[19390],"product_cat":[19877],"product_tag":[],"class_list":{"0":"post-174377","1":"product","2":"type-product","3":"status-publish","4":"has-post-thumbnail","6":"product_brand-dji","7":"product_cat-dji-mavic-4-pro-de","9":"first","10":"onbackorder","11":"taxable","12":"shipping-taxable","13":"purchasable","14":"product-type-simple"},"_links":{"self":[{"href":"https:\/\/drone-parts-center.com\/de\/wp-json\/wp\/v2\/product\/174377","targetHints":{"allow":["GET"]}}],"collection":[{"href":"https:\/\/drone-parts-center.com\/de\/wp-json\/wp\/v2\/product"}],"about":[{"href":"https:\/\/drone-parts-center.com\/de\/wp-json\/wp\/v2\/types\/product"}],"replies":[{"embeddable":true,"href":"https:\/\/drone-parts-center.com\/de\/wp-json\/wp\/v2\/comments?post=174377"}],"wp:featuredmedia":[{"embeddable":true,"href":"https:\/\/drone-parts-center.com\/de\/wp-json\/wp\/v2\/media\/174378"}],"wp:attachment":[{"href":"https:\/\/drone-parts-center.com\/de\/wp-json\/wp\/v2\/media?parent=174377"}],"wp:term":[{"taxonomy":"product_brand","embeddable":true,"href":"https:\/\/drone-parts-center.com\/de\/wp-json\/wp\/v2\/product_brand?post=174377"},{"taxonomy":"product_cat","embeddable":true,"href":"https:\/\/drone-parts-center.com\/de\/wp-json\/wp\/v2\/product_cat?post=174377"},{"taxonomy":"product_tag","embeddable":true,"href":"https:\/\/drone-parts-center.com\/de\/wp-json\/wp\/v2\/product_tag?post=174377"}],"curies":[{"name":"wp","href":"https:\/\/api.w.org\/{rel}","templated":true}]}}