{"id":166995,"date":"2025-05-04T12:40:44","date_gmt":"2025-05-04T10:40:44","guid":{"rendered":"https:\/\/drone-parts-center.com\/produit\/renewed-dji-care-enterprise-basic-dji-mavic-3t\/"},"modified":"2025-07-26T17:53:52","modified_gmt":"2025-07-26T15:53:52","slug":"renewed-dji-care-enterprise-basic-dji-mavic-3t","status":"publish","type":"product","link":"https:\/\/drone-parts-center.com\/de\/produkt\/renewed-dji-care-enterprise-basic-dji-mavic-3t\/","title":{"rendered":"Renewed DJI Care Enterprise Basic (DJI Mavic 3T)"},"content":{"rendered":"<h2 data-start=\"988\" data-end=\"1063\">Sch\u00fctzen Sie Ihre DJI Mavic 3T mit Renewed DJI Care Enterprise Basic<\/h2>\n<p class=\"\" data-start=\"1065\" data-end=\"1395\">Die <strong data-start=\"1068\" data-end=\"1105\">Renewed DJI Care Enterprise Basic<\/strong> bietet einen umfassenden Versicherungsschutz f\u00fcr Ihre Drohne. <a href=\"https:\/\/drone-parts-center.com\/de\/produit\/dji-mavic-3t-thermal-eu\/\"><strong data-start=\"1147\" data-end=\"1169\">Drohne DJI Mavic 3T.<\/strong><\/a>. Diese Erweiterung bietet Ihnen ein Jahr zus\u00e4tzlichen Schutz mit <strong data-start=\"1244\" data-end=\"1277\">zwei erschwinglichen Ersatzteilen<\/strong>. Bei St\u00fcrzen, Kollisionen, Wassersch\u00e4den oder anderen Unf\u00e4llen schickt Ihnen DJI ein neues oder gleichwertiges Ger\u00e4t.  <\/p>\n<h2 data-start=\"1402\" data-end=\"1453\">Zwei erschwingliche Vertretungen f\u00fcr das Jahr<\/h2>\n<p class=\"\" data-start=\"1455\" data-end=\"1714\">Mit diesem Service k\u00f6nnen Sie w\u00e4hrend des Erneuerungszeitraums <strong data-start=\"1495\" data-end=\"1517\">zwei Ersetzungen<\/strong> erhalten. Jeder Austausch kostet nur <strong data-start=\"1596\" data-end=\"1605\">264 \u20ac.<\/strong> Mit dieser Garantie bleiben Ihre Ger\u00e4te auch bei unerwarteten Zwischenf\u00e4llen kosteng\u00fcnstig einsatzbereit.  <\/p>\n<h2 data-start=\"1721\" data-end=\"1768\">Offizielle Garantie und Qualit\u00e4tssicherung<\/h2>\n<p class=\"\" data-start=\"1770\" data-end=\"1977\">W\u00e4hrend des verl\u00e4ngerten Servicezeitraums bleiben die Hauptteile Ihrer Drohne <strong data-start=\"1857\" data-end=\"1901\">durch die offizielle DJI-Garantie abgedeckt<\/strong>. Dies garantiert die gleiche Zuverl\u00e4ssigkeit wie beim urspr\u00fcnglichen Kauf. <\/p>\n<p>Kostenlose Lieferung hin und zur\u00fcck<\/p>\n<p class=\"\" data-start=\"2026\" data-end=\"2256\">Das DJI-Programm deckt auch <strong data-start=\"2060\" data-end=\"2105\">die Versandkosten in beide Richtungen<\/strong>. Im Falle eines Ersatzes m\u00fcssen Sie also keine <strong data-start=\"2148\" data-end=\"2181\">Versandkosten vorstrecken<\/strong>. Diese Kosten\u00fcbernahme gilt f\u00fcr die Regionen, die von DJI Care abgedeckt werden.  <\/p>\n<p>Bedingungen f\u00fcr die Erneuerung Ihres Schutzes<\/p>\n<p class=\"\" data-start=\"2317\" data-end=\"2345\">Um den Dienst zu erneuern :<\/p>\n<ul data-start=\"2347\" data-end=\"2523\">\n<li class=\"\" data-start=\"2347\" data-end=\"2413\">\n<p class=\"\" data-start=\"2349\" data-end=\"2413\">Sie m\u00fcssen es zum ersten Mal f\u00fcr Ihren Mavic 3T gekauft haben.<\/p>\n<\/li>\n<li class=\"\" data-start=\"2414\" data-end=\"2523\">\n<p class=\"\" data-start=\"2416\" data-end=\"2523\">Die Verl\u00e4ngerung muss <strong data-start=\"2448\" data-end=\"2478\">vor oder innerhalb von 15 Tagen<\/strong> nach Ablauf des ersten Zeitraums erfolgen.<\/p>\n<\/li>\n<\/ul>\n<h2 data-start=\"2530\" data-end=\"2577\">Warum sollten Sie sich f\u00fcr diesen DJI Care Service entscheiden?<\/h2>\n<ul data-start=\"2579\" data-end=\"2732\">\n<li class=\"\" data-start=\"2579\" data-end=\"2620\">\n<p class=\"\" data-start=\"2581\" data-end=\"2620\"><strong data-start=\"2581\" data-end=\"2620\">Ruhe f\u00fcr ein Jahr<\/strong><\/p>\n<\/li>\n<li class=\"\" data-start=\"2621\" data-end=\"2655\">\n<p class=\"\" data-start=\"2623\" data-end=\"2655\"><strong data-start=\"2623\" data-end=\"2655\">Einsparungen bei Reparaturen<\/strong><\/p>\n<\/li>\n<li class=\"\" data-start=\"2656\" data-end=\"2686\">\n<p class=\"\" data-start=\"2658\" data-end=\"2686\"><strong data-start=\"2658\" data-end=\"2686\">Sichere DJI-Erfahrung<\/strong><\/p>\n<\/li>\n<li class=\"\" data-start=\"2687\" data-end=\"2732\">\n<p class=\"\" data-start=\"2689\" data-end=\"2732\"><strong data-start=\"2689\" data-end=\"2732\">Einfachheit des Austauschprozesses<\/strong><\/p>\n<\/li>\n<\/ul>\n<p class=\"\" data-start=\"2734\" data-end=\"2857\">Diese L\u00f6sung ist ideal f\u00fcr Berufst\u00e4tige, die ihre Drohne intensiv oder in risikoreichen Umgebungen einsetzen.<\/p>\n","protected":false},"excerpt":{"rendered":"<p>Verl\u00e4ngern Sie den Schutz Ihrer DJI Mavic 3T mit zwei erschwinglichen Ersatzteilen, einer offiziellen Garantie und kostenloser Lieferung. G\u00f6nnen Sie sich noch ein Jahr lang absolute Ruhe. <\/p>\n","protected":false},"featured_media":166996,"comment_status":"open","ping_status":"closed","template":"","meta":{"_seopress_robots_primary_cat":"none","_seopress_titles_title":"Sch\u00fctzen Sie Ihre Mavic 3T: Renewed DJI Care Basic","_seopress_titles_desc":"Versichern Sie Ihre DJI Mavic 3T mit Renewed DJI Care Enterprise Basic: zwei erschwingliche Ersatzteile, verl\u00e4ngerte Garantie, kostenloser Versand.","_seopress_robots_index":""},"product_brand":[19450],"product_cat":[15653],"product_tag":[],"class_list":{"0":"post-166995","1":"product","2":"type-product","3":"status-publish","4":"has-post-thumbnail","6":"product_brand-dji-enterprise","7":"product_cat-wartungsprogramm","9":"first","10":"instock","11":"taxable","12":"shipping-taxable","13":"purchasable","14":"product-type-simple"},"_links":{"self":[{"href":"https:\/\/drone-parts-center.com\/de\/wp-json\/wp\/v2\/product\/166995","targetHints":{"allow":["GET"]}}],"collection":[{"href":"https:\/\/drone-parts-center.com\/de\/wp-json\/wp\/v2\/product"}],"about":[{"href":"https:\/\/drone-parts-center.com\/de\/wp-json\/wp\/v2\/types\/product"}],"replies":[{"embeddable":true,"href":"https:\/\/drone-parts-center.com\/de\/wp-json\/wp\/v2\/comments?post=166995"}],"wp:featuredmedia":[{"embeddable":true,"href":"https:\/\/drone-parts-center.com\/de\/wp-json\/wp\/v2\/media\/166996"}],"wp:attachment":[{"href":"https:\/\/drone-parts-center.com\/de\/wp-json\/wp\/v2\/media?parent=166995"}],"wp:term":[{"taxonomy":"product_brand","embeddable":true,"href":"https:\/\/drone-parts-center.com\/de\/wp-json\/wp\/v2\/product_brand?post=166995"},{"taxonomy":"product_cat","embeddable":true,"href":"https:\/\/drone-parts-center.com\/de\/wp-json\/wp\/v2\/product_cat?post=166995"},{"taxonomy":"product_tag","embeddable":true,"href":"https:\/\/drone-parts-center.com\/de\/wp-json\/wp\/v2\/product_tag?post=166995"}],"curies":[{"name":"wp","href":"https:\/\/api.w.org\/{rel}","templated":true}]}}