{"id":163801,"date":"2025-04-14T12:10:13","date_gmt":"2025-04-14T10:10:13","guid":{"rendered":"https:\/\/drone-parts-center.com\/produit\/dji-mavic-3-enterprise-series-akku-eu-c1-version\/"},"modified":"2026-04-18T10:54:05","modified_gmt":"2026-04-18T08:54:05","slug":"dji-mavic-3-enterprise-series-akku-eu-c1-version","status":"publish","type":"product","link":"https:\/\/drone-parts-center.com\/de\/produkt\/dji-mavic-3-enterprise-series-akku-eu-c1-version\/","title":{"rendered":"DJI Mavic 3 Enterprise Series Akku (EU C1 Version)"},"content":{"rendered":"<p class=\"\" data-start=\"305\" data-end=\"657\">Der <strong data-start=\"308\" data-end=\"354\">Akku DJI Mavic 3 Enterprise Version C1<\/strong> ver\u00e4ndert die Einsatzm\u00f6glichkeiten von professionellen Drohnen in den Beneluxl\u00e4ndern. Dank dieser Innovation k\u00f6nnen die Modelle <strong data-start=\"477\" data-end=\"493\">DJI Mavic 3E<\/strong> und <strong data-start=\"497\" data-end=\"513\">DJI Mavic 3T<\/strong> nun die <strong data-start=\"543\" data-end=\"564\">Klassifizierung C1<\/strong> erhalten, wodurch die gesetzlichen Einschr\u00e4nkungen f\u00fcr Eins\u00e4tze in st\u00e4dtischen oder sensiblen Gebieten verringert werden. <\/p>\n<p class=\"\" data-start=\"659\" data-end=\"1053\">Dieser leichte Akku wurde speziell entwickelt, um die Anforderungen der EU-Verordnung 2019\/947 zu erf\u00fcllen, und erm\u00f6glicht es beiden Drohnen, die kritische Gewichtsgrenze von 900 Gramm zu unterschreiten. Die Gewichtseinsparung ohne Einbu\u00dfen bei Stabilit\u00e4t und Leistung erm\u00f6glicht den Flug in der <strong data-start=\"926\" data-end=\"950\">offenen Kategorie A1<\/strong>, ohne dass ein Mindestsicherheitsabstand von 30 m zu unbeteiligten Personen eingehalten werden muss. <\/p>\n<p class=\"\" data-start=\"1055\" data-end=\"1343\">Der <strong data-start=\"1058\" data-end=\"1083\">DJI Mavic C1 Akku<\/strong> mit einer Kapazit\u00e4t von 4230 mAh bietet eine Laufzeit von 30 Minuten. Er ersetzt den Standard-Akku mit 5000 mAh und ist weiterhin mit den ger\u00e4uscharmen Propellern und der Firmware v12.15.06.01 kompatibel, die wichtige Voraussetzungen f\u00fcr den \u00dcbergang zur C1-Klasse sind. <\/p>\n<p class=\"\" data-start=\"1345\" data-end=\"1570\">Achtung: <strong data-start=\"1357\" data-end=\"1447\">Die C1-Zertifizierung ist ausschlie\u00dflich f\u00fcr die DJI Mavic 3E und DJI Mavic 3T verf\u00fcgbar<\/strong>. Andere Modelle wie die <strong data-start=\"1477\" data-end=\"1505\">Mavic 3M (Multispektral)<\/strong> und die <strong data-start=\"1512\" data-end=\"1527\">Mavic 3 Pro<\/strong> sind nicht f\u00fcr dieses Update qualifiziert. <\/p>\n<p class=\"\" data-start=\"1572\" data-end=\"1889\">Dieses Produkt ist ideal f\u00fcr <strong data-start=\"1602\" data-end=\"1640\">Drohnenprofis in den Beneluxl\u00e4ndern<\/strong>, die in den Bereichen <strong data-start=\"1657\" data-end=\"1673\">Kartographie<\/strong>, <strong data-start=\"1675\" data-end=\"1704\">industrielle Inspektion<\/strong>, <strong data-start=\"1706\" data-end=\"1721\">Sicherheit<\/strong> oder <strong data-start=\"1730\" data-end=\"1752\">Notfalldienste<\/strong> t\u00e4tig sind. Ob in Belgien, Luxemburg oder den Niederlanden, diese Batterie bietet Ihnen mehr Flexibilit\u00e4t, Konformit\u00e4t und Effizienz. <\/p>\n<p class=\"\" data-start=\"1891\" data-end=\"2083\">Durch die Wahl dieser speziellen Batterie er\u00f6ffnen sich den Betreibern von <strong data-start=\"1952\" data-end=\"1970\">Mavic 3E und 3T<\/strong> neue Gesch\u00e4ftsm\u00f6glichkeiten unter Einhaltung der neuesten europ\u00e4ischen Vorschriften.<\/p>\n","protected":false},"excerpt":{"rendered":"<p>Optimieren Sie Ihre Fl\u00fcge mit dem DJI Mavic 3 C1 Akku. Leicht, C1-konform, perfekt f\u00fcr die Benelux-L\u00e4nder. Kompatibel mit Mavic 3E\/3T.  <\/p>\n","protected":false},"featured_media":163802,"comment_status":"open","ping_status":"closed","template":"","meta":{"_seopress_robots_primary_cat":"none","_seopress_titles_title":"Akku C1 Mavic 3: Grenzenloser Flug in st\u00e4dtischen Gebieten","_seopress_titles_desc":"Optimieren Sie Ihre Stadtmissionen mit dem DJI Mavic 3 C1 Akku, der f\u00fcr die C1-Klassifizierung ausgelegt ist. Genie\u00dfen Sie leichte und konforme Fl\u00fcge in den Benelux-L\u00e4ndern. ","_seopress_robots_index":""},"product_brand":[19450],"product_cat":[15718],"product_tag":[],"class_list":{"0":"post-163801","1":"product","2":"type-product","3":"status-publish","4":"has-post-thumbnail","6":"product_brand-dji-enterprise","7":"product_cat-dji-mavic-3-de-2","9":"first","10":"instock","11":"taxable","12":"shipping-taxable","13":"purchasable","14":"product-type-simple"},"_links":{"self":[{"href":"https:\/\/drone-parts-center.com\/de\/wp-json\/wp\/v2\/product\/163801","targetHints":{"allow":["GET"]}}],"collection":[{"href":"https:\/\/drone-parts-center.com\/de\/wp-json\/wp\/v2\/product"}],"about":[{"href":"https:\/\/drone-parts-center.com\/de\/wp-json\/wp\/v2\/types\/product"}],"replies":[{"embeddable":true,"href":"https:\/\/drone-parts-center.com\/de\/wp-json\/wp\/v2\/comments?post=163801"}],"wp:featuredmedia":[{"embeddable":true,"href":"https:\/\/drone-parts-center.com\/de\/wp-json\/wp\/v2\/media\/163802"}],"wp:attachment":[{"href":"https:\/\/drone-parts-center.com\/de\/wp-json\/wp\/v2\/media?parent=163801"}],"wp:term":[{"taxonomy":"product_brand","embeddable":true,"href":"https:\/\/drone-parts-center.com\/de\/wp-json\/wp\/v2\/product_brand?post=163801"},{"taxonomy":"product_cat","embeddable":true,"href":"https:\/\/drone-parts-center.com\/de\/wp-json\/wp\/v2\/product_cat?post=163801"},{"taxonomy":"product_tag","embeddable":true,"href":"https:\/\/drone-parts-center.com\/de\/wp-json\/wp\/v2\/product_tag?post=163801"}],"curies":[{"name":"wp","href":"https:\/\/api.w.org\/{rel}","templated":true}]}}