{"id":163662,"date":"2025-04-13T09:10:38","date_gmt":"2025-04-13T07:10:38","guid":{"rendered":"https:\/\/drone-parts-center.com\/produit\/renewed-dji-care-enterprise-basic-m350-rtk\/"},"modified":"2025-07-26T17:57:00","modified_gmt":"2025-07-26T15:57:00","slug":"renewed-dji-care-enterprise-basic-m350-rtk","status":"publish","type":"product","link":"https:\/\/drone-parts-center.com\/de\/produkt\/renewed-dji-care-enterprise-basic-m350-rtk\/","title":{"rendered":"Renewed DJI Care Enterprise Basic (M350 RTK)"},"content":{"rendered":"<h3 class=\"\" data-start=\"754\" data-end=\"807\"><strong data-start=\"758\" data-end=\"807\">Erneuter Schutz f\u00fcr Ihren DJI M350 RTK<\/strong><\/h3>\n<p class=\"\" data-start=\"809\" data-end=\"1158\">Mit dem <strong data-start=\"812\" data-end=\"852\">DJI Care Enterprise M350 RTK Renewed<\/strong> k\u00f6nnen Sie den Schutz Ihrer professionellen Drohne mit einer umfassenden und kosteng\u00fcnstigen L\u00f6sung verl\u00e4ngern. Dieser Service wurde f\u00fcr anspruchsvolle professionelle Nutzer entwickelt und verl\u00e4ngert Ihren urspr\u00fcnglichen Vertrag um ein Jahr, wobei ein hohes Ma\u00df an Sicherheit, Leistung und Seelenfrieden beibehalten wird. <\/p>\n<h3 class=\"\" data-start=\"1160\" data-end=\"1204\"><strong data-start=\"1164\" data-end=\"1204\">Zwei erschwingliche Vertretungen inbegriffen<\/strong><\/h3>\n<p class=\"\" data-start=\"1206\" data-end=\"1605\">Diese Verl\u00e4ngerung bietet Ihnen <strong data-start=\"1235\" data-end=\"1257\">zwei<\/strong> zus\u00e4tzliche <strong data-start=\"1235\" data-end=\"1257\">Ersatzteile<\/strong> zu einem Vorzugspreis (je 699 \u20ac), falls das Ger\u00e4t herunterf\u00e4llt, aufschl\u00e4gt, einen Unfall hat oder mit Wasser in Ber\u00fchrung kommt. Diese Option ist ideal, um Ihre Investition zu sichern und Ihren Betrieb ohne Unterbrechung fortzusetzen. Alle Ersatzprodukte sind neu oder entsprechen in Bezug auf Leistung und Zuverl\u00e4ssigkeit neuen Ger\u00e4ten.  <\/p>\n<h3 class=\"\" data-start=\"1607\" data-end=\"1642\"><strong data-start=\"1611\" data-end=\"1642\">Erweiterte offizielle Garantie<\/strong><\/h3>\n<p class=\"\" data-start=\"1644\" data-end=\"1848\">W\u00e4hrend des gesamten Servicezeitraums bleiben die Hauptkomponenten Ihres DJI M350 RTK von der <strong data-start=\"1751\" data-end=\"1778\">offiziellen DJI-Garantie<\/strong> abgedeckt, was Ihnen eine gleichbleibende Qualit\u00e4t und ein optimales Serviceniveau garantiert.<\/p>\n<h3 class=\"\" data-start=\"1850\" data-end=\"1886\"><strong data-start=\"1854\" data-end=\"1886\">Portokosten werden \u00fcbernommen<\/strong><\/h3>\n<p class=\"\" data-start=\"1888\" data-end=\"2146\">Das Programm <strong data-start=\"1901\" data-end=\"1938\">renewed DJI Care Enterprise Basic<\/strong> deckt die <strong data-start=\"1950\" data-end=\"1985\">Kosten f\u00fcr den Hin- und R\u00fccktransport<\/strong> im Rahmen der Ersatzleistungen in den berechtigten Regionen. Dies reduziert Ihre unvorhergesehenen Kosten und vereinfacht die Logistik im Falle eines Ausfalls oder Schadens. <\/p>\n<h3 class=\"\" data-start=\"2148\" data-end=\"2192\"><strong data-start=\"2152\" data-end=\"2192\">Einfache Verl\u00e4ngerungsbedingungen<\/strong><\/h3>\n<ul data-start=\"2194\" data-end=\"2388\">\n<li class=\"\" data-start=\"2194\" data-end=\"2291\">\n<p class=\"\" data-start=\"2196\" data-end=\"2291\">Eine Verl\u00e4ngerung ist <strong data-start=\"2227\" data-end=\"2266\">bis zu 15 Tage nach Ablauf<\/strong> Ihres aktuellen Vertrags m\u00f6glich.<\/p>\n<\/li>\n<li class=\"\" data-start=\"2292\" data-end=\"2388\">\n<p class=\"\" data-start=\"2294\" data-end=\"2388\">Der urspr\u00fcngliche <strong data-start=\"2313\" data-end=\"2342\">DJI Care Enterprise Basic<\/strong> Vertrag muss f\u00fcr die betreffende Drohne aktiviert worden sein.<\/p>\n<\/li>\n<\/ul>\n<h3 class=\"\" data-start=\"2390\" data-end=\"2442\"><strong data-start=\"2394\" data-end=\"2442\">Eine strategische Wahl f\u00fcr Fachleute<\/strong><\/h3>\n<p class=\"\" data-start=\"2444\" data-end=\"2787\">Ob Sie nun ein Kartierungs-, \u00dcberwachungs- oder Industrieinspektionsunternehmen sind, die Verl\u00e4ngerung der Abdeckung mit dem <strong data-start=\"2569\" data-end=\"2609\">DJI Care Enterprise M350 RTK Renewed<\/strong> garantiert einen reibungslosen Betrieb ohne unerwartete Zusatzkosten. Dieser Service ist wichtig, um die Lebensdauer Ihrer Ausr\u00fcstung zu maximieren und gleichzeitig den offiziellen Support zu erhalten. <\/p>\n","protected":false},"excerpt":{"rendered":"<p>Profitieren Sie von einem zus\u00e4tzlichen Jahr Abdeckung f\u00fcr Ihren M350 RTK mit zwei Ersatzteilen zum reduzierten Preis, offizieller Garantie und kostenlosem Versand.<\/p>\n","protected":false},"featured_media":163663,"comment_status":"open","ping_status":"closed","template":"","meta":{"_seopress_robots_primary_cat":"none","_seopress_titles_title":"DJI Care M350 RTK: L\u00e4ngerer Schutz und Gelassenheit","_seopress_titles_desc":"Verl\u00e4ngern Sie den Schutz Ihres M350 RTK mit Renewed DJI Care: Erschwingliche Ersatzteile und eine umfassende Garantie, um Ihren Betrieb zu sichern.","_seopress_robots_index":""},"product_brand":[19450],"product_cat":[15653],"product_tag":[],"class_list":{"0":"post-163662","1":"product","2":"type-product","3":"status-publish","4":"has-post-thumbnail","6":"product_brand-dji-enterprise","7":"product_cat-wartungsprogramm","9":"first","10":"instock","11":"taxable","12":"shipping-taxable","13":"purchasable","14":"product-type-simple"},"_links":{"self":[{"href":"https:\/\/drone-parts-center.com\/de\/wp-json\/wp\/v2\/product\/163662","targetHints":{"allow":["GET"]}}],"collection":[{"href":"https:\/\/drone-parts-center.com\/de\/wp-json\/wp\/v2\/product"}],"about":[{"href":"https:\/\/drone-parts-center.com\/de\/wp-json\/wp\/v2\/types\/product"}],"replies":[{"embeddable":true,"href":"https:\/\/drone-parts-center.com\/de\/wp-json\/wp\/v2\/comments?post=163662"}],"wp:featuredmedia":[{"embeddable":true,"href":"https:\/\/drone-parts-center.com\/de\/wp-json\/wp\/v2\/media\/163663"}],"wp:attachment":[{"href":"https:\/\/drone-parts-center.com\/de\/wp-json\/wp\/v2\/media?parent=163662"}],"wp:term":[{"taxonomy":"product_brand","embeddable":true,"href":"https:\/\/drone-parts-center.com\/de\/wp-json\/wp\/v2\/product_brand?post=163662"},{"taxonomy":"product_cat","embeddable":true,"href":"https:\/\/drone-parts-center.com\/de\/wp-json\/wp\/v2\/product_cat?post=163662"},{"taxonomy":"product_tag","embeddable":true,"href":"https:\/\/drone-parts-center.com\/de\/wp-json\/wp\/v2\/product_tag?post=163662"}],"curies":[{"name":"wp","href":"https:\/\/api.w.org\/{rel}","templated":true}]}}