{"id":163220,"date":"2025-03-19T08:41:59","date_gmt":"2025-03-19T07:41:59","guid":{"rendered":"https:\/\/drone-parts-center.com\/produit\/dji-matrice-4d-series-240w-charging-hub\/"},"modified":"2025-07-26T18:02:08","modified_gmt":"2025-07-26T16:02:08","slug":"dji-matrice-4d-series-240w-charging-hub","status":"publish","type":"product","link":"https:\/\/drone-parts-center.com\/de\/produkt\/dji-matrice-4d-series-240w-charging-hub\/","title":{"rendered":"DJI Matrice 4D Series 240W Charging Hub"},"content":{"rendered":"<p data-start=\"228\" data-end=\"812\">Der <strong data-start=\"231\" data-end=\"274\">DJI Matrice 4D Series 240W Charging Hub<\/strong> wurde entwickelt, um das Energiemanagement Ihrer professionellen Drohnen zu vereinfachen. Speziell f\u00fcr die Serie <a href=\"https:\/\/drone-parts-center.com\/?s=matrice+4D&amp;post_type=product&amp;lang=fr\"><strong data-start=\"388\" data-end=\"402\">Matrice 4D<\/strong><\/a>Mit diesem Ladeger\u00e4t k\u00f6nnen Sie bis zu <strong data-start=\"449\" data-end=\"497\">drei intelligente DJI Matrice 4D Batterien<\/strong> nacheinander aufladen, um einen optimalen Betrieb und eine kontinuierliche Verf\u00fcgbarkeit Ihrer Ausr\u00fcstung zu gew\u00e4hrleisten. Mit seinem <strong data-start=\"635\" data-end=\"664\">intelligenten Priorisierungssystem<\/strong> l\u00e4dt er zuerst die Akkus mit dem h\u00f6chsten Ladezustand, wodurch Wartezeiten reduziert und Ihr Arbeitsablauf optimiert werden.  <\/p>\n<h2 data-start=\"814\" data-end=\"872\"><strong data-start=\"818\" data-end=\"870\">Optimierung und Sicherheit f\u00fcr Profis<\/strong><\/h2>\n<p data-start=\"873\" data-end=\"1237\">Diese <strong data-start=\"929\" data-end=\"950\">DJI-Ladestation<\/strong> f\u00fcr <strong data-start=\"885\" data-end=\"924\">professionelle Drohnenbetreiber<\/strong> ist ideal f\u00fcr verschiedene Anwendungen wie Luftbildfotografie, Kartografie, industrielle Inspektionen und \u00dcberwachungsmissionen. Er garantiert ein <strong data-start=\"1133\" data-end=\"1158\">effizientes und sicheres<\/strong> Aufladen, so dass Sie <strong data-start=\"1179\" data-end=\"1234\">sich ohne Unterbrechung auf Ihre Mission konzentrieren<\/strong> k\u00f6nnen. <\/p>\n<h3 data-start=\"1239\" data-end=\"1277\"><strong data-start=\"1243\" data-end=\"1275\">Hauptmerkmale<\/strong><\/h3>\n<ul data-start=\"1278\" data-end=\"2012\">\n<li data-start=\"1278\" data-end=\"1367\"><strong data-start=\"1280\" data-end=\"1303\">Sequentielles Laden<\/strong>: unterst\u00fctzt bis zu <strong data-start=\"1330\" data-end=\"1364\">drei DJI-Akkus Matrice 4D<\/strong>.<\/li>\n<li data-start=\"1368\" data-end=\"1465\"><strong data-start=\"1370\" data-end=\"1407\">Intelligentes Energiemanagement<\/strong>: l\u00e4dt vorrangig die am st\u00e4rksten belasteten Batterien auf.<\/li>\n<li data-start=\"1466\" data-end=\"1674\"><strong data-start=\"1468\" data-end=\"1497\">Optimierte Lademethoden<\/strong>:\n<ul data-start=\"1504\" data-end=\"1674\">\n<li data-start=\"1504\" data-end=\"1564\"><strong data-start=\"1506\" data-end=\"1523\">Standardmodus<\/strong>: L\u00e4dt jede Batterie zu <strong data-start=\"1553\" data-end=\"1561\">100%<\/strong> auf.<\/li>\n<li data-start=\"1567\" data-end=\"1674\"><strong data-start=\"1569\" data-end=\"1590\">Ready-to-fly-Modus<\/strong>: l\u00e4dt bis zu <strong data-start=\"1608\" data-end=\"1615\">90%<\/strong> auf und h\u00e4lt diesen Wert f\u00fcr sofortige Verf\u00fcgbarkeit.<\/li>\n<\/ul>\n<\/li>\n<li data-start=\"1675\" data-end=\"1743\"><strong data-start=\"1677\" data-end=\"1699\">240 W Leistung<\/strong>: Sorgt f\u00fcr schnelles und effizientes Aufladen.<\/li>\n<li data-start=\"1744\" data-end=\"1831\"><strong data-start=\"1746\" data-end=\"1763\">Kompatibilit\u00e4t<\/strong>: Funktioniert mit den <strong data-start=\"1786\" data-end=\"1828\">intelligenten Akkus von DJI Matrice 4D<\/strong>.<\/li>\n<li data-start=\"1832\" data-end=\"1907\"><strong data-start=\"1834\" data-end=\"1854\">Erweiterte Sicherheit<\/strong>: Schutz vor \u00dcberhitzung und \u00dcberlastung.<\/li>\n<li data-start=\"1908\" data-end=\"2012\"><strong data-start=\"1910\" data-end=\"1944\">Temperaturbereich der Ladung<\/strong>: arbeitet zwischen <strong data-start=\"1964\" data-end=\"1981\">5 \u00b0C und 40 \u00b0C<\/strong> f\u00fcr maximale Zuverl\u00e4ssigkeit.<\/li>\n<\/ul>\n<h3 data-start=\"2014\" data-end=\"2080\"><strong data-start=\"2018\" data-end=\"2078\">Ein unverzichtbares Zubeh\u00f6r f\u00fcr die DJI-Serie Matrice 4D<\/strong><\/h3>\n<p data-start=\"2081\" data-end=\"2473\">Mit diesem <strong data-start=\"2092\" data-end=\"2114\">240W-Ladeger\u00e4t<\/strong> k\u00f6nnen die Benutzer der Serie <strong data-start=\"2145\" data-end=\"2159\">Matrice 4D<\/strong> ihre Produktivit\u00e4t steigern und gleichzeitig von einem <strong data-start=\"2221\" data-end=\"2265\">zuverl\u00e4ssigen und leistungsstarken Ladesystem<\/strong> profitieren. Dieses DJI-Zubeh\u00f6r wurde entwickelt, um den Anforderungen <strong data-start=\"2305\" data-end=\"2334\">professioneller Missionen<\/strong> gerecht zu werden, und bietet Ihnen ein optimiertes Batteriemanagement und eine <strong data-start=\"2421\" data-end=\"2447\">kontinuierliche Verf\u00fcgbarkeit<\/strong> w\u00e4hrend Ihrer Eins\u00e4tze. <\/p>\n<h3 data-start=\"2475\" data-end=\"2505\"><strong data-start=\"2479\" data-end=\"2503\">Ideale Anwendungen<\/strong><\/h3>\n<ul data-start=\"2506\" data-end=\"2684\">\n<li data-start=\"2506\" data-end=\"2551\"><strong data-start=\"2508\" data-end=\"2549\">Luftbildfotografie und -videografie<\/strong><\/li>\n<li data-start=\"2552\" data-end=\"2599\"><strong data-start=\"2554\" data-end=\"2597\">Industrielle Inspektion und \u00dcberwachung<\/strong><\/li>\n<li data-start=\"2600\" data-end=\"2639\"><strong data-start=\"2602\" data-end=\"2637\">Kartierung und 3D-Modellierung<\/strong><\/li>\n<li data-start=\"2640\" data-end=\"2684\"><strong data-start=\"2642\" data-end=\"2682\">Sicherheits- und Forschungsmissionen<\/strong><\/li>\n<\/ul>\n<h3 data-start=\"2686\" data-end=\"2721\"><strong data-start=\"2690\" data-end=\"2719\">Technische Spezifikationen<\/strong><\/h3>\n<ul data-start=\"2722\" data-end=\"3153\">\n<li data-start=\"2722\" data-end=\"2766\"><strong data-start=\"2724\" data-end=\"2734\">Eingang<\/strong>: SDC 16.8 V - 25.5 V, 12.1 A<\/li>\n<li data-start=\"2767\" data-end=\"2801\"><strong data-start=\"2769\" data-end=\"2791\">Nennleistung<\/strong>: 240 W<\/li>\n<li data-start=\"2802\" data-end=\"2865\"><strong data-start=\"2804\" data-end=\"2822\">Ladeart<\/strong>: sequentiell (bis zu drei Batterien)<\/li>\n<li data-start=\"2866\" data-end=\"3019\"><strong data-start=\"2868\" data-end=\"2887\">Lademodi<\/strong>:\n<ul data-start=\"2894\" data-end=\"3019\">\n<li data-start=\"2894\" data-end=\"2942\"><strong data-start=\"2896\" data-end=\"2908\">Standard<\/strong>: l\u00e4dt jede Batterie zu 100%.<\/li>\n<li data-start=\"2945\" data-end=\"3019\"><strong data-start=\"2947\" data-end=\"2963\">Flugbereit<\/strong>: l\u00e4dt jede Batterie auf 90% und h\u00e4lt diesen Wert aufrecht<\/li>\n<\/ul>\n<\/li>\n<li data-start=\"3020\" data-end=\"3087\"><strong data-start=\"3022\" data-end=\"3047\">Kompatible Akkus<\/strong>: <strong data-start=\"3050\" data-end=\"3085\">Akkus der DJI Matrice 4D-Serie<\/strong><\/li>\n<li data-start=\"3088\" data-end=\"3153\"><strong data-start=\"3090\" data-end=\"3115\">Ladetemperatur<\/strong>: <strong data-start=\"3118\" data-end=\"3151\">5 \u00b0C - 40 \u00b0C (41 \u00b0F - 104 \u00b0F)<\/strong><\/li>\n<\/ul>\n<h3 data-start=\"3155\" data-end=\"3184\"><strong data-start=\"3159\" data-end=\"3182\">Inhalt der Schachtel<\/strong><\/h3>\n<ul data-start=\"3185\" data-end=\"3235\">\n<li data-start=\"3185\" data-end=\"3235\"><strong data-start=\"3187\" data-end=\"3233\">1x DJI Matrice 4D Series 240W Charging Hub<\/strong><\/li>\n<\/ul>\n","protected":false},"excerpt":{"rendered":"<p>Der DJI Matrice 4D 240W Charging Hub l\u00e4dt bis zu drei Akkus nacheinander auf. Er optimiert Ihren Workflow durch intelligentes Management und schnelles Aufladen. <\/p>\n","protected":false},"featured_media":163221,"comment_status":"open","ping_status":"closed","template":"","meta":{"_seopress_robots_primary_cat":"","_seopress_titles_title":"DJI Matrice 4D 240W Charging Hub - Schnelles und optimiertes Aufladen","_seopress_titles_desc":"Laden Sie bis zu drei DJI-Akkus Matrice 4D mit dem 240W Charging Hub. Intelligentes Energiemanagement und schnelles Laden f\u00fcr professionelle Eins\u00e4tze. ","_seopress_robots_index":"yes"},"product_brand":[19450],"product_cat":[15656],"product_tag":[],"class_list":{"0":"post-163220","1":"product","2":"type-product","3":"status-publish","4":"has-post-thumbnail","6":"product_brand-dji-enterprise","7":"product_cat-dji-matrix","9":"first","10":"outofstock","11":"taxable","12":"shipping-taxable","13":"purchasable","14":"product-type-simple"},"_links":{"self":[{"href":"https:\/\/drone-parts-center.com\/de\/wp-json\/wp\/v2\/product\/163220","targetHints":{"allow":["GET"]}}],"collection":[{"href":"https:\/\/drone-parts-center.com\/de\/wp-json\/wp\/v2\/product"}],"about":[{"href":"https:\/\/drone-parts-center.com\/de\/wp-json\/wp\/v2\/types\/product"}],"replies":[{"embeddable":true,"href":"https:\/\/drone-parts-center.com\/de\/wp-json\/wp\/v2\/comments?post=163220"}],"wp:featuredmedia":[{"embeddable":true,"href":"https:\/\/drone-parts-center.com\/de\/wp-json\/wp\/v2\/media\/163221"}],"wp:attachment":[{"href":"https:\/\/drone-parts-center.com\/de\/wp-json\/wp\/v2\/media?parent=163220"}],"wp:term":[{"taxonomy":"product_brand","embeddable":true,"href":"https:\/\/drone-parts-center.com\/de\/wp-json\/wp\/v2\/product_brand?post=163220"},{"taxonomy":"product_cat","embeddable":true,"href":"https:\/\/drone-parts-center.com\/de\/wp-json\/wp\/v2\/product_cat?post=163220"},{"taxonomy":"product_tag","embeddable":true,"href":"https:\/\/drone-parts-center.com\/de\/wp-json\/wp\/v2\/product_tag?post=163220"}],"curies":[{"name":"wp","href":"https:\/\/api.w.org\/{rel}","templated":true}]}}