{"id":163154,"date":"2025-03-19T08:07:33","date_gmt":"2025-03-19T07:07:33","guid":{"rendered":"https:\/\/drone-parts-center.com\/produit\/dji-matrice-4-series-propeller-guard\/"},"modified":"2025-07-26T18:03:36","modified_gmt":"2025-07-26T16:03:36","slug":"dji-matrice-4-series-propeller-guard","status":"publish","type":"product","link":"https:\/\/drone-parts-center.com\/de\/produkt\/dji-matrice-4-series-propeller-guard\/","title":{"rendered":"DJI Matrice 4 Series Propeller Guard"},"content":{"rendered":"<h2 data-start=\"162\" data-end=\"258\"><strong data-start=\"166\" data-end=\"256\">DJI Matrice 4 Series Propeller Guard - Sichern Sie Ihre Fl\u00fcge mit optimalem Schutz<\/strong><\/h2>\n<p data-start=\"260\" data-end=\"572\">Der <strong data-start=\"263\" data-end=\"303\">DJI Matrice 4 Series Propeller Guard<\/strong> ist ein unverzichtbares Zubeh\u00f6r zum Schutz von <strong data-start=\"263\" data-end=\"303\">Propellern<\/strong> und zur Sicherung Ihrer Flugmissionen. Er wurde speziell f\u00fcr die Serie <a href=\"https:\/\/drone-parts-center.com\/?s=matrice+4&amp;post_type=product&amp;lang=fr\"><strong data-start=\"432\" data-end=\"449\">DJI Matrice 4<\/strong><\/a>Er minimiert das Risiko eines versehentlichen Aufpralls und bewahrt die Integrit\u00e4t Ihrer Drohne in anspruchsvollen Umgebungen. <\/p>\n<p data-start=\"574\" data-end=\"929\">Dank seines leichten und langlebigen Designs bietet dieser Propellerschutz erh\u00f6hte Sicherheit, ohne die Flugleistung zu beeintr\u00e4chtigen. Die schnelle und intuitive Installation bietet Piloten sofortigen Schutz und ist ideal f\u00fcr Profis, die Inspektionen, \u00dcberwachungsmissionen oder Rettungsaktionen durchf\u00fchren. <\/p>\n<h3 data-start=\"936\" data-end=\"1004\"><strong data-start=\"940\" data-end=\"1002\">Warum sollten Sie sich f\u00fcr den DJI Matrice 4 Series Propeller Guard entscheiden?<\/strong><\/h3>\n<p data-start=\"1006\" data-end=\"1561\">\u2714 <strong data-start=\"1008\" data-end=\"1032\">Verst\u00e4rkter Schutz<\/strong>: Sch\u00fctzt die Propeller effektiv vor Hindernissen und Kollisionen.<br data-start=\"1107\" data-end=\"1110\">\u2714 <strong data-start=\"1112\" data-end=\"1144\">Leichtes und robustes Design<\/strong>: Hergestellt aus hochwertigen Materialien f\u00fcr optimale Festigkeit.<br data-start=\"1215\" data-end=\"1218\">\u2714 <strong data-start=\"1220\" data-end=\"1253\">Einfache und schnelle Installation<\/strong>: Sichere Befestigung ohne zus\u00e4tzliche Werkzeuge.<br data-start=\"1301\" data-end=\"1304\">\u2714 <strong data-start=\"1306\" data-end=\"1332\">Garantierte Kompatibilit\u00e4t<\/strong>: Speziell f\u00fcr <strong data-start=\"1372\" data-end=\"1396\">DJI-Drohnen Matrice 4 Series<\/strong> (DJI Matrice 4E und DJI Matrice 4T) entwickelt.<br data-start=\"1432\" data-end=\"1435\">\u2714 <strong data-start=\"1437\" data-end=\"1456\">Erh\u00f6hte Sicherheit<\/strong>: Reduziert das Risiko f\u00fcr die Drohne und ihre Umgebung, ideal f\u00fcr Fl\u00fcge in begrenzten Umgebungen.<\/p>\n<h3 data-start=\"1568\" data-end=\"1629\"><strong data-start=\"1572\" data-end=\"1627\">Ein unverzichtbares Accessoire f\u00fcr Berufst\u00e4tige<\/strong><\/h3>\n<p data-start=\"1631\" data-end=\"1988\">Ob Sie nun ein <strong data-start=\"1659\" data-end=\"1682\">professioneller Drohnenpilot<\/strong>, ein Betreiber von Industrieinspektionen oder ein Experte f\u00fcr Luftsicherheit sind, der <strong data-start=\"1761\" data-end=\"1799\">Propellerschutz DJI Matrice 4<\/strong> ist ein wichtiger Aktivposten. Er spielt eine entscheidende Rolle bei der Vermeidung von Missionsunterbrechungen aufgrund von versehentlichen Sch\u00e4den an den Propellern und sorgt so f\u00fcr eine <strong data-start=\"1947\" data-end=\"1967\">l\u00e4ngere Lebensdauer<\/strong> Ihrer Ausr\u00fcstung. <\/p>\n<p data-start=\"1990\" data-end=\"2208\">Das optimierte Gewicht gew\u00e4hrleistet, dass die Flugleistung unver\u00e4ndert bleibt, was pr\u00e4zise Man\u00f6ver und erh\u00f6hte Stabilit\u00e4t selbst in komplexen Umgebungen erm\u00f6glicht. Der Einsatz wird besonders empfohlen f\u00fcr : <\/p>\n<ul data-start=\"2210\" data-end=\"2477\">\n<li data-start=\"2210\" data-end=\"2296\"><strong data-start=\"2212\" data-end=\"2249\">Betrieb in st\u00e4dtischen Gebieten<\/strong>: Vermeidung von Kollisionen mit Strukturen.<\/li>\n<li data-start=\"2297\" data-end=\"2388\"><strong data-start=\"2299\" data-end=\"2349\">\u00dcberwachungs- und Interventionsmissionen<\/strong>: Sichere Fl\u00fcge in der N\u00e4he von Hindernissen.<\/li>\n<li data-start=\"2389\" data-end=\"2477\"><strong data-start=\"2391\" data-end=\"2424\">Industrieinspektionen<\/strong>: bessere Kontrolle der Drohne in engen R\u00e4umen.<\/li>\n<\/ul>\n<h3 data-start=\"2484\" data-end=\"2561\"><strong data-start=\"2488\" data-end=\"2559\">Technische Spezifikationen des DJI Matrice 4 Series Propeller Guard<\/strong><\/h3>\n<ul data-start=\"2563\" data-end=\"2871\">\n<li data-start=\"2563\" data-end=\"2583\"><strong data-start=\"2565\" data-end=\"2575\">Marke<\/strong>: DJI<\/li>\n<li data-start=\"2584\" data-end=\"2674\"><strong data-start=\"2586\" data-end=\"2603\">Kompatibilit\u00e4t<\/strong>: <strong data-start=\"2613\" data-end=\"2637\">DJI-Drohnen Matrice 4 Series<\/strong> (DJI Matrice 4E und DJI Matrice 4T)<\/li>\n<li data-start=\"2675\" data-end=\"2738\"><strong data-start=\"2677\" data-end=\"2690\">Materialien<\/strong>: Leichte und sto\u00dffeste Konstruktion<\/li>\n<li data-start=\"2739\" data-end=\"2800\"><strong data-start=\"2741\" data-end=\"2757\">Installation<\/strong>: Schnelles und sicheres Befestigungssystem<\/li>\n<li data-start=\"2801\" data-end=\"2871\"><strong data-start=\"2803\" data-end=\"2812\">Gewicht<\/strong>: Optimiert, um die Aerodynamik der Drohne nicht zu beeintr\u00e4chtigen.<\/li>\n<\/ul>\n<h3 data-start=\"2878\" data-end=\"2960\"><strong data-start=\"2882\" data-end=\"2958\">Bestellen Sie jetzt Ihren DJI Propellerschutz Matrice 4 Series<\/strong><\/h3>\n<p data-start=\"2962\" data-end=\"3187\">Maximieren Sie die <strong data-start=\"2975\" data-end=\"2999\">Sicherheit Ihrer Fl\u00fcge<\/strong> mit dem <strong data-start=\"3008\" data-end=\"3048\">DJI Matrice 4 Series Propeller Guard<\/strong>. Er wurde f\u00fcr die anspruchsvollsten Umgebungen entwickelt und bietet Ihnen Ruhe und maximale Haltbarkeit f\u00fcr Ihre Propeller. <\/p>\n<p data-start=\"3189\" data-end=\"3245\">? <strong data-start=\"3192\" data-end=\"3243\">F\u00fcgen Sie es noch heute Ihrer Ausr\u00fcstung hinzu!<\/strong><\/p>\n","protected":false},"excerpt":{"rendered":"<p>Der Propellerschutz f\u00fcr <strong data-start=\"3660\" data-end=\"3678\">DJI Matrice 4T<\/strong> sorgt f\u00fcr optimale Sicherheit bei Ihren Fl\u00fcgen. Leichtes, robustes Design und einfach zu installieren. <\/p>\n","protected":false},"featured_media":163155,"comment_status":"open","ping_status":"closed","template":"","meta":{"_seopress_robots_primary_cat":"","_seopress_titles_title":"DJI Matrice 4 Series Propeller Guard - Sicherheit und Schutz","_seopress_titles_desc":"Sichern Sie Ihren DJI Matrice 4T mit dem Propeller Guard. Leicht, stark und einfach zu installieren, sch\u00fctzt er Ihre Propeller vor St\u00f6\u00dfen. ","_seopress_robots_index":"yes"},"product_brand":[19450],"product_cat":[15656],"product_tag":[],"class_list":{"0":"post-163154","1":"product","2":"type-product","3":"status-publish","4":"has-post-thumbnail","6":"product_brand-dji-enterprise","7":"product_cat-dji-matrix","9":"first","10":"outofstock","11":"taxable","12":"shipping-taxable","13":"purchasable","14":"product-type-simple"},"_links":{"self":[{"href":"https:\/\/drone-parts-center.com\/de\/wp-json\/wp\/v2\/product\/163154","targetHints":{"allow":["GET"]}}],"collection":[{"href":"https:\/\/drone-parts-center.com\/de\/wp-json\/wp\/v2\/product"}],"about":[{"href":"https:\/\/drone-parts-center.com\/de\/wp-json\/wp\/v2\/types\/product"}],"replies":[{"embeddable":true,"href":"https:\/\/drone-parts-center.com\/de\/wp-json\/wp\/v2\/comments?post=163154"}],"wp:featuredmedia":[{"embeddable":true,"href":"https:\/\/drone-parts-center.com\/de\/wp-json\/wp\/v2\/media\/163155"}],"wp:attachment":[{"href":"https:\/\/drone-parts-center.com\/de\/wp-json\/wp\/v2\/media?parent=163154"}],"wp:term":[{"taxonomy":"product_brand","embeddable":true,"href":"https:\/\/drone-parts-center.com\/de\/wp-json\/wp\/v2\/product_brand?post=163154"},{"taxonomy":"product_cat","embeddable":true,"href":"https:\/\/drone-parts-center.com\/de\/wp-json\/wp\/v2\/product_cat?post=163154"},{"taxonomy":"product_tag","embeddable":true,"href":"https:\/\/drone-parts-center.com\/de\/wp-json\/wp\/v2\/product_tag?post=163154"}],"curies":[{"name":"wp","href":"https:\/\/api.w.org\/{rel}","templated":true}]}}