{"id":151870,"date":"2025-03-15T08:04:29","date_gmt":"2025-03-15T07:04:29","guid":{"rendered":"https:\/\/drone-parts-center.com\/produit\/dji-rc-plus-2-strap-and-waist-support-kit\/"},"modified":"2025-07-26T18:04:29","modified_gmt":"2025-07-26T16:04:29","slug":"dji-rc-plus-2-strap-and-waist-support-kit","status":"publish","type":"product","link":"https:\/\/drone-parts-center.com\/de\/produkt\/dji-rc-plus-2-strap-and-waist-support-kit\/","title":{"rendered":"DJI RC Plus 2 Strap and Waist Support Kit"},"content":{"rendered":"<h2 data-start=\"1006\" data-end=\"1070\"><strong data-start=\"1011\" data-end=\"1068\">Befestigen Sie Ihren DJI RC Plus 2 und fliegen Sie mit voller Freiheit<\/strong><\/h2>\n<p data-start=\"1072\" data-end=\"1409\">Das <strong data-start=\"1075\" data-end=\"1127\"> <a href=\"https:\/\/drone-parts-center.com\/de\/produkt\/dji-rc-plus-2\/\">DJI RC Plus 2<\/a> Gurt-Set<\/strong> ist ein unverzichtbares Zubeh\u00f6r f\u00fcr Drohnenpiloten, die nach mehr Komfort und Bequemlichkeit suchen. Befestigen Sie einfach den <strong data-start=\"1250\" data-end=\"1272\">ergonomischen Gurt<\/strong> an Ihrer Fernsteuerung und tragen Sie ihn am K\u00f6rper, um Ihre H\u00e4nde frei zu haben und eine <strong data-start=\"1366\" data-end=\"1406\">nat\u00fcrliche und m\u00fchelose Steuerung<\/strong> zu genie\u00dfen. <\/p>\n<p data-start=\"1411\" data-end=\"1696\">Mit seinem <strong data-start=\"1423\" data-end=\"1458\">komfortablen, verstellbaren Design<\/strong> sorgt dieses Kit f\u00fcr eine bessere Gewichtsverteilung und reduziert die Muskelerm\u00fcdung bei langen Flugsessions. Der <strong data-start=\"1580\" data-end=\"1653\">Gurt ist so konzipiert, dass er fest sitzt, ohne Druck auf den Hals auszu\u00fcben<\/strong>, was eine angenehme Erfahrung gew\u00e4hrleistet. <\/p>\n<h3 data-start=\"1698\" data-end=\"1733\"><strong data-start=\"1702\" data-end=\"1731\">Warum dieses Paket?<\/strong><\/h3>\n<ul data-start=\"1734\" data-end=\"2075\">\n<li data-start=\"1734\" data-end=\"1804\"><strong data-start=\"1736\" data-end=\"1757\">Befreien Sie Ihre H\u00e4nde<\/strong> f\u00fcr eine bessere Kontrolle und mehr Komfort.<\/li>\n<li data-start=\"1805\" data-end=\"1874\"><strong data-start=\"1807\" data-end=\"1829\">Ergonomischer Rie<\/strong> men: schn\u00fcrt den Hals nicht ein und bleibt bequem<\/li>\n<li data-start=\"1875\" data-end=\"1947\"><strong data-start=\"1877\" data-end=\"1900\">Schnelle Installation<\/strong> durch eine robuste Halterung mit beigef\u00fcgten Schrauben<\/li>\n<li data-start=\"1948\" data-end=\"2009\"><strong data-start=\"1950\" data-end=\"1974\">Starke Materialien<\/strong> f\u00fcr eine lange Lebensdauer<\/li>\n<li data-start=\"2010\" data-end=\"2075\"><strong data-start=\"2012\" data-end=\"2050\">Ideal f\u00fcr l\u00e4ngere Sitzungen<\/strong> ohne Beschwerden oder Unbehagen<\/li>\n<\/ul>\n<h3 data-start=\"2077\" data-end=\"2106\"><strong data-start=\"2081\" data-end=\"2104\">Inhalt der Schachtel<\/strong><\/h3>\n<ul data-start=\"2107\" data-end=\"2156\">\n<li data-start=\"2107\" data-end=\"2125\"><strong data-start=\"2109\" data-end=\"2123\">Gurt \u00d7 1<\/strong><\/li>\n<li data-start=\"2126\" data-end=\"2156\"><strong data-start=\"2128\" data-end=\"2154\">Halterung (mit Schrauben) \u00d7 1<\/strong><\/li>\n<\/ul>\n<h3 data-start=\"2158\" data-end=\"2181\"><strong data-start=\"2162\" data-end=\"2179\">Kompatibilit\u00e4t<\/strong><\/h3>\n<p data-start=\"2182\" data-end=\"2310\">Dieses Kit ist ausschlie\u00dflich mit dem <strong data-start=\"2226\" data-end=\"2243\">DJI RC Plus 2<\/strong> kompatibel, was eine nahtlose Integration und optimierte Nutzung gew\u00e4hrleistet.<\/p>\n<p data-start=\"2312\" data-end=\"2411\">W\u00e4hlen Sie diese praktische und ergonomische L\u00f6sung f\u00fcr <strong data-start=\"2364\" data-end=\"2408\">eine intuitivere und m\u00fchelosere Steuerung<\/strong>.<\/p>\n","protected":false},"excerpt":{"rendered":"<p>Transportieren Sie Ihren <strong data-start=\"648\" data-end=\"665\">DJI RC Plus 2<\/strong> ganz einfach mit diesem <strong data-start=\"685\" data-end=\"723\">Set aus Gurt und H\u00fcftst\u00fctze<\/strong>. Es wurde f\u00fcr Komfort und Stabilit\u00e4t entworfen, entlastet Ihre H\u00e4nde und reduziert Erm\u00fcdungserscheinungen. Das verstellbare und ergonomische Design sorgt daf\u00fcr, dass Sie auch bei l\u00e4ngerem Gebrauch keine Beschwerden haben. Das ideale Zubeh\u00f6r f\u00fcr eine intuitivere und reibungslosere Steuerung.   <\/p>\n","protected":false},"featured_media":151871,"comment_status":"open","ping_status":"closed","template":"","meta":{"_seopress_robots_primary_cat":"","_seopress_titles_title":"DJI RC Plus 2 H\u00fcftgurt und H\u00fcftst\u00fctze | Komfort und Freiheit","_seopress_titles_desc":"Befestigen Sie Ihren DJI RC Plus 2 mit diesem ergonomischen Gurt an Ihrem K\u00f6rper. Freih\u00e4ndig, komfortabel und stabil f\u00fcr eine reibungslose und m\u00fchelose Steuerung. ","_seopress_robots_index":"yes"},"product_brand":[19450],"product_cat":[15656],"product_tag":[],"class_list":{"0":"post-151870","1":"product","2":"type-product","3":"status-publish","4":"has-post-thumbnail","6":"product_brand-dji-enterprise","7":"product_cat-dji-matrix","9":"first","10":"outofstock","11":"taxable","12":"shipping-taxable","13":"purchasable","14":"product-type-simple"},"_links":{"self":[{"href":"https:\/\/drone-parts-center.com\/de\/wp-json\/wp\/v2\/product\/151870","targetHints":{"allow":["GET"]}}],"collection":[{"href":"https:\/\/drone-parts-center.com\/de\/wp-json\/wp\/v2\/product"}],"about":[{"href":"https:\/\/drone-parts-center.com\/de\/wp-json\/wp\/v2\/types\/product"}],"replies":[{"embeddable":true,"href":"https:\/\/drone-parts-center.com\/de\/wp-json\/wp\/v2\/comments?post=151870"}],"wp:featuredmedia":[{"embeddable":true,"href":"https:\/\/drone-parts-center.com\/de\/wp-json\/wp\/v2\/media\/151871"}],"wp:attachment":[{"href":"https:\/\/drone-parts-center.com\/de\/wp-json\/wp\/v2\/media?parent=151870"}],"wp:term":[{"taxonomy":"product_brand","embeddable":true,"href":"https:\/\/drone-parts-center.com\/de\/wp-json\/wp\/v2\/product_brand?post=151870"},{"taxonomy":"product_cat","embeddable":true,"href":"https:\/\/drone-parts-center.com\/de\/wp-json\/wp\/v2\/product_cat?post=151870"},{"taxonomy":"product_tag","embeddable":true,"href":"https:\/\/drone-parts-center.com\/de\/wp-json\/wp\/v2\/product_tag?post=151870"}],"curies":[{"name":"wp","href":"https:\/\/api.w.org\/{rel}","templated":true}]}}