{"id":151678,"date":"2025-02-27T12:35:48","date_gmt":"2025-02-27T11:35:48","guid":{"rendered":"https:\/\/drone-parts-center.com\/produit\/dji-flighthub-2-professional-version-12-month-plan\/"},"modified":"2025-11-29T09:55:13","modified_gmt":"2025-11-29T08:55:13","slug":"dji-flighthub-2-professional-version-12-month-plan","status":"publish","type":"product","link":"https:\/\/drone-parts-center.com\/de\/produkt\/dji-flighthub-2-professional-version-12-month-plan\/","title":{"rendered":"DJI FlightHub 2 Professional Version (12-Month Plan)"},"content":{"rendered":"<h2 data-start=\"322\" data-end=\"400\"><strong data-start=\"325\" data-end=\"398\">Einleitung: Eine leistungsstarke Cloud-L\u00f6sung f\u00fcr das Management von Drohnen<\/strong><\/h2>\n<p data-start=\"402\" data-end=\"912\">Der DJI FlightHub 2 Professional Version (12-Month Plan) ist eine umfassende L\u00f6sung, mit der Profis die Verwaltung ihrer Drohnen optimieren k\u00f6nnen. Diese fortschrittliche Cloud-Plattform bietet Echtzeit\u00fcberwachung, detaillierte Missionsplanung und sichere Datenspeicherung. Sie wurde entwickelt, um die Bed\u00fcrfnisse von Unternehmen, Beh\u00f6rden und Experten zu erf\u00fcllen, die Drohnen zur \u00dcberwachung, Inspektion, Kartierung und f\u00fcr andere kritische Anwendungen einsetzen.  <\/p>\n<p data-start=\"914\" data-end=\"1299\">FlightHub 2 verf\u00fcgt \u00fcber fortschrittliche Funktionen, die eine reibungslose Koordination der Teams, eine genaue Verfolgung der Operationen und eine optimale Datensicherung erm\u00f6glichen. Ob Sie nun ein Flottenmanager, ein professioneller Drohnenpilot oder ein Einsatzleiter sind, diese Cloud-L\u00f6sung garantiert Ihnen eine effiziente und zentralisierte Ausf\u00fchrung Ihrer Aufgaben. <\/p>\n<h2 data-start=\"1306\" data-end=\"1387\"><strong data-start=\"1309\" data-end=\"1385\">1. Eine All-in-One-Cloud-Plattform f\u00fcr eine optimierte Verwaltung von Drohnen<\/strong><\/h2>\n<p data-start=\"1389\" data-end=\"1680\">Der DJI FlightHub 2 Professional zeichnet sich durch seine F\u00e4higkeit aus, alle mit Drohnen verbundenen Operationen zu zentralisieren. Mit seiner intuitiven Benutzeroberfl\u00e4che und den fortschrittlichen Management-Tools erm\u00f6glicht es Unternehmen und Organisationen, ihre Drohnenflotten optimal zu nutzen. <\/p>\n<h3 data-start=\"1682\" data-end=\"1733\"><strong data-start=\"1686\" data-end=\"1731\">1.1. \u00dcberwachung und Verwaltung in Echtzeit<\/strong><\/h3>\n<ul data-start=\"1735\" data-end=\"2256\">\n<li data-start=\"1735\" data-end=\"1970\">\u00dcberwachen Sie jeden Einsatz live mit einem Videostream in Echtzeit. Mit einem Kontingent von 2.000 Minuten Livestream pro Monat k\u00f6nnen die Teams die Eins\u00e4tze live beobachten und strategische Entscheidungen treffen. <\/li>\n<li data-start=\"1971\" data-end=\"2110\">Teilen Sie Videostreams sofort mit anderen Teammitgliedern und sorgen Sie so f\u00fcr eine bessere Koordination vor Ort.<\/li>\n<li data-start=\"2111\" data-end=\"2256\">Synchronisieren Sie Missionsdaten in Echtzeit zwischen Piloten und Bedienern und vermeiden Sie so den Verlust kritischer Informationen.<\/li>\n<\/ul>\n<h3 data-start=\"2258\" data-end=\"2303\"><strong data-start=\"2262\" data-end=\"2301\">1.2. Erweiterte Flugplanung<\/strong><\/h3>\n<ul data-start=\"2305\" data-end=\"2808\">\n<li data-start=\"2305\" data-end=\"2524\">Erstellen und verwalten Sie eine unbegrenzte Anzahl von Projekten, indem Sie genaue Flugrouten festlegen. Im Gegensatz zur Standardversion, die auf 5 Projekte beschr\u00e4nkt ist, bietet die Professional-Version volle Flexibilit\u00e4t. <\/li>\n<li data-start=\"2525\" data-end=\"2657\">Lassen Sie sich die Flugprognose auf der 2.5D-Karte anzeigen und passen Sie die Flugwege an die Umgebungsbedingungen an.<\/li>\n<li data-start=\"2658\" data-end=\"2808\">Analysieren Sie die erwarteten Ergebnisse jedes Missionspunktes, bevor Sie die Drohnen in den Einsatz schicken, und gew\u00e4hrleisten Sie so Sicherheit und Effizienz.<\/li>\n<\/ul>\n<h3 data-start=\"2810\" data-end=\"2859\"><strong data-start=\"2814\" data-end=\"2857\">1.3. Massiver Cloud-Speicherplatz<\/strong><\/h3>\n<ul data-start=\"2861\" data-end=\"3308\">\n<li data-start=\"2861\" data-end=\"3013\">Die Speicherkapazit\u00e4t wurde von 5 GB auf 500 GB in der professionellen Version erh\u00f6ht, um sicherzustellen, dass wichtige Daten optimal gespeichert werden.<\/li>\n<li data-start=\"3014\" data-end=\"3210\">Die Dateien bleiben zug\u00e4nglich, auch wenn der Speicherplatz voll ist: Die Nutzer k\u00f6nnen sie immer noch herunterladen, aber neue Daten k\u00f6nnen ohne Upgrade nicht hinzugef\u00fcgt werden.<\/li>\n<li data-start=\"3211\" data-end=\"3308\">Speichern Sie Ihre Videos, Bilder, Flugrouten und andere kritische Dateien sicher.<\/li>\n<\/ul>\n<h2 data-start=\"3315\" data-end=\"3377\"><strong data-start=\"3318\" data-end=\"3375\">2. Hochmoderne Datenanalyse und -verarbeitung<\/strong><\/h2>\n<p data-start=\"3379\" data-end=\"3551\">DJI FlightHub 2 Professional speichert nicht nur Daten, sondern wandelt sie auch in <strong data-start=\"3473\" data-end=\"3502\">verwertbare Informationen<\/strong> um, die eine schnelle und effiziente Entscheidungsfindung erm\u00f6glichen.<\/p>\n<h3 data-start=\"3553\" data-end=\"3604\"><strong data-start=\"3557\" data-end=\"3602\">2.1. Erweiterte Kartographie und Modellierung<\/strong><\/h3>\n<ul data-start=\"3606\" data-end=\"4037\">\n<li data-start=\"3606\" data-end=\"3755\">Orthomosaik-Karten in Echtzeit: Erstellen Sie sofort RGB- und Infrarot-Karten, um Umgebungen genau zu analysieren.<\/li>\n<li data-start=\"3756\" data-end=\"3884\">2D- und 3D-Modellierung: Erhalten Sie eine genaue Darstellung des Gel\u00e4ndes, indem Sie die von Ihren Drohnen aufgenommenen Bilder zusammenf\u00fcgen.<\/li>\n<li data-start=\"3885\" data-end=\"4037\">Daten\u00fcberlagerung auf der 2.5D-Karte: Zeigen Sie annotierte Objekte, geplante Routen und Teampositionen an einem Ort an.<\/li>\n<\/ul>\n<h3 data-start=\"4039\" data-end=\"4095\"><strong data-start=\"4043\" data-end=\"4093\">2.2. Anmerkungen und Synchronisation von Daten<\/strong><\/h3>\n<ul data-start=\"4097\" data-end=\"4428\">\n<li data-start=\"4097\" data-end=\"4205\">F\u00fcgen Sie Notizen und Anmerkungen zu den aufgenommenen Bildern hinzu, um die Post-Missions-Analyse zu erleichtern.<\/li>\n<li data-start=\"4206\" data-end=\"4336\">Synchronisieren Sie Anmerkungen mit allen Teams in Echtzeit und vermeiden Sie so den Verlust wichtiger Informationen.<\/li>\n<li data-start=\"4337\" data-end=\"4428\">Teilen Sie Positionen und Auftr\u00e4ge live mit, um die Zusammenarbeit zu optimieren.<\/li>\n<\/ul>\n<h2 data-start=\"4435\" data-end=\"4497\"><strong data-start=\"4438\" data-end=\"4495\">3. Erweiterte Kompatibilit\u00e4t mit DJI-Ausr\u00fcstung<\/strong><\/h2>\n<p data-start=\"4499\" data-end=\"4646\">FlightHub 2 wurde entwickelt, um mit dem gesamten DJI-\u00d6kosystem zu funktionieren, einschlie\u00dflich <strong data-start=\"4589\" data-end=\"4614\">professioneller Drohnen<\/strong> und <strong data-start=\"4622\" data-end=\"4643\">DJI Docks<\/strong>.<\/p>\n<h3 data-start=\"4648\" data-end=\"4700\"><strong data-start=\"4652\" data-end=\"4698\">3.1. Unterst\u00fctzung f\u00fcr professionelle DJI-Drohnen<\/strong><\/h3>\n<p data-start=\"4702\" data-end=\"4777\">Diese Plattform ist mit vielen DJI-Modellen kompatibel, darunter :<\/p>\n<ul data-start=\"4779\" data-end=\"5100\">\n<li data-start=\"4779\" data-end=\"4893\"><strong data-start=\"4781\" data-end=\"4818\">DJI Matrice 30 und Matrice 300 RTK<\/strong> - ideal f\u00fcr \u00dcberwachungsmissionen und industrielle Inspektionen.<\/li>\n<li data-start=\"4779\" data-end=\"4893\"><strong>DJI Matrice 4 TD - <\/strong>f\u00fcr Notfalleins\u00e4tze<\/li>\n<li data-start=\"4894\" data-end=\"4979\"><strong data-start=\"4896\" data-end=\"4922\">DJI Mavic 3 Enterprise<\/strong> - perfekt f\u00fcr Kartografie und Luftaufnahmen.<\/li>\n<li data-start=\"4980\" data-end=\"5100\"><strong data-start=\"4982\" data-end=\"4994\">DJI Dock 3<\/strong> - erm\u00f6glicht einen vollautomatischen Betrieb mit autonomer Entfaltung und Landung.<\/li>\n<\/ul>\n<h3 data-start=\"5102\" data-end=\"5173\"><strong data-start=\"5106\" data-end=\"5171\">3.2. Integration mit DJI Dock f\u00fcr Fernoperationen<\/strong><\/h3>\n<p data-start=\"5175\" data-end=\"5265\">Mit DJI Dock unterst\u00fctzt FlightHub 2 erweiterte Funktionen wie :<\/p>\n<ul data-start=\"5267\" data-end=\"5541\">\n<li data-start=\"5267\" data-end=\"5347\">Planung von automatischen Fl\u00fcgen und Durchf\u00fchrung von Missionen aus der Ferne.<\/li>\n<li data-start=\"5348\" data-end=\"5446\">Zentralisierte Verwaltung der Flotte mit Warnungen bei Unregelm\u00e4\u00dfigkeiten und vorausschauender Wartung.<\/li>\n<li data-start=\"5447\" data-end=\"5541\">Automatisches Herunterladen von Medien und Synchronisierung der Daten nach jedem Flug.<\/li>\n<\/ul>\n<h2 data-start=\"5548\" data-end=\"5622\"><strong data-start=\"5551\" data-end=\"5620\">4. Anpassung und Skalierbarkeit mit zus\u00e4tzlichen Paketen<\/strong><\/h2>\n<p data-start=\"5624\" data-end=\"5755\">DJI FlightHub 2 Professional bietet auch die M\u00f6glichkeit, seine Funktionen mit Hilfe von Zusatzpaketen zu erweitern:<\/p>\n<ul data-start=\"5757\" data-end=\"6103\">\n<li data-start=\"5757\" data-end=\"5878\"><strong>Livestream Reload Pack<\/strong>: F\u00fcgen Sie 10.000 Minuten Streaming hinzu, um keine kritische Beobachtung zu verpassen.<\/li>\n<li data-start=\"5879\" data-end=\"5995\"><strong>Mapping Reload-Paket<\/strong>: Erh\u00f6hen Sie Ihr Kontingent an Kartenbildern um weitere 20.000 Bilder.<\/li>\n<li data-start=\"5996\" data-end=\"6103\"><strong>Cloud-Speicher-Paket<\/strong>: F\u00fcgen Sie 500 GB Speicherplatz pro Jahr hinzu, um noch mehr Dateien zu speichern.<\/li>\n<\/ul>\n<h2 data-start=\"6110\" data-end=\"6156\"><strong data-start=\"6113\" data-end=\"6154\">5. Datensicherheit und -konformit\u00e4t<\/strong><\/h2>\n<h3 data-start=\"6158\" data-end=\"6210\"><strong data-start=\"6162\" data-end=\"6208\">5.1. Sicheres Hosting von Informationen<\/strong><\/h3>\n<ul data-start=\"6212\" data-end=\"6405\">\n<li data-start=\"6212\" data-end=\"6304\">Die Daten werden auf sicheren Cloud-Servern mit fortgeschrittener Verschl\u00fcsselung gespeichert.<\/li>\n<li data-start=\"6305\" data-end=\"6405\">Eingeschr\u00e4nkter Zugang und Kontrolle der Berechtigungen, um das Austreten sensibler Informationen zu verhindern.<\/li>\n<\/ul>\n<h3 data-start=\"6407\" data-end=\"6452\"><strong data-start=\"6411\" data-end=\"6450\">5.2. Einhaltung von Vorschriften<\/strong><\/h3>\n<p>FlightHub 2 erf\u00fcllt die Anforderungen des Datenschutzes und passt sich an die Bed\u00fcrfnisse von \u00f6ffentlichen und privaten Organisationen an. In einem Umfeld, in dem die Sicherheit von Daten von gr\u00f6\u00dfter Bedeutung ist,<span style=\"color: #555555; font-size: 14.4px;\"> erf\u00fcllen<\/span> das DJI Dock 3 und der <a style=\"font-size: 14.4px;\" href=\"https:\/\/drone-parts-center.com\/de\/produkt\/dji-flighthub-2-professional-version-12-month-plan\/\">FlightHub 2<\/a> die internationalen Standards f\u00fcr den Schutz von Informationen.<\/p>\n<ul data-start=\"3362\" data-end=\"3863\">\n<li data-start=\"3362\" data-end=\"3607\">ISO 27001: Informationssicherheitsmanagement - <a href=\"https:\/\/drone-parts-center.com\/de\/produkt\/dji-flighthub-2-professional-version-12-month-plan\/\">DJI FlightHub 2<\/a> ist nach ISO 27001 zertifiziert, was sicherstellt, dass die Plattform den besten Praktiken f\u00fcr die Informationssicherheit und den Schutz vor Cyberangriffen folgt.<\/li>\n<li data-start=\"3608\" data-end=\"3863\">ISO 27701: Schutz pers\u00f6nlicher Daten - DJI gew\u00e4hrleistet die Einhaltung der DSGVO (General Data Protection Regulation) f\u00fcr europ\u00e4ische Kunden und garantiert die vollst\u00e4ndige Vertraulichkeit der gesammelten Daten.<\/li>\n<\/ul>\n<p data-start=\"3865\" data-end=\"4095\">Durch die Nutzung einer in Europa ans\u00e4ssigen Cloud-Infrastruktur gew\u00e4hrleistet DJI, dass die Daten der Drohnen und Missionen das europ\u00e4ische Territorium nicht verlassen, was den strengen Anforderungen der europ\u00e4ischen Gesetzgebung entspricht.<\/p>\n<h2 data-start=\"6597\" data-end=\"6661\"><strong data-start=\"6600\" data-end=\"6659\">Warum sollten Sie sich f\u00fcr DJI FlightHub 2 Professional Version entscheiden?<\/strong><\/h2>\n<p data-start=\"6663\" data-end=\"6755\">Wenn Sie sich f\u00fcr DJI FlightHub 2 Professional Version (12-Month Plan) entscheiden, erhalten Sie :<\/p>\n<p data-start=\"6757\" data-end=\"7240\">\u2705 Unbegrenztes Projektmanagement und Echtzeitverfolgung von Auftr\u00e4gen.<br data-start=\"6844\" data-end=\"6847\">\u2705 Ein sicherer Cloud-Speicher von 500 GB, der nach Bedarf erweitert werden kann.<br data-start=\"6921\" data-end=\"6924\">\u2705 Sofortige Synchronisation von Notizen und Flugdaten.<br data-start=\"7002\" data-end=\"7005\">\u2705 Erweiterte Karten und Modelle f\u00fcr eine genaue Analyse der Umgebung.<br data-start=\"7091\" data-end=\"7094\">\u2705 Kompatibilit\u00e4t mit DJI Dock und professionellen Drohnen.<br data-start=\"7163\" data-end=\"7166\">\u2705 Die M\u00f6glichkeit, Pakete hinzuzuf\u00fcgen, um eine vollst\u00e4ndige Flexibilit\u00e4t zu erreichen.<\/p>\n<p data-start=\"7242\" data-end=\"7429\">Wenn Sie nach einer leistungsstarken, skalierbaren und sicheren L\u00f6sung suchen, ist der DJI FlightHub 2 Professional Version das richtige Werkzeug f\u00fcr Sie, um die Verwaltung Ihrer Drohnen zu optimieren.<\/p>\n","protected":false},"excerpt":{"rendered":"<p>Die DJI FlightHub 2 Professional Version erm\u00f6glicht eine fortschrittliche Verwaltung von Drohnenflotten mit sicherer Speicherung, Streaming und Kartenmaterial in der Cloud.<\/p>\n","protected":false},"featured_media":162930,"comment_status":"open","ping_status":"closed","template":"","meta":{"_seopress_robots_primary_cat":"","_seopress_titles_title":"DJI FlightHub 2 Professional - Cloud-Management f\u00fcr Drohnen","_seopress_titles_desc":"Verwalten Sie Ihre Drohnen mit DJI FlightHub 2 Professional. Speicherplatz 500 GB, Livestreaming 2.000 Min.\/Monat, erweiterte Karten. ","_seopress_robots_index":"yes","_seopress_analysis_target_kw":"DJI FlightHub 2 Professional"},"product_brand":[19450],"product_cat":[16688],"product_tag":[],"class_list":{"0":"post-151678","1":"product","2":"type-product","3":"status-publish","4":"has-post-thumbnail","6":"product_brand-dji-enterprise","7":"product_cat-drohne-in-the-box","9":"first","10":"outofstock","11":"taxable","12":"shipping-taxable","13":"purchasable","14":"product-type-simple"},"_links":{"self":[{"href":"https:\/\/drone-parts-center.com\/de\/wp-json\/wp\/v2\/product\/151678","targetHints":{"allow":["GET"]}}],"collection":[{"href":"https:\/\/drone-parts-center.com\/de\/wp-json\/wp\/v2\/product"}],"about":[{"href":"https:\/\/drone-parts-center.com\/de\/wp-json\/wp\/v2\/types\/product"}],"replies":[{"embeddable":true,"href":"https:\/\/drone-parts-center.com\/de\/wp-json\/wp\/v2\/comments?post=151678"}],"wp:featuredmedia":[{"embeddable":true,"href":"https:\/\/drone-parts-center.com\/de\/wp-json\/wp\/v2\/media\/162930"}],"wp:attachment":[{"href":"https:\/\/drone-parts-center.com\/de\/wp-json\/wp\/v2\/media?parent=151678"}],"wp:term":[{"taxonomy":"product_brand","embeddable":true,"href":"https:\/\/drone-parts-center.com\/de\/wp-json\/wp\/v2\/product_brand?post=151678"},{"taxonomy":"product_cat","embeddable":true,"href":"https:\/\/drone-parts-center.com\/de\/wp-json\/wp\/v2\/product_cat?post=151678"},{"taxonomy":"product_tag","embeddable":true,"href":"https:\/\/drone-parts-center.com\/de\/wp-json\/wp\/v2\/product_tag?post=151678"}],"curies":[{"name":"wp","href":"https:\/\/api.w.org\/{rel}","templated":true}]}}