{"id":151623,"date":"2025-02-26T17:06:32","date_gmt":"2025-02-26T16:06:32","guid":{"rendered":"https:\/\/drone-parts-center.com\/produit\/dji-rc-pro-control-sticks\/"},"modified":"2025-09-20T20:14:44","modified_gmt":"2025-09-20T18:14:44","slug":"dji-rc-pro-control-sticks","status":"publish","type":"product","link":"https:\/\/drone-parts-center.com\/de\/produkt\/dji-rc-pro-control-sticks\/","title":{"rendered":"DJI RC Pro Control Sticks"},"content":{"rendered":"<p data-start=\"115\" data-end=\"424\">Die <strong data-start=\"119\" data-end=\"148\">DJI RC Pro Control Sticks<\/strong> sind abnehmbare <strong data-start=\"119\" data-end=\"148\">Steuersticks<\/strong>, die entwickelt wurden, um Ihrem <strong data-start=\"265\" data-end=\"279\">DJI RC Pro<\/strong> Fernsteuerungssystem eine optimale Steuerungspr\u00e4zision zu verleihen. Dank ihres ergonomischen Designs liegen die Sticks bequem in der Hand und bieten eine fl\u00fcssige Reaktion f\u00fcr pr\u00e4zise Man\u00f6ver. <\/p>\n<p data-start=\"426\" data-end=\"769\">Diese <strong data-start=\"471\" data-end=\"504\">DJI RC Pro Steuerst\u00e4be<\/strong> sind aus strapazierf\u00e4higen Materialien gefertigt und bieten maximale Haltbarkeit und ausgezeichnete Griffigkeit, auch bei l\u00e4ngeren Flugsessions. Dank ihres abnehmbaren Designs k\u00f6nnen sie einfach in der Fernsteuerung verstaut werden und bieten so eine praktische L\u00f6sung f\u00fcr Transport und Lagerung. <\/p>\n<h3 data-start=\"771\" data-end=\"826\"><strong data-start=\"775\" data-end=\"824\">Warum sollten Sie sich f\u00fcr diese DJI-Steuerungssticks entscheiden?<\/strong><\/h3>\n<ul data-start=\"828\" data-end=\"1207\">\n<li data-start=\"828\" data-end=\"946\"><strong data-start=\"830\" data-end=\"855\">Original DJI-Qualit\u00e4t<\/strong>: Die Sticks sind so konzipiert, dass sie perfekt mit der Fernsteuerung <strong data-start=\"929\" data-end=\"943\">DJI RC Pro<\/strong> kompatibel sind.<\/li>\n<li data-start=\"947\" data-end=\"1028\"><strong data-start=\"949\" data-end=\"974\">Steuerpr\u00e4zision<\/strong>: verbessert die Reaktionsf\u00e4higkeit und den Komfort beim Steuern.<\/li>\n<li data-start=\"1029\" data-end=\"1115\"><strong data-start=\"1031\" data-end=\"1053\">Robuste Materialien<\/strong>: verschlei\u00dffest und mit ausgezeichneter Griffigkeit.<\/li>\n<li data-start=\"1116\" data-end=\"1207\"><strong data-start=\"1118\" data-end=\"1143\">Einfacher Transport<\/strong>: abnehmbar und im Inneren der Fernbedienung aufbewahrbar.<\/li>\n<\/ul>\n<h3 data-start=\"1209\" data-end=\"1248\"><strong data-start=\"1213\" data-end=\"1246\">Installation und Kompatibilit\u00e4t<\/strong><\/h3>\n<p data-start=\"1250\" data-end=\"1430\">Diese <strong data-start=\"1254\" data-end=\"1287\">DJI RC Pro Control Sticks<\/strong> sind <strong data-start=\"1293\" data-end=\"1355\">ausschlie\u00dflich mit der DJI RC Pro Fernbedienung kompatibel<\/strong>. Sie sind nicht mit anderen DJI-Fernbedienungen kompatibel. <\/p>\n<p data-start=\"1432\" data-end=\"1604\">Die Installation ist einfach und schnell: Schrauben Sie die Sticks einfach auf die Fernsteuerung und nehmen Sie sie bei Nichtgebrauch ab, um sie optimal zu verstauen.<\/p>\n<h3 data-start=\"1606\" data-end=\"1632\"><strong data-start=\"1610\" data-end=\"1630\">Inhalt des Pakets<\/strong><\/h3>\n<ul data-start=\"1634\" data-end=\"1678\">\n<li data-start=\"1634\" data-end=\"1678\"><strong data-start=\"1636\" data-end=\"1676\">1 Paar DJI RC Pro Control Sticks<\/strong><\/li>\n<\/ul>\n<p data-start=\"1680\" data-end=\"1841\">Diese Steuersticks sind wichtig, um eine pr\u00e4zise und komfortable Steuerung Ihrer DJI-Drohne zu gew\u00e4hrleisten, sei es f\u00fcr den professionellen Gebrauch oder f\u00fcr den Freizeitbereich.<\/p>\n","protected":false},"excerpt":{"rendered":"<p>Die <strong data-start=\"2224\" data-end=\"2253\">DJI RC Pro Control Sticks<\/strong> sind abnehmbare Steuerst\u00e4be, die f\u00fcr die <strong data-start=\"2309\" data-end=\"2337\">DJI RC Pro Fernsteuerung<\/strong> entwickelt wurden. Sie sind leicht zu verstauen und zu transportieren. <\/p>\n","protected":false},"featured_media":151624,"comment_status":"open","ping_status":"closed","template":"","meta":{"_seopress_robots_primary_cat":"","_seopress_titles_title":"DJI RC Pro Control Sticks - Offizielle Steuersticks","_seopress_titles_desc":"Optimieren Sie Ihr Flugverhalten mit den DJI RC Pro Control Sticks. Abnehmbare Sticks, einfache Aufbewahrung und perfekte Kompatibilit\u00e4t mit der DJI RC Pro Fernsteuerung. ","_seopress_robots_index":"yes"},"product_brand":[19390],"product_cat":[15708],"product_tag":[],"class_list":{"0":"post-151623","1":"product","2":"type-product","3":"status-publish","4":"has-post-thumbnail","6":"product_brand-dji","7":"product_cat-dji-mavic-3-de","9":"first","10":"outofstock","11":"taxable","12":"shipping-taxable","13":"purchasable","14":"product-type-simple"},"_links":{"self":[{"href":"https:\/\/drone-parts-center.com\/de\/wp-json\/wp\/v2\/product\/151623","targetHints":{"allow":["GET"]}}],"collection":[{"href":"https:\/\/drone-parts-center.com\/de\/wp-json\/wp\/v2\/product"}],"about":[{"href":"https:\/\/drone-parts-center.com\/de\/wp-json\/wp\/v2\/types\/product"}],"replies":[{"embeddable":true,"href":"https:\/\/drone-parts-center.com\/de\/wp-json\/wp\/v2\/comments?post=151623"}],"wp:featuredmedia":[{"embeddable":true,"href":"https:\/\/drone-parts-center.com\/de\/wp-json\/wp\/v2\/media\/151624"}],"wp:attachment":[{"href":"https:\/\/drone-parts-center.com\/de\/wp-json\/wp\/v2\/media?parent=151623"}],"wp:term":[{"taxonomy":"product_brand","embeddable":true,"href":"https:\/\/drone-parts-center.com\/de\/wp-json\/wp\/v2\/product_brand?post=151623"},{"taxonomy":"product_cat","embeddable":true,"href":"https:\/\/drone-parts-center.com\/de\/wp-json\/wp\/v2\/product_cat?post=151623"},{"taxonomy":"product_tag","embeddable":true,"href":"https:\/\/drone-parts-center.com\/de\/wp-json\/wp\/v2\/product_tag?post=151623"}],"curies":[{"name":"wp","href":"https:\/\/api.w.org\/{rel}","templated":true}]}}