{"id":151599,"date":"2025-02-26T16:28:21","date_gmt":"2025-02-26T15:28:21","guid":{"rendered":"https:\/\/drone-parts-center.com\/produit\/dji-neo-propulsion-motor-front\/"},"modified":"2025-07-26T18:12:43","modified_gmt":"2025-07-26T16:12:43","slug":"dji-neo-propulsion-motor-front","status":"publish","type":"product","link":"https:\/\/drone-parts-center.com\/de\/produkt\/dji-neo-propulsion-motor-front\/","title":{"rendered":"DJI Neo Propulsion Motor (Front)"},"content":{"rendered":"<p data-start=\"110\" data-end=\"421\">Der <strong data-start=\"113\" data-end=\"149\">DJI Neo Propulsion Motor (Front)<\/strong> ist ein offizieller (OEM) <strong data-start=\"113\" data-end=\"149\">Frontantriebsmotor<\/strong>, der entwickelt wurde, um optimale Leistung und maximale Stabilit\u00e4t f\u00fcr Ihre DJI Neo Drohne zu gew\u00e4hrleisten. Dieser Motor bietet eine zuverl\u00e4ssige Leistung und eine schnelle Reaktion, die f\u00fcr pr\u00e4zise Man\u00f6ver und Stabilit\u00e4t im Flug unerl\u00e4sslich sind. <\/p>\n<p data-start=\"423\" data-end=\"704\">Dieser <strong data-start=\"469\" data-end=\"498\">Frontmotor f\u00fcr DJI Neo<\/strong> wurde aus hochwertigen Materialien gefertigt und bietet eine l\u00e4ngere Haltbarkeit und eine effiziente W\u00e4rmeableitung. Er ist ideal, um einen besch\u00e4digten Motor nach einem Absturz oder l\u00e4ngerem Verschlei\u00df zu ersetzen und so die Lebensdauer Ihrer Drohne zu verl\u00e4ngern. <\/p>\n<h3 data-start=\"706\" data-end=\"748\"><strong data-start=\"710\" data-end=\"746\">Warum sollten Sie sich f\u00fcr diesen OEM-Motor entscheiden?<\/strong><\/h3>\n<ul data-start=\"750\" data-end=\"1099\">\n<li data-start=\"750\" data-end=\"843\"><strong data-start=\"752\" data-end=\"780\">Qualit\u00e4t und Kompatibilit\u00e4t<\/strong>: Offizieller DJI Motor, der speziell f\u00fcr den DJI Neo entwickelt wurde.<\/li>\n<li data-start=\"844\" data-end=\"928\"><strong data-start=\"846\" data-end=\"870\">Optimale Leistung<\/strong>: garantiert einen kr\u00e4ftigen Schub und eine schnelle Reaktion.<\/li>\n<li data-start=\"929\" data-end=\"1011\"><strong data-start=\"931\" data-end=\"955\">Pr\u00e4zise Installation<\/strong>: ohne \u00c4nderungen mit der DJI Neo Drohne kompatibel.<\/li>\n<li data-start=\"1012\" data-end=\"1099\"><strong data-start=\"1014\" data-end=\"1041\">Langlebig und zuverl\u00e4ssig<\/strong>: Entwickelt, um den anspruchsvollen Bedingungen des Flugbetriebs standzuhalten.<\/li>\n<\/ul>\n<h3 data-start=\"1101\" data-end=\"1140\"><strong data-start=\"1105\" data-end=\"1138\">Installation und Kompatibilit\u00e4t<\/strong><\/h3>\n<p data-start=\"1142\" data-end=\"1290\">Dieser <strong data-start=\"1145\" data-end=\"1183\">DJI Neo Frontantrieb<\/strong> ist <strong data-start=\"1194\" data-end=\"1224\">nur f\u00fcr den DJI Neo<\/strong> konzipiert und kann nicht f\u00fcr andere DJI-Drohnenmodelle verwendet werden.<\/p>\n<p data-start=\"1292\" data-end=\"1497\">Die Installation erfordert Kenntnisse in der Reparatur von Drohnen. Wenn Sie mit dem Austausch von Motoren nicht vertraut sind, wird empfohlen, einen Fachmann zu Rate zu ziehen, um Sch\u00e4den zu vermeiden. <\/p>\n<h3 data-start=\"1499\" data-end=\"1525\"><strong data-start=\"1503\" data-end=\"1523\">Inhalt des Pakets<\/strong><\/h3>\n<ul data-start=\"1527\" data-end=\"1586\">\n<li data-start=\"1527\" data-end=\"1586\">1 x <strong data-start=\"1533\" data-end=\"1569\">DJI Neo Propulsion Motor (Front)<\/strong> (Frontmotor)<\/li>\n<\/ul>\n<p data-start=\"1588\" data-end=\"1698\">Mit diesem offiziellen Ersatzteil sorgen Sie daf\u00fcr, dass Ihre Drohne einen effizienten Antrieb und eine optimale Flugstabilit\u00e4t erh\u00e4lt.<\/p>\n","protected":false},"excerpt":{"rendered":"<p>Der <strong data-start=\"2053\" data-end=\"2089\">DJI Neo Propulsion Motor (Front)<\/strong> ist ein OEM Frontmotor, der f\u00fcr einen stabilen und kraftvollen Antrieb des <strong data-start=\"2175\" data-end=\"2186\">DJI Neo<\/strong> entwickelt wurde.<\/p>\n","protected":false},"featured_media":151600,"comment_status":"open","ping_status":"closed","template":"","meta":{"_seopress_robots_primary_cat":"","_seopress_titles_title":"DJI Neo Propulsion Motor Front - Offizieller Frontmotor","_seopress_titles_desc":"Ersetzen Sie den DJI Neo Frontmotor mit diesem offiziellen Ersatzteil. Leistung, Stabilit\u00e4t und einfache Installation f\u00fcr einen optimalen Flug. ","_seopress_robots_index":""},"product_brand":[19390],"product_cat":[16720],"product_tag":[],"class_list":{"0":"post-151599","1":"product","2":"type-product","3":"status-publish","4":"has-post-thumbnail","6":"product_brand-dji","7":"product_cat-dji-neo-de-2","9":"first","10":"instock","11":"taxable","12":"shipping-taxable","13":"purchasable","14":"product-type-simple"},"_links":{"self":[{"href":"https:\/\/drone-parts-center.com\/de\/wp-json\/wp\/v2\/product\/151599","targetHints":{"allow":["GET"]}}],"collection":[{"href":"https:\/\/drone-parts-center.com\/de\/wp-json\/wp\/v2\/product"}],"about":[{"href":"https:\/\/drone-parts-center.com\/de\/wp-json\/wp\/v2\/types\/product"}],"replies":[{"embeddable":true,"href":"https:\/\/drone-parts-center.com\/de\/wp-json\/wp\/v2\/comments?post=151599"}],"wp:featuredmedia":[{"embeddable":true,"href":"https:\/\/drone-parts-center.com\/de\/wp-json\/wp\/v2\/media\/151600"}],"wp:attachment":[{"href":"https:\/\/drone-parts-center.com\/de\/wp-json\/wp\/v2\/media?parent=151599"}],"wp:term":[{"taxonomy":"product_brand","embeddable":true,"href":"https:\/\/drone-parts-center.com\/de\/wp-json\/wp\/v2\/product_brand?post=151599"},{"taxonomy":"product_cat","embeddable":true,"href":"https:\/\/drone-parts-center.com\/de\/wp-json\/wp\/v2\/product_cat?post=151599"},{"taxonomy":"product_tag","embeddable":true,"href":"https:\/\/drone-parts-center.com\/de\/wp-json\/wp\/v2\/product_tag?post=151599"}],"curies":[{"name":"wp","href":"https:\/\/api.w.org\/{rel}","templated":true}]}}