{"id":151587,"date":"2025-02-26T15:41:57","date_gmt":"2025-02-26T14:41:57","guid":{"rendered":"https:\/\/drone-parts-center.com\/produit\/dji-avata-2-upper-cover\/"},"modified":"2025-07-26T18:13:14","modified_gmt":"2025-07-26T16:13:14","slug":"dji-avata-2-upper-cover","status":"publish","type":"product","link":"https:\/\/drone-parts-center.com\/de\/produkt\/dji-avata-2-upper-cover\/","title":{"rendered":"DJI Avata 2 Upper Cover"},"content":{"rendered":"<p data-start=\"103\" data-end=\"379\">Das <strong data-start=\"106\" data-end=\"133\">DJI Avata 2 Upper Cover<\/strong> ist ein offizielles Ersatzteil (OEM), mit dem Sie die obere Abdeckung Ihrer <strong data-start=\"233\" data-end=\"248\">DJI Avata 2<\/strong> Drohne ersetzen k\u00f6nnen. Diese Abdeckung ist ideal nach einem Aufprall oder l\u00e4ngerer Abnutzung und sch\u00fctzt die internen Komponenten der Drohne und sorgt f\u00fcr einen reibungslosen Betrieb. <\/p>\n<p data-start=\"381\" data-end=\"616\">Diese <strong data-start=\"429\" data-end=\"461\">obere Abdeckung f\u00fcr Avata 2<\/strong> wurde aus robusten und leichten Materialien hergestellt und garantiert eine einfache Installation und eine perfekte Passform, ohne dass \u00c4nderungen erforderlich sind. Sie bewahrt die Aerodynamik der Drohne und tr\u00e4gt zu ihrer Langlebigkeit bei. <\/p>\n<h3 data-start=\"618\" data-end=\"662\"><strong data-start=\"622\" data-end=\"660\">Warum sollten Sie dieses OEM-Teil w\u00e4hlen?<\/strong><\/h3>\n<ul data-start=\"664\" data-end=\"1021\">\n<li data-start=\"664\" data-end=\"745\"><strong data-start=\"666\" data-end=\"687\">Originalqualit\u00e4t<\/strong>: von DJI entwickelt, um perfekt auf den Avata 2 zu passen.<\/li>\n<li data-start=\"746\" data-end=\"837\"><strong data-start=\"748\" data-end=\"771\">Effektiver Schutz<\/strong>: Sch\u00fctzt die internen Komponenten vor St\u00f6\u00dfen und Staub.<\/li>\n<li data-start=\"838\" data-end=\"919\"><strong data-start=\"840\" data-end=\"867\">Vereinfachte Installation<\/strong>: schneller Austausch ohne Anpassung.<\/li>\n<li data-start=\"920\" data-end=\"1021\"><strong data-start=\"922\" data-end=\"947\">Kosteng\u00fcnstige Reparatur<\/strong>: Verleiht der Drohne ein neues Aussehen, ohne die gesamte Struktur zu ver\u00e4ndern.<\/li>\n<\/ul>\n<h3 data-start=\"1023\" data-end=\"1062\"><strong data-start=\"1027\" data-end=\"1060\">Installation und Kompatibilit\u00e4t<\/strong><\/h3>\n<p data-start=\"1064\" data-end=\"1207\">Die <strong data-start=\"1067\" data-end=\"1098\">obere Abdeckung DJI Avata 2<\/strong> ist ausschlie\u00dflich mit der <strong data-start=\"1136\" data-end=\"1151\">DJI Avata 2<\/strong> kompatibel. Sie ist nicht f\u00fcr andere DJI-Drohnenmodelle geeignet. <\/p>\n<p data-start=\"1209\" data-end=\"1378\">Die Installation dieses Teils kann einige Kenntnisse \u00fcber die Reparatur von Drohnen erfordern. Wenn Sie sich nicht sicher sind, empfehlen wir Ihnen, einen Fachmann zu Rate zu ziehen. <\/p>\n<h3 data-start=\"1380\" data-end=\"1406\"><strong data-start=\"1384\" data-end=\"1404\">Inhalt des Pakets<\/strong><\/h3>\n<ul data-start=\"1408\" data-end=\"1452\">\n<li data-start=\"1408\" data-end=\"1452\">1 x <strong data-start=\"1414\" data-end=\"1450\">obere Abdeckung f\u00fcr DJI Avata 2<\/strong><\/li>\n<\/ul>\n<p data-start=\"1454\" data-end=\"1567\">Mit diesem offiziellen Ersatzteil wird Ihre Drohne wieder makellos aussehen und optimal gesch\u00fctzt sein.<\/p>\n","protected":false},"excerpt":{"rendered":"<p>Das DJI Avata 2 Upper Cover ist ein OEM-Teil, mit dem Sie die obere Schale Ihrer Drohne ersetzen k\u00f6nnen. Es ist nur mit der DJI Avata 2 kompatibel. <\/p>\n","protected":false},"featured_media":151588,"comment_status":"open","ping_status":"closed","template":"","meta":{"_seopress_robots_primary_cat":"","_seopress_titles_title":"DJI Avata 2 Upper Cover - Offizielle Oberschale","_seopress_titles_desc":"Ersetzen Sie den DJI Avata 2 Upper Cover mit diesem offiziellen Ersatzteil. Perfekte Passform und optimaler Schutz nach einem Absturz. ","_seopress_robots_index":"","_seopress_analysis_target_kw":"DJI Avata 2 Upper Cover"},"product_brand":[19390],"product_cat":[16750],"product_tag":[],"class_list":{"0":"post-151587","1":"product","2":"type-product","3":"status-publish","4":"has-post-thumbnail","6":"product_brand-dji","7":"product_cat-dji-avata-2-de","9":"first","10":"instock","11":"taxable","12":"shipping-taxable","13":"purchasable","14":"product-type-simple"},"_links":{"self":[{"href":"https:\/\/drone-parts-center.com\/de\/wp-json\/wp\/v2\/product\/151587","targetHints":{"allow":["GET"]}}],"collection":[{"href":"https:\/\/drone-parts-center.com\/de\/wp-json\/wp\/v2\/product"}],"about":[{"href":"https:\/\/drone-parts-center.com\/de\/wp-json\/wp\/v2\/types\/product"}],"replies":[{"embeddable":true,"href":"https:\/\/drone-parts-center.com\/de\/wp-json\/wp\/v2\/comments?post=151587"}],"wp:featuredmedia":[{"embeddable":true,"href":"https:\/\/drone-parts-center.com\/de\/wp-json\/wp\/v2\/media\/151588"}],"wp:attachment":[{"href":"https:\/\/drone-parts-center.com\/de\/wp-json\/wp\/v2\/media?parent=151587"}],"wp:term":[{"taxonomy":"product_brand","embeddable":true,"href":"https:\/\/drone-parts-center.com\/de\/wp-json\/wp\/v2\/product_brand?post=151587"},{"taxonomy":"product_cat","embeddable":true,"href":"https:\/\/drone-parts-center.com\/de\/wp-json\/wp\/v2\/product_cat?post=151587"},{"taxonomy":"product_tag","embeddable":true,"href":"https:\/\/drone-parts-center.com\/de\/wp-json\/wp\/v2\/product_tag?post=151587"}],"curies":[{"name":"wp","href":"https:\/\/api.w.org\/{rel}","templated":true}]}}