{"id":140349,"date":"2025-02-11T17:09:57","date_gmt":"2025-02-11T16:09:57","guid":{"rendered":"https:\/\/drone-parts-center.com\/produit\/tragbare-ausruestung-zur-erkennung-und-positionierung-von-drohnen-h3-r\/"},"modified":"2025-11-29T09:57:13","modified_gmt":"2025-11-29T08:57:13","slug":"tragbare-ausruestung-zur-erkennung-und-positionierung-von-drohnen-h3-r","status":"publish","type":"product","link":"https:\/\/drone-parts-center.com\/de\/produkt\/tragbare-ausruestung-zur-erkennung-und-positionierung-von-drohnen-h3-r\/","title":{"rendered":"Tragbare Ausr\u00fcstung zur Erkennung und Positionierung von Drohnen (H3-R)"},"content":{"rendered":"<p data-start=\"978\" data-end=\"1282\">Der <strong data-start=\"981\" data-end=\"989\">H3-R<\/strong> zeichnet sich durch seine F\u00e4higkeit aus, Drohnen zu erkennen, ohne selbst Wellen auszusenden, wodurch das Risiko elektromagnetischer Interferenzen minimiert wird. Dieser passive Ansatz ist besonders geeignet f\u00fcr st\u00e4dtische Umgebungen und Bereiche, in denen eine Funk\u00fcbertragung andere Ger\u00e4te st\u00f6ren k\u00f6nnte.<\/p>\n<h4 data-start=\"1284\" data-end=\"1324\">2. Identifikation und Positionierung<\/h4>\n<p data-start=\"1325\" data-end=\"1369\">Mit seinem erweiterten Modul kann das Ger\u00e4t :<\/p>\n<ul data-start=\"1370\" data-end=\"1616\">\n<li data-start=\"1370\" data-end=\"1468\">Identifizierung verschiedener Drohnen der gleichen Marke und des gleichen Modells anhand ihres einzigartigen elektronischen Fingerabdrucks.<\/li>\n<li data-start=\"1469\" data-end=\"1616\">Genaue Positionierung der entdeckten Drohnen und ihrer Piloten durch Angabe ihrer geografischen Orientierung und ihres genauen Standorts.<\/li>\n<\/ul>\n<h4 data-start=\"1618\" data-end=\"1648\">3. Verfolgung von Flugbahnen<\/h4>\n<p data-start=\"1649\" data-end=\"1876\">Der <strong data-start=\"1652\" data-end=\"1660\">H3-R<\/strong> bietet eine Echtzeit-Verfolgungsfunktion f\u00fcr mehrere Drohnen gleichzeitig (bis zu 10 angezeigte Flugbahnen). Jeder Kurs ist zur besseren Veranschaulichung farbcodiert.<\/p>\n<h4 data-start=\"1878\" data-end=\"1911\">4. Universelle Kompatibilit\u00e4t<\/h4>\n<p data-start=\"1912\" data-end=\"2037\">Mit einer integrierten Bibliothek, die mehr als 98% der auf dem Markt erh\u00e4ltlichen Drohnen abdeckt, ist dieses Ger\u00e4t kompatibel mit :<\/p>\n<ul data-start=\"2038\" data-end=\"2142\">\n<li data-start=\"2038\" data-end=\"2075\">FPV-Drohnen (First-Person View).<\/li>\n<li data-start=\"2076\" data-end=\"2108\">Drohnen, die Wi-Fi nutzen.<\/li>\n<li data-start=\"2109\" data-end=\"2142\">Individuell gestaltete Drohnen (DIY).<\/li>\n<\/ul>\n<h4 data-start=\"2144\" data-end=\"2181\">5. Intelligente Funktionen<\/h4>\n<p data-start=\"2182\" data-end=\"2344\">Ein vollst\u00e4ndig autonomer Modus und eine vereinfachte Benutzeroberfl\u00e4che erm\u00f6glichen eine schnelle Anpassung der Einstellungen an verschiedene Sicherheitsszenarien.<\/p>\n<hr data-start=\"2346\" data-end=\"2349\">\n<h3 data-start=\"2351\" data-end=\"2364\">Vorteile<\/h3>\n<ul data-start=\"2366\" data-end=\"3138\">\n<li data-start=\"2366\" data-end=\"2502\"><strong data-start=\"2368\" data-end=\"2389\">Tragbares Design:<\/strong> Mit einem Gewicht von weniger als 600 g ist es leicht zu transportieren, ideal f\u00fcr Patrouillen oder tempor\u00e4re Installationen.<\/li>\n<li data-start=\"2503\" data-end=\"2715\"><strong data-start=\"2505\" data-end=\"2521\">Robustheit:<\/strong> Mit der Schutzklasse IP66 ist der <strong data-start=\"2560\" data-end=\"2568\">H3-R<\/strong> wasser- und staubabweisend und funktioniert auch unter extremen Bedingungen mit einem Temperaturbereich von -30 \u00b0C bis +55 \u00b0C einwandfrei.<\/li>\n<li data-start=\"2716\" data-end=\"2888\"><strong data-start=\"2718\" data-end=\"2743\">Lange Laufzeit:<\/strong> Es bietet bis zu 4 Stunden Laufzeit nach einer vollst\u00e4ndigen Ladung, mit einem eingebauten Lithium-Akku, der \u00fcber einen USB Typ-C Anschluss aufgeladen werden kann.<\/li>\n<li data-start=\"2889\" data-end=\"3138\"><strong data-start=\"2891\" data-end=\"2917\">Benutzerfreundliche Schnittstelle:<\/strong> Der <strong data-start=\"2950\" data-end=\"2958\">H3-R<\/strong> basiert auf einem Android-System und bietet eine interaktive elektronische Karte und eine klare Anzeige von Schl\u00fcsseldaten, wie z.B. erkannte Drohnenmodelle, Flugfrequenzen, Flugh\u00f6he und vieles mehr.<\/li>\n<\/ul>\n<hr data-start=\"3140\" data-end=\"3143\">\n<h3 data-start=\"3145\" data-end=\"3161\">Anwendungen<\/h3>\n<p data-start=\"3163\" data-end=\"3224\">Diese Ausr\u00fcstung ist eine ideale L\u00f6sung f\u00fcr verschiedene Sektoren:<\/p>\n<h4 data-start=\"3226\" data-end=\"3251\">1. \u00d6ffentliche Sicherheit<\/h4>\n<p data-start=\"3252\" data-end=\"3420\">Die Strafverfolgungsbeh\u00f6rden k\u00f6nnen sie zur \u00dcberwachung von Risikogebieten und zum Abfangen nicht genehmigter Drohnen einsetzen und so die Sicherheit des \u00f6ffentlichen Raums gew\u00e4hrleisten.<\/p>\n<h4 data-start=\"3422\" data-end=\"3455\">2. Kritische Infrastruktur<\/h4>\n<p data-start=\"3456\" data-end=\"3621\">Kraftwerke, milit\u00e4rische Einrichtungen und andere sensible Infrastrukturen k\u00f6nnen von einer verst\u00e4rkten \u00dcberwachung profitieren, um Eindringlinge zu verhindern.<\/p>\n<h4 data-start=\"3623\" data-end=\"3648\">3. Privater Schutz<\/h4>\n<p data-start=\"3649\" data-end=\"3790\">Immobilienbesitzer und Organisatoren von Veranstaltungen k\u00f6nnen sich gegen die Risiken unerw\u00fcnschter Drohnen absichern.<\/p>\n<h4 data-start=\"3792\" data-end=\"3827\">4. Grenz\u00fcberwachung<\/h4>\n<p data-start=\"3828\" data-end=\"3978\">Mit einem Erfassungsradius von bis zu 3 km ist der <strong data-start=\"3886\" data-end=\"3894\">H3-R<\/strong> eine effektive L\u00f6sung f\u00fcr die Kontrolle von Grenzen und begrenzten Gebieten.<\/p>\n<hr data-start=\"3980\" data-end=\"3983\">\n<h3 data-start=\"3985\" data-end=\"4016\">Technische Merkmale<\/h3>\n<ul data-start=\"4018\" data-end=\"4416\">\n<li data-start=\"4018\" data-end=\"4091\"><strong data-start=\"4020\" data-end=\"4036\">Abmessungen:<\/strong> 165 mm (L\u00e4nge) x 85 mm (Breite) x 49 mm (H\u00f6he).<\/li>\n<li data-start=\"4092\" data-end=\"4131\"><strong data-start=\"4094\" data-end=\"4105\">Gewicht:<\/strong> \u2264 600 g (ohne Antenne).<\/li>\n<li data-start=\"4132\" data-end=\"4176\"><strong data-start=\"4134\" data-end=\"4164\">Erkennungsempfindlichkeit:<\/strong> \u2264 -105 dBm.<\/li>\n<li data-start=\"4177\" data-end=\"4234\"><strong data-start=\"4179\" data-end=\"4214\">Hauptfrequenzband:<\/strong> 2,4 GHz und 5,8 GHz.<\/li>\n<li data-start=\"4235\" data-end=\"4326\"><strong data-start=\"4237\" data-end=\"4261\">Erfassungsdurchmesser:<\/strong> bis zu 3 km, abh\u00e4ngig von der Umgebung und dem Typ der Drohne.<\/li>\n<li data-start=\"4327\" data-end=\"4416\"><strong data-start=\"4329\" data-end=\"4355\">Schutzstandards:<\/strong> IP66, entspricht den elektromagnetischen Standards GB8702-2014.<\/li>\n<\/ul>\n<hr data-start=\"4418\" data-end=\"4421\">\n<h3 data-start=\"4423\" data-end=\"4451\">Erweiterte Funktionen<\/h3>\n<h4 data-start=\"4453\" data-end=\"4489\">1. Fr\u00fcherkennung und Warnungen<\/h4>\n<p data-start=\"4490\" data-end=\"4683\">Das System gibt in Echtzeit Warnungen aus, wenn eine nicht autorisierte Drohne entdeckt wird. Die Details der Drohne, wie Modell, ID und Richtung des Eindringens, werden auf der Schnittstelle angezeigt. <\/p>\n<h4 data-start=\"4685\" data-end=\"4727\">2. Verwaltung von wei\u00dfen\/schwarzen Listen<\/h4>\n<p data-start=\"4728\" data-end=\"4891\">F\u00fcgen Sie Drohnen einfach zu den wei\u00dfen Listen hinzu oder entfernen Sie sie. Genehmigte Drohnen l\u00f6sen keinen Alarm aus, was die Verwaltung der Genehmigungen vereinfacht. <\/p>\n<h4 data-start=\"4893\" data-end=\"4922\">3. Statistische Berichte<\/h4>\n<p data-start=\"4923\" data-end=\"5093\">Der <strong data-start=\"4926\" data-end=\"4934\">H3-R<\/strong> erstellt detaillierte statistische Berichte \u00fcber die erkannten Vorf\u00e4lle, einschlie\u00dflich der Zeiten des Eindringens, der Dauer der Fl\u00fcge und der identifizierten Drohnenmodelle.<\/p>\n<h4 data-start=\"5095\" data-end=\"5128\">4. Intelligentes Lernen<\/h4>\n<p data-start=\"5129\" data-end=\"5315\">Mit seinem Modul f\u00fcr k\u00fcnstliche Intelligenz kann das Ger\u00e4t Wi-Fi-Signale von unbekannten Drohnen erkennen und die Einstellungen automatisch anpassen, um False Positives zu vermeiden.<\/p>\n<hr data-start=\"5317\" data-end=\"5320\">\n<h3 data-start=\"5322\" data-end=\"5348\">Sicherheit bei der Nutzung<\/h3>\n<p data-start=\"5350\" data-end=\"5412\">Um eine optimale Nutzung zu gew\u00e4hrleisten, wird empfohlen, dass Sie :<\/p>\n<ul data-start=\"5413\" data-end=\"5682\">\n<li data-start=\"5413\" data-end=\"5491\">Schlie\u00dfen Sie die Antennen korrekt an, bevor Sie das Ger\u00e4t einschalten.<\/li>\n<li data-start=\"5492\" data-end=\"5591\">Laden Sie den Akku vor jedem Gebrauch vollst\u00e4ndig auf (maximale Ladezeit: 6 Stunden).<\/li>\n<li data-start=\"5592\" data-end=\"5682\">Verwenden Sie das Ger\u00e4t in \u00dcbereinstimmung mit den \u00f6rtlichen Gesetzen zur Erkennung von Drohnen.<\/li>\n<\/ul>\n","protected":false},"excerpt":{"rendered":"<p>Die tragbare Ausr\u00fcstung zur Erkennung und Positionierung von Drohnen (h3-r) bietet passive Erkennung, pr\u00e4zise Positionierung und umfassende Kompatibilit\u00e4t, um die Sicherheit in sensiblen Bereichen zu gew\u00e4hrleisten.<\/p>\n","protected":false},"featured_media":140348,"comment_status":"open","ping_status":"closed","template":"","meta":{"_seopress_robots_primary_cat":"none","_seopress_titles_title":"Tragbare Ausr\u00fcstung zur Erkennung und Positionierung von Drohnen (H3-R)","_seopress_titles_desc":"Sch\u00fctzen Sie Ihre sensiblen Bereiche mit der tragbaren Ausr\u00fcstung h3-r: eine fortschrittliche L\u00f6sung zur Erkennung, Identifizierung und Verfolgung von Drohnen in Echtzeit.","_seopress_robots_index":"","_seopress_analysis_target_kw":"Ausr\u00fcstung zur Erkennung und Positionierung von Drohnen"},"product_brand":[19435],"product_cat":[15838],"product_tag":[],"class_list":{"0":"post-140349","1":"product","2":"type-product","3":"status-publish","4":"has-post-thumbnail","6":"product_brand-drone-parts-center","7":"product_cat-sicherheit-und-rettung","9":"first","10":"onbackorder","11":"taxable","12":"shipping-taxable","13":"purchasable","14":"product-type-simple"},"_links":{"self":[{"href":"https:\/\/drone-parts-center.com\/de\/wp-json\/wp\/v2\/product\/140349","targetHints":{"allow":["GET"]}}],"collection":[{"href":"https:\/\/drone-parts-center.com\/de\/wp-json\/wp\/v2\/product"}],"about":[{"href":"https:\/\/drone-parts-center.com\/de\/wp-json\/wp\/v2\/types\/product"}],"replies":[{"embeddable":true,"href":"https:\/\/drone-parts-center.com\/de\/wp-json\/wp\/v2\/comments?post=140349"}],"wp:featuredmedia":[{"embeddable":true,"href":"https:\/\/drone-parts-center.com\/de\/wp-json\/wp\/v2\/media\/140348"}],"wp:attachment":[{"href":"https:\/\/drone-parts-center.com\/de\/wp-json\/wp\/v2\/media?parent=140349"}],"wp:term":[{"taxonomy":"product_brand","embeddable":true,"href":"https:\/\/drone-parts-center.com\/de\/wp-json\/wp\/v2\/product_brand?post=140349"},{"taxonomy":"product_cat","embeddable":true,"href":"https:\/\/drone-parts-center.com\/de\/wp-json\/wp\/v2\/product_cat?post=140349"},{"taxonomy":"product_tag","embeddable":true,"href":"https:\/\/drone-parts-center.com\/de\/wp-json\/wp\/v2\/product_tag?post=140349"}],"curies":[{"name":"wp","href":"https:\/\/api.w.org\/{rel}","templated":true}]}}