{"id":96049,"date":"2018-05-13T15:20:12","date_gmt":"2018-05-13T13:20:12","guid":{"rendered":"https:\/\/drone-parts-center.com\/allgemeine-geschaeftsbedingungen\/"},"modified":"2026-03-03T13:34:23","modified_gmt":"2026-03-03T12:34:23","slug":"allgemeine-geschaeftsbedingungen","status":"publish","type":"page","link":"https:\/\/drone-parts-center.com\/de\/allgemeine-geschaeftsbedingungen\/","title":{"rendered":"Allgemeine Gesch\u00e4ftsbedingungen"},"content":{"rendered":"\n<h1 class=\"wp-block-heading\" id=\"h-conditions-generales-de-vente-en-ligne\">Allgemeine Gesch\u00e4ftsbedingungen f\u00fcr den Online-Verkauf<\/h1>\n\n<h2 class=\"wp-block-heading\" id=\"h-objet-du-contrat\">Gegenstand des Vertrags<\/h2>\n\n<p>Die vorliegenden Allgemeinen Gesch\u00e4ftsbedingungen sollen die vertraglichen Bestimmungen zwischen der Gesellschaft  <strong>PIM-CONSULT SRL mit Sitz in Rue de l\u2019industrie 20, 1400 Nivelles, Banque carrefour des entreprises 0765 467 085 (nachstehend &#8222;Drone-Parts-Center.com&#8220; genannt). <\/strong>  und dem Kunden. Unser Gesch\u00e4ftssitz (f\u00fcr Kontaktaufnahme) ist ): <\/p>\n\n<ul class=\"wp-block-list\">\n<li>Name: Pim-Consult SRL  <\/li>\n\n\n\n<li>Stra\u00dfe und Hausnummer: Rue Albert Einstein 20<\/li>\n\n\n\n<li>Postleitzahl: 1400<\/li>\n\n\n\n<li>Stadt: Nivelles<\/li>\n\n\n\n<li>Land: Belgien<\/li>\n\n\n\n<li>Telefon: +32 67 88 37 37  <\/li>\n\n\n\n<li>Elektronisch: https: <a href=\"https:\/\/drone-parts-center.com\/de\/kontakt-sonstige-fragen\/\" target=\"_blank\" rel=\"noreferrer noopener\">\/\/drone-parts-center.com\/contact-autres-questions\/<\/a><\/li>\n<\/ul>\n\n<p>Der Kauf einer Ware \u00fcber die Website ist mit dem Kaufpreis abgegolten. <a href=\"https:\/\/drone-parts-center.com\/de\/\" target=\"_blank\" rel=\"noreferrer noopener\">Drone Parts Center<\/a> (nachstehend &#8222;die Website&#8220; genannt) bedeutet, dass der K\u00e4ufer die vorliegenden Verkaufsbedingungen vorbehaltlos akzeptiert.<\/p>\n\n<p>drone-parts-center.com beh\u00e4lt sich das Recht vor, seine Verkaufsbedingungen jederzeit zu \u00e4ndern. In diesem Fall gelten die Bedingungen, die zum Zeitpunkt der Bestellung durch den Kunden g\u00fcltig sind.<\/p>\n\n<h2 class=\"wp-block-heading\" id=\"h-caracteristiques-des-articles-proposes-a-la-vente\">Merkmale der zum Verkauf angebotenen Artikel<\/h2>\n\n<p>Die angebotenen Artikel sind diejenigen, die in dem auf der Website ver\u00f6ffentlichten Katalog enthalten sind. Jedes Produkt wird von einer Beschreibung begleitet, die von drone-parts-center.com erstellt wird. Die Fotografien im Katalog sind so genau wie m\u00f6glich, k\u00f6nnen aber keine perfekte \u00c4hnlichkeit mit dem angebotenen Artikel gew\u00e4hrleisten, insbesondere was die Farben betrifft. Die Produkte auf der Website werden angeboten, solange der Vorrat reicht.<\/p>\n\n<p>Falls einige Artikel eine - mehr oder weniger komplexe - Montage oder Vorbereitungsarbeiten erfordern, ist der Kunde allein f\u00fcr die daf\u00fcr notwendigen Vorkehrungen verantwortlich.<\/p>\n\n<h2 class=\"wp-block-heading\" id=\"h-tarifs\">Preise<\/h2>\n\n<p>Die Preise auf der Website sind Preise inklusive Mehrwertsteuer in Euro, die am Tag der Bestellung anwendbar ist. drone-parts-center.com beh\u00e4lt sich das Recht vor, seine Preise jederzeit zu \u00e4ndern, wobei der Preis, der am Tag der Bestellung im Katalog angegeben ist, der einzige Preis ist, der f\u00fcr den Kunden gilt. Die angegebenen Preise enthalten keine Bearbeitungs-, Transport- und Versandkosten, die vor der Best\u00e4tigung der Bestellung mitgeteilt werden.   <\/p>\n\n<h2 class=\"wp-block-heading\" id=\"h-commandes\">Bestellungen<\/h2>\n\n<p>Der Kunde, der ein Produkt auf der Website kaufen m\u00f6chte, muss zwingend :<\/p>\n\n<ul class=\"wp-block-list\">\n<li>die Artikel ausw\u00e4hlen und in den Warenkorb legen;<\/li>\n\n\n\n<li>Best\u00e4tigen Sie den Inhalt des Warenkorbs;<\/li>\n\n\n\n<li>das Anmeldeformular auf der Website ausf\u00fcllen oder sich auf dem Anmeldeformular registrieren, auf dem er alle erforderlichen Daten angibt;<\/li>\n\n\n\n<li>die Lieferart w\u00e4hlen ;<\/li>\n\n\n\n<li>W\u00e4hlen Sie die Zahlungsmethode ;<\/li>\n\n\n\n<li>die vorliegenden Allgemeinen Gesch\u00e4ftsbedingungen zu akzeptieren;<\/li>\n\n\n\n<li>die Zahlung zu best\u00e4tigen.<\/li>\n<\/ul>\n\n<p>Der Kunde kann w\u00e4hrend des Bestellvorgangs jederzeit die Einzelheiten seiner Bestellung und den Gesamtpreis einsehen und eventuelle Fehler korrigieren, bevor er die Bestellung best\u00e4tigt, um seine Zustimmung auszudr\u00fccken.<\/p>\n\n<p>Der Kunde erh\u00e4lt eine E-Mail mit der Best\u00e4tigung seiner Bestellung.<\/p>\n\n<p>drone-parts-center.com beh\u00e4lt sich das Eigentum an den Artikeln bis zur vollst\u00e4ndigen Bezahlung der Bestellung vor, d.h. bis zur Einl\u00f6sung des Preises der Bestellung durch drone-parts-center.com.<\/p>\n\n<p>drone-parts-center.com beh\u00e4lt sich das Recht vor, Bestellungen von Kunden zu stornieren oder abzulehnen, mit denen es einen Streit \u00fcber die Zahlung einer fr\u00fcheren Bestellung gibt.<\/p>\n\n<p>Die Best\u00e4tigung der Bestellung bedeutet die Annahme der vorliegenden Verkaufsbedingungen, die Anerkennung, diese vollst\u00e4ndig gelesen zu haben, und den Verzicht auf die Geltendmachung eigener Einkaufsbedingungen oder anderer Bedingungen. Die Gesamtheit der gelieferten Daten und die registrierte Best\u00e4tigung gelten als Beweis f\u00fcr die Transaktion. Die Best\u00e4tigung gilt als Unterschrift und Annahme der durchgef\u00fchrten Transaktionen. Der Verk\u00e4ufer wird per E-Mail eine Best\u00e4tigung der registrierten Bestellung \u00fcbermitteln.<\/p>\n\n<h2 class=\"wp-block-heading\" id=\"h-modalites-de-paiement\">Zahlungsmodalit\u00e4ten<\/h2>\n\n<p>Die auf der Website get\u00e4tigten Bestellungen sind in bar mit einer der folgenden Zahlungsmethoden zu bezahlen:<\/p>\n\n<p>Per Kreditkarte: Kreditkarte Mastercard, Maestro, Visa, AMEX oder Debitkarte Bancontact. <a href=\"https:\/\/www.mollie.com\/be-fr\/\" target=\"_blank\" rel=\"noreferrer noopener\">Mollie<\/a> gew\u00e4hrleistet die Sicherheit der Zahlungen.<\/p>\n\n<p>Per Bank\u00fcberweisung: Die Bestellung wird bis zum Eingang der Zahlung zur\u00fcckgestellt und der Versand der Ware erfolgt erst ab dem Tag, an dem der Betrag auf dem Bankkonto von drone-parts-center.com gutgeschrieben wurde. Durch die Auswahl dieser Zahlungsart verpflichtet sich der K\u00e4ufer f\u00fcr seinen Kauf und muss die Zahlung leisten. Ab dem 30. Tag nach der Bestellung wird ein Verzugszinssatz von 8% erhoben. <a href=\"https:\/\/www.mollie.com\/be-fr\/\" target=\"_blank\" rel=\"noreferrer noopener\">Mollie<\/a> gew\u00e4hrleistet die Sicherheit der Zahlungen.  <\/p>\n\n<p>Per Bankzahlungsl\u00f6sung KBC\/CBC Payment Button, Belfius Direct Net, IDEAL. <a href=\"https:\/\/www.mollie.com\/be-fr\/\" target=\"_blank\" rel=\"noreferrer noopener\">Mollie<\/a> sorgt f\u00fcr die Sicherheit der Zahlungen.<\/p>\n\n<h2 class=\"wp-block-heading\" id=\"h-expedition-et-delais-de-livraison\">Versand und Lieferzeiten<\/h2>\n\n<p>drone-parts-center.com verpflichtet sich, die vom Kunden aufgegebenen Bestellungen innerhalb der vorgesehenen Fristen zu liefern. Wenn die genannten Artikel nicht innerhalb von 30 Tagen nach dem in der Bestellung vorgesehenen Lieferdatum geliefert werden und wenn diese \u00dcberschreitung nicht auf h\u00f6here Gewalt zur\u00fcckzuf\u00fchren ist, kann der Kunde den Verkauf aufl\u00f6sen, indem er eine E-Mail an folgende Adresse sendet: https: <a href=\"https:\/\/drone-parts-center.com\/de\/service-nach-dem-verkauf\/\" target=\"_blank\" rel=\"noreferrer noopener\">\/\/drone-parts-center.com\/contact-sav\/<\/a>? <\/p>\n\n<p>Die vom Kunden gezahlten Betr\u00e4ge werden ihm dann vollst\u00e4ndig zur\u00fcckerstattet.<\/p>\n\n<p>Artikel mit dem Vermerk &#8222;Auf Bestellung&#8220; sind Artikel, die drone-parts-center.com bei dem Lieferanten bestellen muss. Das genannte Lieferdatum ist rein indikativ und h\u00e4ngt von dem vom Lieferanten mitgeteilten Lieferdatum ab. drone-parts-center.com kann nicht f\u00fcr eine versp\u00e4tete Lieferung durch einen seiner Lieferanten haftbar gemacht werden.<\/p>\n\n<p>Die Liefermethode und die Lieferzeit sind in den Informationen zum Artikel und in der Best\u00e4tigungs-E-Mail angegeben. Der Service &#8222;Vor 15.00 Uhr bestellt, am n\u00e4chsten Tag geliefert&#8220; gilt nur f\u00fcr Lieferungen nach Belgien und in die Niederlande. Dieser ist von Montag bis Donnerstag verf\u00fcgbar. Bestellungen, die am Freitag, Samstag oder Sonntag aufgegeben werden, werden am Montag versandt. Eine eventuelle Versp\u00e4tung ist kein Grund f\u00fcr einen Vertragsbruch. Drone Parts Center kann nicht haftbar gemacht werden.<\/p>\n\n<p>Die \u00fcblichen Lieferzeiten sind  <\/p>\n\n<p>Belgien, Niederlande zwischen 24 und 48 Stunden.<\/p>\n\n<p>Der Rest Europas zwischen 2 und 9 Werktagen.<\/p>\n\n<p>L\u00e4nder au\u00dferhalb Europas werden zwischen 2 und 14 Werktagen beliefert. Jede Bestellung wird mit einer Trackingnummer versehen, die das genaue Datum und die Uhrzeit der Lieferung angibt.<\/p>\n\n<p>Bei der Lieferung durch den Spediteur wird bei Bestellungen, die nicht zugestellt werden konnten, weil keine Vorkehrungen (E-Mail, Telefon und Weiterleitung an einen Relais-Punkt) f\u00fcr die Annahme getroffen wurden und die an uns zur\u00fcckgeschickt werden, nur die Ware erstattet. Die R\u00fcckerstattung erfolgt erst, wenn das Paket bei uns eingegangen ist und innerhalb von 30 Tagen \u00fcberpr\u00fcft wurde.<\/p>\n\n<p>Es liegt in der Verantwortung und auf Kosten des Kunden, eine neue Bestellung aufzugeben.<\/p>\n\n<p>Bei Erhalt der bestellten Produkte muss der Kunde oder der Empf\u00e4nger den guten Zustand der gelieferten Ware \u00fcberpr\u00fcfen und die Gebrauchsbedingungen zur Kenntnis nehmen, die in der Gebrauchsanweisung aufgef\u00fchrt sind, die ihm in Papierform oder elektronisch auf der Website des Herstellers zur Verf\u00fcgung gestellt wird.<\/p>\n\n<p>Sollte eines oder mehrere der bestellten Produkte fehlen oder besch\u00e4digt sein, muss der Kunde oder Empf\u00e4nger seine eventuellen Vorbehalte sp\u00e4testens zum Zeitpunkt der Lieferung beim Spediteur anmelden, andernfalls ist die Lieferung ausgeschlossen.<\/p>\n\n<p>Als h\u00f6here Gewalt, die drone-parts-center.com von ihrer Lieferpflicht entbindet, gelten Krieg, Aufruhr, Feuer, Streiks, Unf\u00e4lle und die Unm\u00f6glichkeit, beliefert zu werden.<\/p>\n\n<p>Gegebenenfalls verpflichtet sich der Kunde, bei Erhalt alle gegenw\u00e4rtigen und zuk\u00fcnftigen Steuern, Z\u00f6lle, Abgaben und sonstigen Geb\u00fchren zu zahlen, die f\u00fcr die Lieferung der Produkte selbst f\u00e4llig sind; die gesamtschuldnerische Haftung von drone-parts-center.com kann in diesem Zusammenhang zu keinem Zeitpunkt in Anspruch genommen werden.<\/p>\n\n<p>Im Falle der Nicht\u00fcbereinstimmung oder des Mangels eines verkauften Produkts kann es mit der vorherigen schriftlichen Zustimmung von drone-parts-center.com an diese zur\u00fcckgegeben werden, die es zur\u00fccknimmt, repariert, umtauscht oder zur\u00fcckerstattet.<\/p>\n\n<p>Wenn das Ger\u00e4t mit der Hardware des Kunden kompatibel gemacht werden muss, liegt dies in der alleinigen Verantwortung des Kunden. Im Falle eines Defekts kann sich der Kunde an die technische Abteilung wenden, die dann entscheidet, ob eine Garantie in Anspruch genommen werden kann oder ob ein Kostenvoranschlag f\u00fcr einen technischen Eingriff erstellt werden muss.<\/p>\n\n<p>Die Modalit\u00e4ten der R\u00fccknahme der Ware werden dem Kunden per E-Mail mitgeteilt.<\/p>\n\n<p>Alle Beschwerden, Umtausch- oder Erstattungsantr\u00e4ge m\u00fcssen elektronisch in englischer oder franz\u00f6sischer Sprache an folgende Adresse gerichtet werden: https: <a href=\"https:\/\/drone-parts-center.com\/de\/service-nach-dem-verkauf\/\">\/\/drone-parts-center.com\/contact-sav\/?<\/a><\/p>\n\n<p>Im Falle einer R\u00fccksendung von Waren, die der Bestellung entsprechen (z.B. im Falle eines Fehlers des Kunden bei der Bestellung), muss der Kunde zun\u00e4chst Kontakt mit drone-parts-center.com aufnehmen, die ihn \u00fcber ihre Zustimmung zur R\u00fccksendung der Waren und \u00fcber die praktischen Modalit\u00e4ten der R\u00fccksendung informieren wird. In diesem Fall tr\u00e4gt der K\u00e4ufer die Versandkosten.<\/p>\n\n<p>In jedem Fall, unabh\u00e4ngig davon, ob es sich um die Nutzung des Widerrufsrechts oder die R\u00fcckgabe einer konformen oder nicht konformen Ware handelt, sind die Waren unter der Verantwortung des Kunden in ihrer Originalverpackung, unbesch\u00e4digt, unbenutzt und mit allen eventuellen Zubeh\u00f6rteilen (Bedienungsanleitung und Dokumentation) zur\u00fcckzusenden. Die Kosten f\u00fcr die R\u00fccksendung des Produkts sind vom Kunden zu tragen.<\/p>\n\n<p><strong>Es ist nicht gestattet, eine R\u00fcckgabeanfrage ohne E-Mail-Kontakt mit unserem Kundenservice einzugeben. Ohne Kontaktaufnahme wird die Anfrage ignoriert. <\/strong><\/p>\n\n<p>Um einen Kauf zur\u00fcckgeben zu k\u00f6nnen, ben\u00f6tigen Sie eine R\u00fcckgabenummer.<\/p>\n\n<p>Die Absenderadresse ist<\/p>\n\n<ul class=\"wp-block-list\">\n<li>Name: Pim-Consult SRL - Drone Parts Center Return<\/li>\n\n\n\n<li>Stra\u00dfe und Hausnummer: Rue Albert Einstein 20<\/li>\n\n\n\n<li>Postleitzahl: 1400<\/li>\n\n\n\n<li>Stadt: Nivelles<\/li>\n\n\n\n<li>Land: Belgien<\/li>\n<\/ul>\n\n<p>Der e-fulfilment Operator (Lagerung, Verpackung und Versand) ist :<\/p>\n\n<p>ShopWeDo cvba<\/p>\n\n<p>Egide Walschaertsstraat 22A<br\/>2800 Mechelen - Belgium<br\/>BTW BE 0650.785.470<\/p>\n\n<p>Alle Bestellungen ab 150 \u20ac werden kostenlos aus dem Lager in Belgien versandt. Die betroffenen L\u00e4nder sind :<\/p>\n\n<p>Belgien<\/p>\n\n<p>Alle Bestellungen ab 300 \u20ac werden kostenlos aus dem Lager in Belgien geliefert. Die betroffenen L\u00e4nder sind :<\/p>\n\n<p>Deutschland - Niederlande - Luxemburg - \u00d6sterreich - Irland - Italien - Frankreich - Spanien - Portugal - Schweden - Finnland - D\u00e4nemark - Tschechische Republik.  <\/p>\n\n<p>Die g\u00fcnstigste L\u00f6sung wird f\u00fcr den Versand verwendet. Das zul\u00e4ssige H\u00f6chstgewicht f\u00fcr die kostenlose Lieferung aus dem belgischen Lager betr\u00e4gt 30 kg.<\/p>\n\n<h2 class=\"wp-block-heading\" id=\"h-droit-de-retractation-des-consommateurs\">Widerrufsrecht von Verbrauchern<\/h2>\n\n<p>Der Verbraucher (jede nat\u00fcrliche Person, die auf dem Markt angebotene Produkte zu Zwecken erwirbt oder nutzt, die nicht gewerblicher Art sind) hat das Recht, diesen Vertrag ohne Angabe von Gr\u00fcnden innerhalb von vierzehn Tagen zu widerrufen.<\/p>\n\n<p>Dieses Recht gilt nur f\u00fcr Personen, die in der Europ\u00e4ischen Union ans\u00e4ssig sind.  <\/p>\n\n<p>Die Widerrufsfrist endet 14 Tage nach dem Tag, an dem Sie oder ein von Ihnen benannter Dritter, der nicht der Bef\u00f6rderer ist, die Ware oder die zuletzt bestellte Ware physisch in Besitz genommen haben.<\/p>\n\n<p>Um Ihr Widerrufsrecht auszu\u00fcben, m\u00fcssen Sie uns Ihren Entschluss, diesen Vertrag zu widerrufen, mittels einer eindeutigen Erkl\u00e4rung (z.B. per E-Mail an <a href=\"https:\/\/drone-parts-center.com\/de\/service-nach-dem-verkauf\/\">https:\/\/drone-parts-center.com\/contact-sav\/?<\/a>) mitteilen.<\/p>\n\n<p>Zur Wahrung der Widerrufsfrist gen\u00fcgt es, dass Sie Ihre Mitteilung \u00fcber die Aus\u00fcbung des Widerrufsrechts vor Ablauf der Widerrufsfrist \u00fcbermitteln.<\/p>\n\n<p>Wenn Sie diesen Vertrag widerrufen, erstatten wir Ihnen nur die Zahlung f\u00fcr die Ware zur\u00fcck, sp\u00e4testens vierzehn Tage ab dem Tag, an dem wir \u00fcber Ihren Entschluss, diesen Vertrag zu widerrufen, informiert wurden. Die Ware muss zur\u00fcckgesandt werden  <\/p>\n\n<p>F\u00fcr die R\u00fcckzahlung verwenden wir dasselbe Zahlungsmittel, das Sie bei der urspr\u00fcnglichen Transaktion eingesetzt haben, es sei denn, mit Ihnen wurde ausdr\u00fccklich ein anderes Zahlungsmittel vereinbart; in jedem Fall werden Ihnen durch die R\u00fcckzahlung keine Kosten entstehen.<\/p>\n\n<p>Wenn Sie im Rahmen des Vertrags Waren erhalten haben, m\u00fcssen Sie die Waren unverz\u00fcglich und in jedem Fall sp\u00e4testens 14 Tage, nachdem Sie uns Ihre Entscheidung \u00fcber den Widerruf dieses Vertrags mitgeteilt haben, an uns zur\u00fccksenden oder zur\u00fcckgeben. Diese Frist gilt als eingehalten, wenn Sie das Gut vor Ablauf der Frist von vierzehn Tagen zur\u00fccksenden.<\/p>\n\n<p>Das R\u00fccktrittsrecht gilt nicht f\u00fcr gewerbliche Kunden, die \u00fcber eine Umsatzsteuer-Identifikationsnummer verf\u00fcgen.<\/p>\n\n<h2 class=\"wp-block-heading\" id=\"h-traitement-des-donnees-personnelles\">Verarbeitung von pers\u00f6nlichen Daten<\/h2>\n\n<p>drone-parts-center.com respektiert die Privatsph\u00e4re des Kunden und verpflichtet sich, seine pers\u00f6nlichen Daten zu sch\u00fctzen.<\/p>\n\n<p>Durch die Zustimmung, die der Kunde bei der Eingabe seiner pers\u00f6nlichen Daten auf dieser Website erteilt, stimmt er der Sammlung und Nutzung seiner pers\u00f6nlichen Daten in der unten beschriebenen Weise zu.<\/p>\n\n<p>drone-parts-center.com sammelt Informationen zur pers\u00f6nlichen Identifizierung (Name, Adresse, Telefonnummer, E-Mail-Adresse,&#8230;).<\/p>\n\n<p>drone-parts-center.com sammelt auch anonyme Informationen (Gesamtzahl der Besuche auf der Website, Anzahl der Besucher auf jeder Seite der Website, Domainnamen der Internetdienstanbieter der Besucher, IP-Adressen, Cookies,&#8230;).<\/p>\n\n<p>drone-parts-center.com verwendet die Daten der Besucher dieser Website f\u00fcr die Zwecke des Unternehmensmanagements, der Werbung f\u00fcr seine Produkte und Dienstleistungen und der Erstellung von Statistiken \u00fcber die Nutzung der Website.<\/p>\n\n<p>Die Art und Weise, wie drone-parts-center.com pers\u00f6nliche Daten \u00fcber diese Website sammelt und verwendet, wird durch die belgische Gesetzgebung geregelt, insbesondere durch das Gesetz vom 8. Dezember 1992 und den K\u00f6niglichen Erlass vom 13. Februar 2001, und ist Gegenstand einer Erkl\u00e4rung an die Kommission f\u00fcr Privatleben.<\/p>\n\n<p>Wenn der Kunde die M\u00f6glichkeit von drone-parts-center.com, seine pers\u00f6nlichen Daten zu verwenden, deaktivieren m\u00f6chte, muss er an die folgende Adresse schreiben:  <\/p>\n\n<ul class=\"wp-block-list\">\n<li>Name: Pim-Consult SRL - Verwaltungsabteilung<\/li>\n\n\n\n<li>Stra\u00dfe und Hausnummer: Rue Albert Einstein 20<\/li>\n\n\n\n<li>Postleitzahl: 1400<\/li>\n\n\n\n<li>Stadt: Nivelles<\/li>\n\n\n\n<li>Land: Belgien<\/li>\n<\/ul>\n\n<h2 class=\"wp-block-heading\" id=\"h-propriete-intellectuelle\">Geistiges Eigentum<\/h2>\n\n<p>Die Gesamtheit der Elemente der Website sowie die zugrunde liegende Technologie bleiben das geistige und ausschlie\u00dfliche Eigentum des Verk\u00e4ufers. Jeder, der diese Elemente verwenden m\u00f6chte, muss vorher die Genehmigung von drone-parts-center.com einholen.<\/p>\n\n<p>Ebenso sind alle Hypertext-Links, die auf die Website verweisen, ohne schriftliche Genehmigung von drone-parts-center.com verboten.<\/p>\n\n<h2 class=\"wp-block-heading\" id=\"h-activites-illegales\">Illegale Aktivit\u00e4ten<\/h2>\n\n<p>Durch die Annahme dieser Allgemeinen Gesch\u00e4ftsbedingungen verpflichten Sie sich, die auf unserer Website drone-parts-center.com gekauften Produkte nicht f\u00fcr illegale oder betr\u00fcgerische Zwecke zu verwenden, einschlie\u00dflich, aber nicht beschr\u00e4nkt auf:<\/p>\n\n<ul class=\"wp-block-list\">\n<li>Nutzung f\u00fcr kriminelle Zwecke wie Geldw\u00e4sche oder Finanzierung von Terrorismus.<\/li>\n\n\n\n<li>Ausnutzung, um die Aktivit\u00e4ten Dritter illegal auszuspionieren oder zu \u00fcberwachen.<\/li>\n\n\n\n<li>Alle anderen kriminellen und verwerflichen Aktivit\u00e4ten.<\/li>\n<\/ul>\n\n<h2 class=\"wp-block-heading\" id=\"h-conformite-en-matiere-d-exportation-et-de-lois-anti-corruption\">Einhaltung von Export- und Anti-Korruptionsgesetzen<\/h2>\n\n<p>Sie m\u00fcssen die Exportgesetze und -bestimmungen der Europ\u00e4ischen Union einhalten. Es ist Ihnen untersagt, die technischen Daten oder Produkte, die Sie von uns oder unseren Tochtergesellschaften gekauft oder erhalten haben, sowie alle Produkte, die direkt aus diesen technischen Daten abgeleitet sind, in ein Land zu exportieren oder zu reexportieren, in dem solche Exporte oder Reexporte von der Europ\u00e4ischen Union verboten sind.<\/p>\n\n<p>Sie m\u00fcssen auch die Bestimmungen aller anwendbaren Anti-Korruptionsgesetze einhalten, einschlie\u00dflich der OECD-Konvention zur Bek\u00e4mpfung der Bestechung ausl\u00e4ndischer Amtstr\u00e4ger (&#8222;OECD&#8220;).<\/p>\n\n<h2 class=\"wp-block-heading\" id=\"h-responsabilite\">Verantwortung<\/h2>\n\n<p>drone-parts-center.com ist beim Online-Verkaufsprozess nur verpflichtet, Mittel zur Verf\u00fcgung zu stellen. Sie kann nicht f\u00fcr Sch\u00e4den haftbar gemacht werden, die aus der Nutzung des Internets resultieren, wie Datenverlust, Eindringen, Viren, Ausfall des Dienstes oder andere unbeabsichtigte Probleme.<\/p>\n\n<p>F\u00fcr alle Bestellungen, die au\u00dferhalb Belgiens versandt werden, gilt der Kunde als Importeur der bestellten Produkte und erf\u00fcllt alle diesbez\u00fcglichen gesetzlichen Verpflichtungen. Es obliegt dem Kunden, die M\u00f6glichkeit der Einfuhr der bestellten Produkte bei den Beh\u00f6rden seines Landes zu \u00fcberpr\u00fcfen.<\/p>\n\n<p>drone-parts-center.com haftet nicht f\u00fcr Fehler des Kunden bei der Angabe der Daten des Empf\u00e4ngers der Bestellung (insbesondere Lieferadresse und Rechnungsadresse) und f\u00fcr Lieferverz\u00f6gerungen oder die Unm\u00f6glichkeit, die bestellten Produkte zu liefern, die durch diese Fehler verursacht werden k\u00f6nnen. <\/p>\n\n<h2 class=\"wp-block-heading\" id=\"h-litige-et-droit-applicable\">Streitigkeiten und anwendbares Recht<\/h2>\n\n<p>Sofern nicht ausdr\u00fccklich und schriftlich zwischen den Parteien anders vereinbart, werden Streitigkeiten \u00fcber die G\u00fcltigkeit, Auslegung oder Erf\u00fcllung dieser Bedingungen den zust\u00e4ndigen Gerichten des Gerichtsbezirks Br\u00fcssel-Hauptstadt vorgelegt.<\/p>\n\n<p>Alle Streitigkeiten, die sich aus oder in Verbindung mit dem Vertrag ergeben, unterliegen dem belgischen Recht.<\/p>\n","protected":false},"excerpt":{"rendered":"<p>Allgemeine Gesch\u00e4ftsbedingungen f\u00fcr den Online-Verkauf Gegenstand des Vertrags Die vorliegenden Allgemeinen Gesch\u00e4ftsbedingungen sollen die vertraglichen Bestimmungen zwischen der Gesellschaft PIM-CONSULT SRL mit Sitz in Rue de l\u2019industrie 20, 1400 Nivelles, Banque carrefour des entreprises 0765 467 085 (nachstehend &#8222;Drone-Parts-Center.com&#8220; genannt). und dem Kunden. Unser Gesch\u00e4ftssitz (f\u00fcr Kontaktaufnahme) ist ): Der Kauf einer Ware \u00fcber die [&#8230;]\n","protected":false},"author":1,"featured_media":94235,"parent":0,"menu_order":0,"comment_status":"closed","ping_status":"closed","template":"","meta":{"_seopress_robots_primary_cat":"","_seopress_titles_title":"Allgemeine Gesch\u00e4ftsbedingungen Drone Parts Center","_seopress_titles_desc":"Lesen Sie unsere Allgemeinen Gesch\u00e4ftsbedingungen f\u00fcr den Kauf von Drohnen, Zubeh\u00f6r oder Dienstleistungen in Belgien und Luxemburg.","_seopress_robots_index":"","_seopress_analysis_target_kw":"Allgemeine Gesch\u00e4ftsbedingungen Drohne","footnotes":""},"class_list":["post-96049","page","type-page","status-publish","has-post-thumbnail","hentry"],"_links":{"self":[{"href":"https:\/\/drone-parts-center.com\/de\/wp-json\/wp\/v2\/pages\/96049","targetHints":{"allow":["GET"]}}],"collection":[{"href":"https:\/\/drone-parts-center.com\/de\/wp-json\/wp\/v2\/pages"}],"about":[{"href":"https:\/\/drone-parts-center.com\/de\/wp-json\/wp\/v2\/types\/page"}],"author":[{"embeddable":true,"href":"https:\/\/drone-parts-center.com\/de\/wp-json\/wp\/v2\/users\/1"}],"replies":[{"embeddable":true,"href":"https:\/\/drone-parts-center.com\/de\/wp-json\/wp\/v2\/comments?post=96049"}],"version-history":[{"count":0,"href":"https:\/\/drone-parts-center.com\/de\/wp-json\/wp\/v2\/pages\/96049\/revisions"}],"wp:featuredmedia":[{"embeddable":true,"href":"https:\/\/drone-parts-center.com\/de\/wp-json\/wp\/v2\/media\/94235"}],"wp:attachment":[{"href":"https:\/\/drone-parts-center.com\/de\/wp-json\/wp\/v2\/media?parent=96049"}],"curies":[{"name":"wp","href":"https:\/\/api.w.org\/{rel}","templated":true}]}}