{"id":95820,"date":"2020-08-11T14:17:17","date_gmt":"2020-08-11T12:17:17","guid":{"rendered":"https:\/\/drone-parts-center.com\/fordern-sie-ein-angebot-fuer-eine-drohne-an\/"},"modified":"2026-03-30T18:59:51","modified_gmt":"2026-03-30T16:59:51","slug":"fordern-sie-ein-angebot-fuer-eine-drohne-an","status":"publish","type":"page","link":"https:\/\/drone-parts-center.com\/de\/fordern-sie-ein-angebot-fuer-eine-drohne-an\/","title":{"rendered":"Fordern Sie ein Angebot f\u00fcr eine Drohne an"},"content":{"rendered":"\n\n  <div class=\"banner has-hover\" id=\"banner-128113142\">\n          <div class=\"banner-inner fill\">\n        <div class=\"banner-bg fill\" >\n                                    <div class=\"overlay\"><\/div>            \n                    <\/div>\n\t\t\n        <div class=\"banner-layers container\">\n            <div class=\"fill banner-link\"><\/div>            \n\n   <div id=\"text-box-263708597\" class=\"text-box banner-layer text-box-circle x50 md-x95 lg-x95 y95 md-y90 lg-y90 res-text\">\n                                <div class=\"text-box-content text box-shadow-3 dark\">\n              \n              <div class=\"text-inner text-center\">\n                  \n\n<h2 class=\"uppercase\"><strong>devis<\/strong><\/h2>\n<h3>UN SERVICE SUR MESURE<\/h3>\n<p>N\u2019h\u00e9sitez pas \u00e0 prendre contact avec nous.<\/p>\n<a href=\"https:\/\/drone-parts-center.com\/de\/anfrage-fuer-ein-angebot\/\" class=\"button success is-gloss box-shadow-3 box-shadow-5-hover lowercase\" style=\"border-radius:5px;\">\n\t\t<span>DEVISE<\/span>\n\t<\/a>\n\n\n\n              <\/div>\n           <\/div>\n                            \n<style>\n#text-box-263708597 .text-box-content {\n  background-color: rgba(0, 0, 0, 0.86);\n  font-size: 100%;\n}\n#text-box-263708597 .text-inner {\n  padding: 30px 30px 30px 30px;\n}\n#text-box-263708597 {\n  width: 60%;\n}\n@media (min-width:550px) {\n  #text-box-263708597 {\n    width: 32%;\n  }\n}\n<\/style>\n    <\/div>\n \n\n        <\/div>\n      <\/div>\n\n            \n<style>\n#banner-128113142 {\n  padding-top: 410px;\n}\n#banner-128113142 .overlay {\n  background-color: rgba(0, 0, 0, 0.2);\n}\n<\/style>\n  <\/div>\n\n\n<div class=\"is-divider divider clearfix\" style=\"height:0px;\"><\/div>\n\n<h3><\/h3>\n\n\n<p>Wir beantworten Ihre Anfragen gerne telefonisch unter +32 67 88 37 37 zwischen 10.00 und 18.00 Uhr an allen Tagen der Woche. Wir sprechen Franz\u00f6sisch und Englisch.  <\/p>\n\n<p>Sie k\u00f6nnen uns auch eine E-Mail an sales@drone-parts-center.com schicken.<\/p>\n\n<p>Wenn wir nicht antworten, sind wir mit einem anderen Kunden besch\u00e4ftigt und widmen ihm unsere volle Aufmerksamkeit.  <\/p>\n\n<h3 class=\"wp-block-heading\" id=\"h-\"><\/h3>\n\n<p>Geben Sie Ihre Bed\u00fcrfnisse und die ben\u00f6tigten Produkte an oder schildern Sie uns Ihr Projekt, damit wir Sie \u00fcber das am besten geeignete Material beraten k\u00f6nnen.<\/p>\n\n<h3 class=\"wp-block-heading\" id=\"h-\"><\/h3>\n\n<h2 class=\"wp-block-heading\" id=\"h-vous-etes-une-administration-vous-souhaitez-payer-par-bon-de-commande\">Sie sind eine Beh\u00f6rde und m\u00f6chten per Bestellschein bezahlen?<\/h2>\n\n<h3 class=\"wp-block-heading\" id=\"h-\"><\/h3>\n\n<p>Fordern Sie \u00fcber die Schaltfl\u00e4che oben ein Angebot an und geben Sie an, dass Sie per Bestellung bezahlen m\u00f6chten. Wir werden Ihnen Ihren Kostenvoranschlag innerhalb eines Arbeitstages zusenden.  <\/p>\n\n<p>Bitte beachten Sie, dass nur \u00f6ffentliche Verwaltungen und Institutionen von einer Zahlung per Bestellschein profitieren k\u00f6nnen.<\/p>\n","protected":false},"excerpt":{"rendered":"<p>Wir beantworten Ihre Anfragen gerne telefonisch unter +32 67 88 37 37 zwischen 10.00 und 18.00 Uhr an allen Tagen der Woche. Wir sprechen Franz\u00f6sisch und Englisch. Sie k\u00f6nnen uns auch eine E-Mail an sales@drone-parts-center.com schicken. Wenn wir nicht antworten, sind wir mit einem anderen Kunden besch\u00e4ftigt und widmen ihm unsere volle Aufmerksamkeit. Geben Sie [&#8230;]\n","protected":false},"author":1,"featured_media":0,"parent":0,"menu_order":0,"comment_status":"closed","ping_status":"closed","template":"","meta":{"_seopress_robots_primary_cat":"","_seopress_titles_title":"Haben Sie ein Projekt im Sinn? Fordern Sie ein Angebot f\u00fcr eine Drohne an! %%page%% %%sep%% %%sitename%%%","_seopress_titles_desc":"Rufen Sie uns an unter +32 67 88 37 37 oder fordern Sie online ein Angebot f\u00fcr eine Drohne an, um das f\u00fcr Ihre Bed\u00fcrfnisse am besten geeignete Ger\u00e4t zu finden.","_seopress_robots_index":"","footnotes":""},"class_list":["post-95820","page","type-page","status-publish","hentry"],"_links":{"self":[{"href":"https:\/\/drone-parts-center.com\/de\/wp-json\/wp\/v2\/pages\/95820","targetHints":{"allow":["GET"]}}],"collection":[{"href":"https:\/\/drone-parts-center.com\/de\/wp-json\/wp\/v2\/pages"}],"about":[{"href":"https:\/\/drone-parts-center.com\/de\/wp-json\/wp\/v2\/types\/page"}],"author":[{"embeddable":true,"href":"https:\/\/drone-parts-center.com\/de\/wp-json\/wp\/v2\/users\/1"}],"replies":[{"embeddable":true,"href":"https:\/\/drone-parts-center.com\/de\/wp-json\/wp\/v2\/comments?post=95820"}],"version-history":[{"count":0,"href":"https:\/\/drone-parts-center.com\/de\/wp-json\/wp\/v2\/pages\/95820\/revisions"}],"wp:attachment":[{"href":"https:\/\/drone-parts-center.com\/de\/wp-json\/wp\/v2\/media?parent=95820"}],"curies":[{"name":"wp","href":"https:\/\/api.w.org\/{rel}","templated":true}]}}