{"id":95804,"date":"2023-08-10T16:00:22","date_gmt":"2023-08-10T14:00:22","guid":{"rendered":"https:\/\/drone-parts-center.com\/inzahlungnahme-ihrer-alten-drohne\/"},"modified":"2026-03-29T09:52:31","modified_gmt":"2026-03-29T07:52:31","slug":"inzahlungnahme-ihrer-alten-drohne","status":"publish","type":"page","link":"https:\/\/drone-parts-center.com\/de\/inzahlungnahme-ihrer-alten-drohne\/","title":{"rendered":"Inzahlungnahme Ihrer alten Drohne"},"content":{"rendered":"<h1>Inzahlungnahme Ihrer alten Drohne<\/h1>\n\n<div class=\"slider-wrapper relative\" id=\"slider-1858171285\" >\n    <div class=\"slider slider-nav-circle slider-nav-large slider-nav-light slider-style-normal\"\n        data-flickity-options='{\n            \"cellAlign\": \"center\",\n            \"imagesLoaded\": true,\n            \"lazyLoad\": 1,\n            \"freeScroll\": false,\n            \"wrapAround\": true,\n            \"autoPlay\": 6000,\n            \"pauseAutoPlayOnHover\" : true,\n            \"prevNextButtons\": true,\n            \"contain\" : true,\n            \"adaptiveHeight\" : true,\n            \"dragThreshold\" : 10,\n            \"percentPosition\": true,\n            \"pageDots\": true,\n            \"rightToLeft\": false,\n            \"draggable\": true,\n            \"selectedAttraction\": 0.1,\n            \"parallax\" : 0,\n            \"friction\": 0.6        }'\n        >\n        \n\n\n  <div class=\"banner has-hover\" id=\"banner-1568038419\">\n          <div class=\"banner-inner fill\">\n        <div class=\"banner-bg fill\" >\n            <img loading=\"lazy\" decoding=\"async\" width=\"2400\" height=\"1200\" src=\"https:\/\/drone-parts-center.com\/wp-content\/uploads\/2025\/02\/77dd970820e9e717f3f0c659576ae471.jpg\" class=\"bg attachment-original size-original\" alt=\"Ein Mann bedient einen Laptop neben zwei fortgeschrittenen Drohnen auf einem Holztisch.\" \/>                                    \n                    <\/div>\n\t\t\n        <div class=\"banner-layers container\">\n            <div class=\"fill banner-link\"><\/div>            \n\n   <div id=\"text-box-1888619408\" class=\"text-box banner-layer x5 md-x5 lg-x5 y95 md-y50 lg-y50 res-text\">\n                                <div class=\"text-box-content text box-shadow-1\">\n              \n              <div class=\"text-inner text-left\">\n                  \n\n<h6>Inzahlungnahme Ihrer Drohne zum besten Preis<\/h6>\n<h3 class=\"uppercase\">Wir nehmen Ihre alte Drohne zur\u00fcck<\/h3>\n<p>F\u00fcr den Beruf? Sie haben eine alte Drohne, die Sie verkaufen m\u00f6chten, um eine neue zu bekommen? Kein Problem, wir nehmen Ihre Drohne zum besten Preis als Abzug beim Kauf eines neuen Modells in Zahlung.  <\/p>\n<p><em>Dieses Angebot gilt nur f\u00fcr Belgien.<\/em><\/p>\n<a href=\"#contact\" class=\"button primary is-gradient\" >\n\t\t<span>einen Termin vereinbaren<\/span>\n\t<\/a>\n\n\n\n              <\/div>\n           <\/div>\n                            \n<style>\n#text-box-1888619408 .text-box-content {\n  background-color: rgba(255, 255, 255, 0.94);\n  font-size: 100%;\n}\n#text-box-1888619408 .text-inner {\n  padding: 30px 30px 30px 30px;\n}\n#text-box-1888619408 {\n  width: 90%;\n}\n@media (min-width:550px) {\n  #text-box-1888619408 {\n    width: 44%;\n  }\n}\n<\/style>\n    <\/div>\n \n\n        <\/div>\n      <\/div>\n\n            \n<style>\n#banner-1568038419 {\n  padding-top: 637px;\n}\n#banner-1568038419 .banner-bg img {\n  object-position: 62% 60%;\n}\n<\/style>\n  <\/div>\n\n\n\n     <\/div>\n\n     <div class=\"loading-spin dark large centered\"><\/div>\n\n\t<\/div>\n\n\n\n\t<section class=\"section\" id=\"section_258258680\">\n\t\t<div class=\"section-bg fill\" >\n\t\t\t\t\t\t\t\t\t\n\t\t\t\n\n\t\t<\/div>\n\n\t\t\n\n\t\t<div class=\"section-content relative\">\n\t\t\t\n\n<div class=\"row row-large align-center row-divided\"  id=\"row-2111030129\">\n\n\n\t<div id=\"col-1786865524\" class=\"col medium-4 large-4\"  >\n\t\t\t\t<div class=\"col-inner\"  >\n\t\t\t\n\t\t\t\n\n\n\t\t<div class=\"icon-box featured-box icon-box-center text-center\"  style=\"margin:0px 0px 0px 0px;\">\n\t\t\t\t\t<div class=\"icon-box-img\" style=\"width: 95px\">\n\t\t\t\t<div class=\"icon\">\n\t\t\t\t\t<div class=\"icon-inner\" >\n\t\t\t\t\t\t<img loading=\"lazy\" decoding=\"async\" width=\"512\" height=\"512\" src=\"https:\/\/drone-parts-center.com\/wp-content\/uploads\/2025\/02\/chercher.png\" class=\"attachment-medium size-medium\" alt=\"Symbol, das ein Dokument mit einer Lupe darstellt, um die Suche zu symbolisieren.\" srcset=\"https:\/\/drone-parts-center.com\/wp-content\/uploads\/2025\/02\/chercher.png 512w, https:\/\/drone-parts-center.com\/wp-content\/uploads\/2025\/02\/chercher-247x247.png 247w, https:\/\/drone-parts-center.com\/wp-content\/uploads\/2025\/02\/chercher-100x100.png 100w, https:\/\/drone-parts-center.com\/wp-content\/uploads\/2025\/02\/chercher-510x510.png 510w, https:\/\/drone-parts-center.com\/wp-content\/uploads\/2025\/02\/chercher-280x280.png 280w\" sizes=\"auto, (max-width: 512px) 100vw, 512px\" \/>\t\t\t\t\t<\/div>\n\t\t\t\t<\/div>\n\t\t\t<\/div>\n\t\t\t\t<div class=\"icon-box-text last-reset\">\n\t\t\t<h5 class=\"uppercase\">Diagnose<\/h5>\t\t\t\t\t\t\n\n<p>In einer Filiale in Nivelles analysieren wir den Zustand Ihres Ger\u00e4ts, um seinen Gesundheitszustand zu bestimmen.<\/p>\n\n\t\t<\/div>\n\t<\/div>\n\t\n\t\n\n\t\t<\/div>\n\t\t\t\t\t<\/div>\n\n\t\n\n\t<div id=\"col-591477234\" class=\"col medium-4 large-4\"  >\n\t\t\t\t<div class=\"col-inner\"  >\n\t\t\t\n\t\t\t\n\n\n\t\t<div class=\"icon-box featured-box icon-box-center text-center\"  style=\"margin:0px 0px 0px 0px;\">\n\t\t\t\t\t<div class=\"icon-box-img\" style=\"width: 95px\">\n\t\t\t\t<div class=\"icon\">\n\t\t\t\t\t<div class=\"icon-inner\" >\n\t\t\t\t\t\t<img loading=\"lazy\" decoding=\"async\" width=\"512\" height=\"512\" src=\"https:\/\/drone-parts-center.com\/wp-content\/uploads\/2025\/02\/euro.png\" class=\"attachment-medium size-medium\" alt=\"Das Euro-Symbol wird in einem schwarzen Kreis auf transparentem Hintergrund dargestellt.\" srcset=\"https:\/\/drone-parts-center.com\/wp-content\/uploads\/2025\/02\/euro.png 512w, https:\/\/drone-parts-center.com\/wp-content\/uploads\/2025\/02\/euro-247x247.png 247w, https:\/\/drone-parts-center.com\/wp-content\/uploads\/2025\/02\/euro-100x100.png 100w, https:\/\/drone-parts-center.com\/wp-content\/uploads\/2025\/02\/euro-510x510.png 510w, https:\/\/drone-parts-center.com\/wp-content\/uploads\/2025\/02\/euro-280x280.png 280w\" sizes=\"auto, (max-width: 512px) 100vw, 512px\" \/>\t\t\t\t\t<\/div>\n\t\t\t\t<\/div>\n\t\t\t<\/div>\n\t\t\t\t<div class=\"icon-box-text last-reset\">\n\t\t\t<h5 class=\"uppercase\">Preis<\/h5>\t\t\t\t\t\t\n\n<p>Nach der Diagnose bieten Ihnen unsere Experten einen m\u00f6glichst fairen Trade-In-Preis an.<\/p>\n\n\t\t<\/div>\n\t<\/div>\n\t\n\t\n\n\t\t<\/div>\n\t\t\t\t\t<\/div>\n\n\t\n\n\t<div id=\"col-453571985\" class=\"col medium-4 large-4\"  >\n\t\t\t\t<div class=\"col-inner\"  >\n\t\t\t\n\t\t\t\n\n\n\t\t<div class=\"icon-box featured-box icon-box-center text-center\"  style=\"margin:0px 0px 0px 0px;\">\n\t\t\t\t\t<div class=\"icon-box-img\" style=\"width: 95px\">\n\t\t\t\t<div class=\"icon\">\n\t\t\t\t\t<div class=\"icon-inner\" >\n\t\t\t\t\t\t<img loading=\"lazy\" decoding=\"async\" width=\"512\" height=\"512\" src=\"https:\/\/drone-parts-center.com\/wp-content\/uploads\/2025\/02\/poubelle.png\" class=\"attachment-medium size-medium\" alt=\"Symbol eines M\u00fclleimers mit einem Recycling-Symbol in Schwarz auf transparentem Hintergrund.\" srcset=\"https:\/\/drone-parts-center.com\/wp-content\/uploads\/2025\/02\/poubelle.png 512w, https:\/\/drone-parts-center.com\/wp-content\/uploads\/2025\/02\/poubelle-247x247.png 247w, https:\/\/drone-parts-center.com\/wp-content\/uploads\/2025\/02\/poubelle-100x100.png 100w, https:\/\/drone-parts-center.com\/wp-content\/uploads\/2025\/02\/poubelle-510x510.png 510w, https:\/\/drone-parts-center.com\/wp-content\/uploads\/2025\/02\/poubelle-280x280.png 280w\" sizes=\"auto, (max-width: 512px) 100vw, 512px\" \/>\t\t\t\t\t<\/div>\n\t\t\t\t<\/div>\n\t\t\t<\/div>\n\t\t\t\t<div class=\"icon-box-text last-reset\">\n\t\t\t<h5 class=\"uppercase\">Recycling<\/h5>\t\t\t\t\t\t\n\n<p>Je nach Zustand wird sie in Teilen zerlegt oder als gebrauchte Drohne \u00fcber unser Netzwerk weiterverkauft.<\/p>\n\n\t\t<\/div>\n\t<\/div>\n\t\n\t\n\n\t\t<\/div>\n\t\t\t\t\t<\/div>\n\n\t\n\n<\/div>\n\n\t\t<\/div>\n\n\t\t\n<style>\n#section_258258680 {\n  padding-top: 30px;\n  padding-bottom: 30px;\n  background-color: rgb(255, 255, 255);\n}\n<\/style>\n\t<\/section>\n\t\n\n\t<section class=\"section\" id=\"section_1981319254\">\n\t\t<div class=\"section-bg fill\" >\n\t\t\t\t\t\t\t\t\t<div class=\"section-bg-overlay absolute fill\"><\/div>\n\t\t\t\n\t<div class=\"is-border\"\n\t\tstyle=\"border-width:1px 0px 1px 0px;\">\n\t<\/div>\n\n\t\t<\/div>\n\n\t\t\n\n\t\t<div class=\"section-content relative\">\n\t\t\t\n\n<div class=\"row row-large align-middle\"  id=\"row-245202204\">\n\n\n\t<div id=\"col-611902017\" class=\"col medium-6 small-12 large-6\"  >\n\t\t\t\t<div class=\"col-inner\"  >\n\t\t\t\n\t\t\t\n\n\t<div class=\"img has-hover x md-x lg-x y md-y lg-y\" id=\"image_49889872\">\n\t\t\t\t\t\t\t\t<div class=\"img-inner box-shadow-2 dark\" >\n\t\t\t\t\t\t\t\t\t\n\t\t\t\t\t<\/div>\n\t\t\t\t\t\t\t\t\n<style>\n#image_49889872 {\n  width: 100%;\n}\n<\/style>\n\t<\/div>\n\t\n\n\t<div class=\"img has-hover x md-x lg-x y md-y lg-y\" id=\"image_1755094070\">\n\t\t\t\t\t\t\t\t<div class=\"img-inner dark\" >\n\t\t\t<img loading=\"lazy\" decoding=\"async\" width=\"1020\" height=\"361\" src=\"https:\/\/drone-parts-center.com\/wp-content\/uploads\/2023\/11\/mavic-3-multispectral-1400x495.png\" class=\"attachment-large size-large\" alt=\"\u00dcbernahme einer professionellen Drohne\" srcset=\"https:\/\/drone-parts-center.com\/wp-content\/uploads\/2023\/11\/mavic-3-multispectral-1400x495.png 1400w, https:\/\/drone-parts-center.com\/wp-content\/uploads\/2023\/11\/mavic-3-multispectral-800x283.png 800w, https:\/\/drone-parts-center.com\/wp-content\/uploads\/2023\/11\/mavic-3-multispectral-768x272.png 768w, https:\/\/drone-parts-center.com\/wp-content\/uploads\/2023\/11\/mavic-3-multispectral-1536x544.png 1536w, https:\/\/drone-parts-center.com\/wp-content\/uploads\/2023\/11\/mavic-3-multispectral-510x180.png 510w, https:\/\/drone-parts-center.com\/wp-content\/uploads\/2023\/11\/mavic-3-multispectral.png 1653w\" sizes=\"auto, (max-width: 1020px) 100vw, 1020px\" \/>\t\t\t\t\t\t\n\t\t\t\t\t<\/div>\n\t\t\t\t\t\t\t\t\n<style>\n#image_1755094070 {\n  width: 100%;\n}\n<\/style>\n\t<\/div>\n\t\n\n\n\t\t<\/div>\n\t\t\t\t\t<\/div>\n\n\t\n\n\t<div id=\"col-819854862\" class=\"col medium-6 small-12 large-6\"  >\n\t\t\t\t<div class=\"col-inner text-left\"  >\n\t\t\t\n\t\t\t\n\n<h2 class=\"uppercase\">Sind Sie ein Profi?<\/h2>\n<p>Wenn Sie eine neuere Drohne erwerben m\u00f6chten, nehmen wir Ihre alte professionelle Drohne zum besten Preis zur\u00fcck.  <\/p>\n<a href=\"#contact\" class=\"button primary\" >\n\t\t<span>Ich m\u00f6chte meine Drohne verkaufen<\/span>\n\t<\/a>\n\n\n\n\t\t<\/div>\n\t\t\t\t\t<\/div>\n\n\t\n\n<\/div>\n\n\t\t<\/div>\n\n\t\t\n<style>\n#section_1981319254 {\n  padding-top: 60px;\n  padding-bottom: 60px;\n  background-color: rgb(193, 193, 193);\n}\n#section_1981319254 .section-bg-overlay {\n  background-color: rgba(255, 255, 255, 0.85);\n}\n<\/style>\n\t<\/section>\n\t\n<span class=\"scroll-to\" data-label=\"Scroll to: #kontakt\" data-bullet=\"false\" data-link=\"#kontakt\" data-title=\"Kontakt\"><a name=\"kontakt\"><\/a><\/span>\n\n\n\t<section class=\"section\" id=\"section_1237710137\">\n\t\t<div class=\"section-bg fill\" >\n\t\t\t\t\t\t\t\t\t<div class=\"section-bg-overlay absolute fill\"><\/div>\n\t\t\t\n\n\t\t<\/div>\n\n\t\t\n\n\t\t<div class=\"section-content relative\">\n\t\t\t\n\n<div class=\"row row-large align-middle align-center\"  id=\"row-2016074676\">\n\n\n\t<div id=\"col-1711991916\" class=\"col medium-7 small-12 large-7\"  >\n\t\t\t\t<div class=\"col-inner\"  >\n\t\t\t\n\t\t\t\n\n\t<div id=\"text-2558214895\" class=\"text\">\n\t\t\n\n<h2 class=\"uppercase\">Bitten Sie um einen Termin<\/h2>\n<p>F\u00fcllen Sie das Formular gleich hier aus, um einen Termin anzufordern. Einer unserer Experten wird sich mit Ihnen in Verbindung setzen, um das Datum und die Uhrzeit des Termins zu best\u00e4tigen. <\/p>\n<p><span style=\"font-size: 120%;\"><em>Dieses Angebot gilt nur f\u00fcr <strong>Belgien<\/strong>.<\/em><\/span><\/p>\n\t\t\n<style>\n#text-2558214895 {\n  text-align: center;\n}\n<\/style>\n\t<\/div>\n\t\n\n<div class=\"wpcf7 no-js\" id=\"wpcf7-f96766-o1\" lang=\"de-DE\" dir=\"ltr\" data-wpcf7-id=\"96766\">\n<div class=\"screen-reader-response\"><p role=\"status\" aria-live=\"polite\" aria-atomic=\"true\"><\/p> <ul><\/ul><\/div>\n<form action=\"\/de\/wp-json\/wp\/v2\/pages\/95804#wpcf7-f96766-o1\" method=\"post\" class=\"wpcf7-form init\" aria-label=\"Kontaktformular\" novalidate=\"novalidate\" data-status=\"init\">\n<fieldset class=\"hidden-fields-container\"><input type=\"hidden\" name=\"_wpcf7\" value=\"96766\" \/><input type=\"hidden\" name=\"_wpcf7_version\" value=\"6.1.5\" \/><input type=\"hidden\" name=\"_wpcf7_locale\" value=\"de_DE\" \/><input type=\"hidden\" name=\"_wpcf7_unit_tag\" value=\"wpcf7-f96766-o1\" \/><input type=\"hidden\" name=\"_wpcf7_container_post\" value=\"0\" \/><input type=\"hidden\" name=\"_wpcf7_posted_data_hash\" value=\"\" \/><input type=\"hidden\" name=\"_wpcf7_recaptcha_response\" value=\"\" \/>\n<\/fieldset>\n<p>Ihr vollst\u00e4ndiger Name*<br \/>\n<span class=\"wpcf7-form-control-wrap\" data-name=\"your-name\"><input size=\"40\" maxlength=\"400\" class=\"wpcf7-form-control wpcf7-text wpcf7-validates-as-required\" aria-required=\"true\" aria-invalid=\"false\" value=\"\" type=\"text\" name=\"your-name\" \/><\/span>\n<\/p>\n<p>Ihre E-Mail-Adresse*<br \/>\n<span class=\"wpcf7-form-control-wrap\" data-name=\"your-email\"><input size=\"40\" maxlength=\"400\" class=\"wpcf7-form-control wpcf7-email wpcf7-validates-as-required wpcf7-text wpcf7-validates-as-email\" aria-required=\"true\" aria-invalid=\"false\" value=\"\" type=\"email\" name=\"your-email\" \/><\/span>\n<\/p>\n<p>Ihre Telefonnummer*<br \/>\n<span class=\"wpcf7-form-control-wrap\" data-name=\"Tlphone\"><input size=\"40\" maxlength=\"400\" class=\"wpcf7-form-control wpcf7-tel wpcf7-validates-as-required wpcf7-text wpcf7-validates-as-tel\" aria-required=\"true\" aria-invalid=\"false\" value=\"\" type=\"tel\" name=\"Tlphone\" \/><\/span>\n<\/p>\n<p>W\u00e4hlen Sie das Datum des Termins, Montag bis Freitag, mindestens 36 Stunden im Voraus*<br \/>\n<span class=\"wpcf7-form-control-wrap\" data-name=\"date\"><input class=\"wpcf7-form-control wpcf7-date wpcf7-validates-as-required wpcf7-validates-as-date\" aria-required=\"true\" aria-invalid=\"false\" value=\"W\u00e4hlen Sie das Datum des Termins\" type=\"date\" name=\"date\" \/><\/span>\n<\/p>\n<p>W\u00e4hlen Sie die Uhrzeit des Termins*<br \/>\n<span class=\"wpcf7-form-control-wrap\" data-name=\"Uhrzeit\"><select class=\"wpcf7-form-control wpcf7-select wpcf7-validates-as-required\" aria-required=\"true\" aria-invalid=\"false\" name=\"Uhrzeit\"><option value=\"11:00\">11:00<\/option><option value=\"11:30\">11:30<\/option><option value=\"14:00\">14:00<\/option><option value=\"14:30\">14:30<\/option><option value=\"15:00\">15:00<\/option><option value=\"15:30\">15:30<\/option><option value=\"16:00\">16:00<\/option><option value=\"16:30\">16:30<\/option><option value=\"17:00\">17:00<\/option><option value=\"17:30\">17:30<\/option><\/select><\/span>\n<\/p>\n<p>An welcher neuen Pro-Drohne sind Sie interessiert?<br \/>\n<span class=\"wpcf7-form-control-wrap\" data-name=\"nouveau-drone\"><input size=\"40\" maxlength=\"400\" class=\"wpcf7-form-control wpcf7-text wpcf7-validates-as-required\" aria-required=\"true\" aria-invalid=\"false\" value=\"\" type=\"text\" name=\"nouveau-drone\" \/><\/span>\n<\/p>\n<p>Welches Modell der Profi-Drohne soll \u00fcbernommen werden?<br \/>\n<span class=\"wpcf7-form-control-wrap\" data-name=\"modele-drone\"><input size=\"40\" maxlength=\"400\" class=\"wpcf7-form-control wpcf7-text wpcf7-validates-as-required\" aria-required=\"true\" aria-invalid=\"false\" value=\"\" type=\"text\" name=\"modele-drone\" \/><\/span>\n<\/p>\n<p>Wie ist der Status der Drohne?<br \/>\n<span class=\"wpcf7-form-control-wrap\" data-name=\"etat\"><span class=\"wpcf7-form-control wpcf7-radio\"><span class=\"wpcf7-list-item first\"><label><input type=\"radio\" name=\"etat\" value=\"Die Drohne funktioniert einwandfrei\" checked=\"checked\" \/><span class=\"wpcf7-list-item-label\">Die Drohne funktioniert einwandfrei<\/span><\/label><\/span><span class=\"wpcf7-list-item\"><label><input type=\"radio\" name=\"etat\" value=\"Die Drohne funktioniert nicht mehr\" \/><span class=\"wpcf7-list-item-label\">Die Drohne funktioniert nicht mehr<\/span><\/label><\/span><span class=\"wpcf7-list-item last\"><label><input type=\"radio\" name=\"etat\" value=\"Es sind Reparaturen zu erwarten.\" \/><span class=\"wpcf7-list-item-label\">Es sind Reparaturen zu erwarten.<\/span><\/label><\/span><\/span><\/span>\n<\/p>\n<p><span class=\"wpcf7-form-control-wrap\" data-name=\"acceptance-28\"><span class=\"wpcf7-form-control wpcf7-acceptance\"><span class=\"wpcf7-list-item\"><label><input type=\"checkbox\" name=\"acceptance-28\" value=\"1\" aria-invalid=\"false\" \/><span class=\"wpcf7-list-item-label\">Ich habe verstanden, dass dieses Angebot nur f\u00fcr Belgien und Luxemburg gilt.<\/span><\/label><\/span><\/span><\/span>\n<\/p>\n<p><input class=\"wpcf7-form-control wpcf7-submit has-spinner\" type=\"submit\" value=\"Meinen Termin beantragen\" \/>\n<\/p><div class=\"wpcf7-response-output\" aria-hidden=\"true\"><\/div>\n<\/form>\n<\/div>\n\n\n\n\t\t<\/div>\n\t\t\t\t\t<\/div>\n\n\t\n\n<\/div>\n\n\t\t<\/div>\n\n\t\t\n<style>\n#section_1237710137 {\n  padding-top: 60px;\n  padding-bottom: 60px;\n  background-color: rgb(255, 255, 255);\n}\n#section_1237710137 .section-bg-overlay {\n  background-color: rgba(255, 255, 255, 0.85);\n}\n<\/style>\n\t<\/section>\n\t\n<div class=\"message-box relative dark\" style=\"padding-top:36px;padding-bottom:36px;\"><div class=\"message-box-bg-image bg-fill fill\" ><\/div><div class=\"message-box-bg-overlay bg-fill fill\" style=\"background-color:rgb(74, 74, 74);\"><\/div><div class=\"container relative\"><div class=\"inner last-reset\">\n\n<div class=\"row align-middle\"  id=\"row-1712768354\">\n\n\n\t<div id=\"col-947001904\" class=\"col medium-7 small-12 large-7\"  >\n\t\t\t\t<div class=\"col-inner\"  >\n\t\t\t\n\t\t\t\n\n<h2 class=\"uppercase\">M\u00f6chten Sie uns lieber anrufen?<\/h2>\n<p>Z\u00f6gern Sie nicht, uns anzurufen, einer unserer Experten wird direkt in unserem Gesch\u00e4ft in Nivelles einen Termin vereinbaren<\/p>\n\n\t\t<\/div>\n\t\t\t\t\t<\/div>\n\n\t\n\n\t<div id=\"col-1648316487\" class=\"col medium-5 small-12 large-5\"  >\n\t\t\t\t<div class=\"col-inner text-right\"  >\n\t\t\t\n\t\t\t\n\n<a data-animate=\"flipInY\" href=\"tel:+3267883737\" class=\"button white is-outline is-larger\" >\n\t\t<span>+32 67 88 37 37<\/span>\n\t<\/a>\n\n\n\n\t\t<\/div>\n\t\t\t\t\t<\/div>\n\n\t\n\n<\/div>\n\n<\/div><\/div><\/div>\n\n","protected":false},"excerpt":{"rendered":"<p>Inzahlungnahme Ihrer alten Drohne<\/p>\n","protected":false},"author":1,"featured_media":0,"parent":0,"menu_order":0,"comment_status":"closed","ping_status":"closed","template":"page-blank.php","meta":{"_seopress_robots_primary_cat":"","_seopress_titles_title":"\u00dcbernahme professioneller Drohnen - Belgien & Luxemburg","_seopress_titles_desc":"Werten Sie Ihre alte C2- oder C3-zertifizierte Drohne mit unserem R\u00fccknahmeangebot auf, das nur f\u00fcr professionelle Anwender in den Benelux-L\u00e4ndern gilt.","_seopress_robots_index":"","_seopress_analysis_target_kw":"\u00dcbernahme einer professionellen Drohne","footnotes":""},"class_list":["post-95804","page","type-page","status-publish","hentry"],"_links":{"self":[{"href":"https:\/\/drone-parts-center.com\/de\/wp-json\/wp\/v2\/pages\/95804","targetHints":{"allow":["GET"]}}],"collection":[{"href":"https:\/\/drone-parts-center.com\/de\/wp-json\/wp\/v2\/pages"}],"about":[{"href":"https:\/\/drone-parts-center.com\/de\/wp-json\/wp\/v2\/types\/page"}],"author":[{"embeddable":true,"href":"https:\/\/drone-parts-center.com\/de\/wp-json\/wp\/v2\/users\/1"}],"replies":[{"embeddable":true,"href":"https:\/\/drone-parts-center.com\/de\/wp-json\/wp\/v2\/comments?post=95804"}],"version-history":[{"count":0,"href":"https:\/\/drone-parts-center.com\/de\/wp-json\/wp\/v2\/pages\/95804\/revisions"}],"wp:attachment":[{"href":"https:\/\/drone-parts-center.com\/de\/wp-json\/wp\/v2\/media?parent=95804"}],"curies":[{"name":"wp","href":"https:\/\/api.w.org\/{rel}","templated":true}]}}